{"id":767369,"date":"2025-08-28T12:45:18","date_gmt":"2025-08-28T09:45:18","guid":{"rendered":"https:\/\/roveyayinevi.com.tr\/index.php\/urun\/mitolojik-oykuler\/"},"modified":"2026-04-15T03:33:21","modified_gmt":"2026-04-15T00:33:21","slug":"mitolojik-oykuler","status":"publish","type":"product","link":"https:\/\/roveyayinevi.com.tr\/index.php\/urun\/mitolojik-oykuler\/","title":{"rendered":"Mitolojik \u00d6yk\u00fcler"},"content":{"rendered":"<p>\u201cB\u00f6ylesi bir rit\u00fcelin bir bedeli vard\u0131. Fakat \u015faman iyi bilirdi ki \u00f6l\u00fcm korkusunu yenmenin en etkili yolu, \u00f6lmekti. \u0130\u00e7meden \u00f6nce k\u00e2sedeki s\u0131v\u0131n\u0131n i\u00e7ine bakt\u0131 ve orada kendi yans\u0131mas\u0131yla g\u00f6z g\u00f6ze geldi.\u201d \u201cBoynuzlar\u0131m\u0131n k\u0131r\u0131lan par\u00e7alar\u0131 arkama d\u00fc\u015f\u00fcyordu. R\u00fczg\u00e2r aralar\u0131ndan \u0131sl\u0131k \u00e7alarak ge\u00e7iyordu. Y\u00fcre\u011fimde ise bir pan fl\u00fct yeni bir \u015fark\u0131n\u0131n notalar\u0131na ba\u015fl\u0131yordu.\u201d, Hayat\u0131n hi\u00e7 de\u011fi\u015fmeyen ham ger\u00e7eklerini kadim zamanlardan g\u00fcn\u00fcm\u00fcze ta\u015f\u0131yan mitler ve efsaneler, bize insan ruhunun t\u00fcm y\u00fczlerini oldu\u011fu gibi g\u00f6sterir. Onlar insanl\u0131k kadar eski, insan do\u011fas\u0131n\u0131n gerektirdikleri kadar elzemdir. T\u0131pk\u0131 hik\u00e2ye anlat\u0131c\u0131l\u0131\u011f\u0131 gibi\u2026 2024\u2019te birincisi d\u00fczenlenen Gane\u015fa Mitolojik \u00d6yk\u00fc Yar\u0131\u015fmas\u0131\u2019n\u0131n sonucunda finale kalan eserlerin topland\u0131\u011f\u0131 bu kitap, insanl\u0131\u011fa dair bu iki olguyu farkl\u0131 a\u00e7\u0131lar\u0131yla beraber bir araya getiriyor: Mitoloji ve \u00f6yk\u00fcler. Her birinde kendinizden bir \u015feyler bulaca\u011f\u0131n\u0131z on iki \u00f6yk\u00fc Yunan-Roma, S\u00fcmer, Maya-Aztek ve T\u00fcrk mitolojilerinden izler ta\u015f\u0131yor.<\/p>\n","protected":false},"excerpt":{"rendered":"<p>\u201cB\u00f6ylesi bir rit\u00fcelin bir bedeli vard\u0131. Fakat \u015faman iyi bilirdi ki \u00f6l\u00fcm korkusunu yenmenin en etkili yolu, \u00f6lmekti. \u0130\u00e7meden \u00f6nce k\u00e2sedeki s\u0131v\u0131n\u0131n i\u00e7ine bakt\u0131 ve orada<span class=\"excerpt-hellip\"> [\u2026]<\/span><\/p>\n","protected":false},"featured_media":0,"template":"","meta":{"_monsterinsights_skip_tracking":false,"_monsterinsights_sitenote_active":false,"_monsterinsights_sitenote_note":"","_monsterinsights_sitenote_category":0},"product_brand":[],"product_cat":[12291,14777],"product_tag":[],"class_list":{"0":"post-767369","1":"product","2":"type-product","3":"status-publish","5":"product_cat-edebiyat","6":"product_cat-fantastik","7":"pa_cilt-ciltsiz","8":"pa_tur-kitap","9":"pa_yayinevi-ganesa-yayinevi","10":"pa_yazar-muzeyyen-ozden-atasagun-celik","12":"first","13":"instock","14":"sale","15":"shipping-taxable","16":"purchasable","17":"product-type-simple"},"_links":{"self":[{"href":"https:\/\/roveyayinevi.com.tr\/index.php\/wp-json\/wp\/v2\/product\/767369","targetHints":{"allow":["GET"]}}],"collection":[{"href":"https:\/\/roveyayinevi.com.tr\/index.php\/wp-json\/wp\/v2\/product"}],"about":[{"href":"https:\/\/roveyayinevi.com.tr\/index.php\/wp-json\/wp\/v2\/types\/product"}],"wp:attachment":[{"href":"https:\/\/roveyayinevi.com.tr\/index.php\/wp-json\/wp\/v2\/media?parent=767369"}],"wp:term":[{"taxonomy":"product_brand","embeddable":true,"href":"https:\/\/roveyayinevi.com.tr\/index.php\/wp-json\/wp\/v2\/product_brand?post=767369"},{"taxonomy":"product_cat","embeddable":true,"href":"https:\/\/roveyayinevi.com.tr\/index.php\/wp-json\/wp\/v2\/product_cat?post=767369"},{"taxonomy":"product_tag","embeddable":true,"href":"https:\/\/roveyayinevi.com.tr\/index.php\/wp-json\/wp\/v2\/product_tag?post=767369"}],"curies":[{"name":"wp","href":"https:\/\/api.w.org\/{rel}","templated":true}]}}