{"id":767368,"date":"2025-08-28T12:45:16","date_gmt":"2025-08-28T09:45:16","guid":{"rendered":"https:\/\/roveyayinevi.com.tr\/index.php\/urun\/atesten-ayakkabi-ruzgardan-sandalet\/"},"modified":"2026-04-15T03:33:21","modified_gmt":"2026-04-15T00:33:21","slug":"atesten-ayakkabi-ruzgardan-sandalet","status":"publish","type":"product","link":"https:\/\/roveyayinevi.com.tr\/index.php\/urun\/atesten-ayakkabi-ruzgardan-sandalet\/","title":{"rendered":"Ate\u015ften Ayakkab\u0131 R\u00fczgardan Sandalet"},"content":{"rendered":"<p>Alman \u00e7ocuk edebiyat\u0131n\u0131n bol \u00f6d\u00fcll\u00fc yazar\u0131 Ursula W\u00f6lfel, babas\u0131yla unutulmaz bir yolculu\u011fa \u00e7\u0131kan Tim\u2019in hik\u00e2yesine ortak ediyor okuru. Tim, ailesinden ilgin\u00e7 do\u011fum g\u00fcn\u00fc arma\u011fanlar\u0131 al\u0131r: Ate\u015f k\u0131rm\u0131z\u0131s\u0131 ayakkab\u0131lar ve onu daha \u00f6nce gitmedi\u011fi yerlere g\u00f6t\u00fcrecek, ke\u015fiflerle dolu b\u00fcy\u00fck bir yolculuk. Evden uzakta ge\u00e7irilen g\u00fcnler bazen e\u011flenceli bazen tehlikeli ama daima yeni hik\u00e2yelerle doludur. Yolculu\u011fu sona erdi\u011finde pek \u00e7ok \u015fey gibi Tim de de\u011fi\u015fmi\u015ftir art\u0131k.<\/p>\n","protected":false},"excerpt":{"rendered":"<p>Alman \u00e7ocuk edebiyat\u0131n\u0131n bol \u00f6d\u00fcll\u00fc yazar\u0131 Ursula W\u00f6lfel, babas\u0131yla unutulmaz bir yolculu\u011fa \u00e7\u0131kan Tim\u2019in hik\u00e2yesine ortak ediyor okuru. Tim, ailesinden ilgin\u00e7 do\u011fum g\u00fcn\u00fc arma\u011fanlar\u0131 al\u0131r: Ate\u015f<span class=\"excerpt-hellip\"> [\u2026]<\/span><\/p>\n","protected":false},"featured_media":0,"template":"","meta":{"_monsterinsights_skip_tracking":false,"_monsterinsights_sitenote_active":false,"_monsterinsights_sitenote_note":"","_monsterinsights_sitenote_category":0},"product_brand":[],"product_cat":[12274,12284],"product_tag":[],"class_list":{"0":"post-767368","1":"product","2":"type-product","3":"status-publish","5":"product_cat-cocuk-ve-genclik-kitaplari","6":"product_cat-hikayeler","7":"pa_cilt-ciltsiz","8":"pa_tur-kitap","9":"pa_yayinevi-uyurgezer-kitap","10":"pa_yazar-ursula-wolfel","12":"first","13":"instock","14":"sale","15":"shipping-taxable","16":"purchasable","17":"product-type-simple"},"_links":{"self":[{"href":"https:\/\/roveyayinevi.com.tr\/index.php\/wp-json\/wp\/v2\/product\/767368","targetHints":{"allow":["GET"]}}],"collection":[{"href":"https:\/\/roveyayinevi.com.tr\/index.php\/wp-json\/wp\/v2\/product"}],"about":[{"href":"https:\/\/roveyayinevi.com.tr\/index.php\/wp-json\/wp\/v2\/types\/product"}],"wp:attachment":[{"href":"https:\/\/roveyayinevi.com.tr\/index.php\/wp-json\/wp\/v2\/media?parent=767368"}],"wp:term":[{"taxonomy":"product_brand","embeddable":true,"href":"https:\/\/roveyayinevi.com.tr\/index.php\/wp-json\/wp\/v2\/product_brand?post=767368"},{"taxonomy":"product_cat","embeddable":true,"href":"https:\/\/roveyayinevi.com.tr\/index.php\/wp-json\/wp\/v2\/product_cat?post=767368"},{"taxonomy":"product_tag","embeddable":true,"href":"https:\/\/roveyayinevi.com.tr\/index.php\/wp-json\/wp\/v2\/product_tag?post=767368"}],"curies":[{"name":"wp","href":"https:\/\/api.w.org\/{rel}","templated":true}]}}