{"id":767366,"date":"2025-08-28T12:45:12","date_gmt":"2025-08-28T09:45:12","guid":{"rendered":"https:\/\/roveyayinevi.com.tr\/index.php\/urun\/beastars-cilt-5\/"},"modified":"2026-04-15T03:33:21","modified_gmt":"2026-04-15T00:33:21","slug":"beastars-cilt-5","status":"publish","type":"product","link":"https:\/\/roveyayinevi.com.tr\/index.php\/urun\/beastars-cilt-5\/","title":{"rendered":"Beastars Cilt 5"},"content":{"rendered":"<p>Meteor Festivali giderek yakla\u015f\u0131rken Juno ve Louis kar\u015f\u0131 kar\u015f\u0131ya geliyor. \u0130kisi de Beastar koltu\u011funa oturmay\u0131 ama\u00e7l\u0131yor. Bir etoburla bir otobur aras\u0131ndaki so\u011fuk sava\u015f ba\u015fl\u0131yor. Bu s\u0131rada Hal\u2019a \u00e2\u015f\u0131k oldu\u011funu fark eden Legoshi, ilan-\u0131 a\u015fk etmek i\u00e7in cesaretini topluyor. Fakat Hal, bilinmeyen birileri taraf\u0131ndan ka\u00e7\u0131r\u0131l\u0131yor!! Hayvanlar\u0131n gen\u00e7lik dramas\u0131 kar\u015f\u0131n\u0131zda!!<\/p>\n","protected":false},"excerpt":{"rendered":"<p>Meteor Festivali giderek yakla\u015f\u0131rken Juno ve Louis kar\u015f\u0131 kar\u015f\u0131ya geliyor. \u0130kisi de Beastar koltu\u011funa oturmay\u0131 ama\u00e7l\u0131yor. Bir etoburla bir otobur aras\u0131ndaki so\u011fuk sava\u015f ba\u015fl\u0131yor. Bu s\u0131rada<span class=\"excerpt-hellip\"> [\u2026]<\/span><\/p>\n","protected":false},"featured_media":0,"template":"","meta":{"_monsterinsights_skip_tracking":false,"_monsterinsights_sitenote_active":false,"_monsterinsights_sitenote_note":"","_monsterinsights_sitenote_category":0},"product_brand":[],"product_cat":[12416,12291],"product_tag":[],"class_list":{"0":"post-767366","1":"product","2":"type-product","3":"status-publish","5":"product_cat-cizgi-roman","6":"product_cat-edebiyat","7":"pa_cilt-ciltsiz","8":"pa_tur-kitap","9":"pa_yayinevi-kayip-kita-yayinlari","10":"pa_yazar-paru-itagaki","12":"first","13":"instock","14":"sale","15":"shipping-taxable","16":"purchasable","17":"product-type-simple"},"_links":{"self":[{"href":"https:\/\/roveyayinevi.com.tr\/index.php\/wp-json\/wp\/v2\/product\/767366","targetHints":{"allow":["GET"]}}],"collection":[{"href":"https:\/\/roveyayinevi.com.tr\/index.php\/wp-json\/wp\/v2\/product"}],"about":[{"href":"https:\/\/roveyayinevi.com.tr\/index.php\/wp-json\/wp\/v2\/types\/product"}],"wp:attachment":[{"href":"https:\/\/roveyayinevi.com.tr\/index.php\/wp-json\/wp\/v2\/media?parent=767366"}],"wp:term":[{"taxonomy":"product_brand","embeddable":true,"href":"https:\/\/roveyayinevi.com.tr\/index.php\/wp-json\/wp\/v2\/product_brand?post=767366"},{"taxonomy":"product_cat","embeddable":true,"href":"https:\/\/roveyayinevi.com.tr\/index.php\/wp-json\/wp\/v2\/product_cat?post=767366"},{"taxonomy":"product_tag","embeddable":true,"href":"https:\/\/roveyayinevi.com.tr\/index.php\/wp-json\/wp\/v2\/product_tag?post=767366"}],"curies":[{"name":"wp","href":"https:\/\/api.w.org\/{rel}","templated":true}]}}