{"id":767365,"date":"2025-08-28T12:45:09","date_gmt":"2025-08-28T09:45:09","guid":{"rendered":"https:\/\/roveyayinevi.com.tr\/index.php\/urun\/happiness-1\/"},"modified":"2026-04-15T03:33:21","modified_gmt":"2026-04-15T00:33:21","slug":"happiness-1","status":"publish","type":"product","link":"https:\/\/roveyayinevi.com.tr\/index.php\/urun\/happiness-1\/","title":{"rendered":"Happiness &#8211; 1"},"content":{"rendered":"<p>Gizemli bir k\u0131z\u0131n sald\u0131r\u0131s\u0131na u\u011frad\u0131ktan sonra hayat\u0131m\u0131 de\u011fi\u015ftiren bir karar almak zorunda kald\u0131m&#8230; Hi\u00e7bir \u015fey hissetmeden ya\u015fad\u0131\u011f\u0131m s\u0131radan hayat\u0131m tek gecede darmaduman oldu&#8230; Art\u0131k boynumda bir yara ve i\u00e7imde dinmek bilmeyen bir susuzluk var.  S\u0131radan bir liseli olan Makoto\u2019yu nas\u0131l bir hayat bekliyor?!<\/p>\n","protected":false},"excerpt":{"rendered":"<p>Gizemli bir k\u0131z\u0131n sald\u0131r\u0131s\u0131na u\u011frad\u0131ktan sonra hayat\u0131m\u0131 de\u011fi\u015ftiren bir karar almak zorunda kald\u0131m&#8230; Hi\u00e7bir \u015fey hissetmeden ya\u015fad\u0131\u011f\u0131m s\u0131radan hayat\u0131m tek gecede darmaduman oldu&#8230; Art\u0131k boynumda bir<span class=\"excerpt-hellip\"> [\u2026]<\/span><\/p>\n","protected":false},"featured_media":0,"template":"","meta":{"_monsterinsights_skip_tracking":false,"_monsterinsights_sitenote_active":false,"_monsterinsights_sitenote_note":"","_monsterinsights_sitenote_category":0},"product_brand":[],"product_cat":[12416,12291],"product_tag":[],"class_list":{"0":"post-767365","1":"product","2":"type-product","3":"status-publish","5":"product_cat-cizgi-roman","6":"product_cat-edebiyat","7":"pa_cilt-ciltsiz","8":"pa_tur-kitap","9":"pa_yayinevi-kayip-kita-yayinlari","10":"pa_yazar-shuzo-oshimi","12":"first","13":"instock","14":"sale","15":"shipping-taxable","16":"purchasable","17":"product-type-simple"},"_links":{"self":[{"href":"https:\/\/roveyayinevi.com.tr\/index.php\/wp-json\/wp\/v2\/product\/767365","targetHints":{"allow":["GET"]}}],"collection":[{"href":"https:\/\/roveyayinevi.com.tr\/index.php\/wp-json\/wp\/v2\/product"}],"about":[{"href":"https:\/\/roveyayinevi.com.tr\/index.php\/wp-json\/wp\/v2\/types\/product"}],"wp:attachment":[{"href":"https:\/\/roveyayinevi.com.tr\/index.php\/wp-json\/wp\/v2\/media?parent=767365"}],"wp:term":[{"taxonomy":"product_brand","embeddable":true,"href":"https:\/\/roveyayinevi.com.tr\/index.php\/wp-json\/wp\/v2\/product_brand?post=767365"},{"taxonomy":"product_cat","embeddable":true,"href":"https:\/\/roveyayinevi.com.tr\/index.php\/wp-json\/wp\/v2\/product_cat?post=767365"},{"taxonomy":"product_tag","embeddable":true,"href":"https:\/\/roveyayinevi.com.tr\/index.php\/wp-json\/wp\/v2\/product_tag?post=767365"}],"curies":[{"name":"wp","href":"https:\/\/api.w.org\/{rel}","templated":true}]}}