{"id":767364,"date":"2025-08-28T12:45:07","date_gmt":"2025-08-28T09:45:07","guid":{"rendered":"https:\/\/roveyayinevi.com.tr\/index.php\/urun\/parazit-2\/"},"modified":"2026-04-15T03:33:21","modified_gmt":"2026-04-15T00:33:21","slug":"parazit-2","status":"publish","type":"product","link":"https:\/\/roveyayinevi.com.tr\/index.php\/urun\/parazit-2\/","title":{"rendered":"Parazit &#8211; 2"},"content":{"rendered":"<p>\u015eAHS\u0130 \u0130BL\u0130S Shinichi, normal bir lise \u00f6\u011frencisi gibi g\u00f6r\u00fcnse de korkun\u00e7 bir s\u0131rr\u0131 var&#8230; Bir parazit, v\u00fccudunu enfekte etti. Bu gizemli yarat\u0131k ac\u0131mas\u0131z ve \u00f6l\u00fcmc\u00fcl olmas\u0131n\u0131n yan\u0131 s\u0131ra insanlar\u0131n ac\u0131lar\u0131n\u0131 zerre umursam\u0131yor ve Shinichi\u2019nin \u00fczerindeki etkisini art\u0131rmaya ba\u015fl\u0131yor. Shinichi, bir yandan v\u00fccudunun hakimiyetini elinde tutmak i\u00e7in sava\u015f\u0131rken di\u011fer yandan insanl\u0131\u011f\u0131n\u0131 korumay\u0131 ba\u015farabilecek mi? \u201c\u0130nsan d\u0131\u015f\u0131 m\u0131? Ama ben sa\u011f elim d\u0131\u015f\u0131nda s\u0131radan bir insan\u0131m.\u201d<\/p>\n","protected":false},"excerpt":{"rendered":"<p>\u015eAHS\u0130 \u0130BL\u0130S Shinichi, normal bir lise \u00f6\u011frencisi gibi g\u00f6r\u00fcnse de korkun\u00e7 bir s\u0131rr\u0131 var&#8230; Bir parazit, v\u00fccudunu enfekte etti. Bu gizemli yarat\u0131k ac\u0131mas\u0131z ve \u00f6l\u00fcmc\u00fcl olmas\u0131n\u0131n<span class=\"excerpt-hellip\"> [\u2026]<\/span><\/p>\n","protected":false},"featured_media":0,"template":"","meta":{"_monsterinsights_skip_tracking":false,"_monsterinsights_sitenote_active":false,"_monsterinsights_sitenote_note":"","_monsterinsights_sitenote_category":0},"product_brand":[],"product_cat":[12416,12291],"product_tag":[],"class_list":{"0":"post-767364","1":"product","2":"type-product","3":"status-publish","5":"product_cat-cizgi-roman","6":"product_cat-edebiyat","7":"pa_cilt-ciltsiz","8":"pa_tur-kitap","9":"pa_yayinevi-kayip-kita-yayinlari","10":"pa_yazar-hitoshi-iwaaki","12":"first","13":"instock","14":"sale","15":"shipping-taxable","16":"purchasable","17":"product-type-simple"},"_links":{"self":[{"href":"https:\/\/roveyayinevi.com.tr\/index.php\/wp-json\/wp\/v2\/product\/767364","targetHints":{"allow":["GET"]}}],"collection":[{"href":"https:\/\/roveyayinevi.com.tr\/index.php\/wp-json\/wp\/v2\/product"}],"about":[{"href":"https:\/\/roveyayinevi.com.tr\/index.php\/wp-json\/wp\/v2\/types\/product"}],"wp:attachment":[{"href":"https:\/\/roveyayinevi.com.tr\/index.php\/wp-json\/wp\/v2\/media?parent=767364"}],"wp:term":[{"taxonomy":"product_brand","embeddable":true,"href":"https:\/\/roveyayinevi.com.tr\/index.php\/wp-json\/wp\/v2\/product_brand?post=767364"},{"taxonomy":"product_cat","embeddable":true,"href":"https:\/\/roveyayinevi.com.tr\/index.php\/wp-json\/wp\/v2\/product_cat?post=767364"},{"taxonomy":"product_tag","embeddable":true,"href":"https:\/\/roveyayinevi.com.tr\/index.php\/wp-json\/wp\/v2\/product_tag?post=767364"}],"curies":[{"name":"wp","href":"https:\/\/api.w.org\/{rel}","templated":true}]}}