{"id":767363,"date":"2025-08-28T12:45:05","date_gmt":"2025-08-28T09:45:05","guid":{"rendered":"https:\/\/roveyayinevi.com.tr\/index.php\/urun\/delilik-salgini\/"},"modified":"2026-04-08T03:30:01","modified_gmt":"2026-04-08T00:30:01","slug":"delilik-salgini","status":"publish","type":"product","link":"https:\/\/roveyayinevi.com.tr\/index.php\/urun\/delilik-salgini\/","title":{"rendered":"Delilik Salg\u0131n\u0131"},"content":{"rendered":"<p>Bir teknedeyim, okyanusun i\u00e7inde. Ve k\u00fcrek yok ve yelken yok ve mazot yok ve kaptan&#8230; Suyun ak\u0131\u015f\u0131n\u0131 seyrediyorum yaln\u0131zca. O suyun beni nereye g\u00f6t\u00fcrece\u011fi umurumda de\u011fil. Ak\u0131yorum yok olaca\u011f\u0131m kurulu\u011fa ula\u015fmak i\u00e7in. Biliyorum ki bunun ad\u0131 delilik salg\u0131n\u0131. Avucumuzda delilikten ba\u015fka hi\u00e7bir \u015fey yok. Ah! Salg\u0131n! Ucu a\u00e7\u0131k bir zaman! \u0130spatlanamam\u0131\u015f t\u0131bbi yakla\u015f\u0131mlar. Oyunun sonunda ne var? 2019\u2019da ba\u015flay\u0131p izleri halen devam eden, d\u00fcnyay\u0131 derinden sarsm\u0131\u015f Covid-19 salg\u0131n\u0131n\u0131n T\u00fcrkiye\u2019de ba\u015f g\u00f6stermesinin ard\u0131ndan, Sa\u011fl\u0131k Bakanl\u0131\u011f\u0131 toplumsal ba\u011f\u0131\u015f\u0131kl\u0131\u011f\u0131 sa\u011flamak, salg\u0131n\u0131n ekonomik ve psikolojik etkilerinin \u00f6n\u00fcne ge\u00e7mek i\u00e7in abs\u00fcrt bir uygulama ba\u015flat\u0131r. Buna g\u00f6re 30 ile 40 ya\u015f aras\u0131ndaki gen\u00e7lere vir\u00fcs enjekte edilecek ve karantina merkezlerinde kontroll\u00fc bir \u015fekilde vir\u00fcs\u00fc atlatmalar\u0131 sa\u011flanacakt\u0131r. B\u00f6ylelikle vir\u00fcse kar\u015f\u0131 ba\u011f\u0131\u015f\u0131kl\u0131klar\u0131 artarken, ekonomik olarak da topluma katk\u0131 sa\u011flamaya devam edeceklerdir. Bu y\u00f6ntem, tahmin edilenin aksine beklenmeyen sonu\u00e7lara gebedir. \u00c7\u00fcnk\u00fc karantina merkezinde sanatla ilgilenen hastalar yo\u011fun sorgulamalar\u0131n ard\u0131ndan delili\u011fin k\u0131y\u0131lar\u0131nda dola\u015fmaya ba\u015flarlar. Hatta \u00f6l\u00fcm bile onlar i\u00e7in ka\u00e7\u0131n\u0131lmazd\u0131r. Delilik Salg\u0131n\u0131, Mevl\u00fct Soysal\u2019\u0131n etkileyici kalemiyle pandemi s\u00fcrecinin d\u00fcnyada ve \u00fclkemizde do\u011furdu\u011fu sonu\u00e7lar\u0131 detaylar\u0131yla ele al\u0131rken, psikolojik a\u00e7\u0131dan etkilerini de olduk\u00e7a ger\u00e7ek\u00e7i ve bir o kadar da trajik \u015fekilde okura sunuyor. <\/p>\n","protected":false},"excerpt":{"rendered":"<p>Bir teknedeyim, okyanusun i\u00e7inde. Ve k\u00fcrek yok ve yelken yok ve mazot yok ve kaptan&#8230; Suyun ak\u0131\u015f\u0131n\u0131 seyrediyorum yaln\u0131zca. O suyun beni nereye g\u00f6t\u00fcrece\u011fi umurumda de\u011fil.<span class=\"excerpt-hellip\"> [\u2026]<\/span><\/p>\n","protected":false},"featured_media":0,"template":"","meta":{"_monsterinsights_skip_tracking":false,"_monsterinsights_sitenote_active":false,"_monsterinsights_sitenote_note":"","_monsterinsights_sitenote_category":0},"product_brand":[],"product_cat":[12291,12711],"product_tag":[],"class_list":{"0":"post-767363","1":"product","2":"type-product","3":"status-publish","5":"product_cat-edebiyat","6":"product_cat-roman-oyku","7":"pa_cilt-ciltsiz","8":"pa_tur-kitap","9":"pa_yayinevi-sayfa6-yayinlari","10":"pa_yazar-mevlut-soysal","12":"first","13":"instock","14":"sale","15":"shipping-taxable","16":"purchasable","17":"product-type-simple"},"_links":{"self":[{"href":"https:\/\/roveyayinevi.com.tr\/index.php\/wp-json\/wp\/v2\/product\/767363","targetHints":{"allow":["GET"]}}],"collection":[{"href":"https:\/\/roveyayinevi.com.tr\/index.php\/wp-json\/wp\/v2\/product"}],"about":[{"href":"https:\/\/roveyayinevi.com.tr\/index.php\/wp-json\/wp\/v2\/types\/product"}],"wp:attachment":[{"href":"https:\/\/roveyayinevi.com.tr\/index.php\/wp-json\/wp\/v2\/media?parent=767363"}],"wp:term":[{"taxonomy":"product_brand","embeddable":true,"href":"https:\/\/roveyayinevi.com.tr\/index.php\/wp-json\/wp\/v2\/product_brand?post=767363"},{"taxonomy":"product_cat","embeddable":true,"href":"https:\/\/roveyayinevi.com.tr\/index.php\/wp-json\/wp\/v2\/product_cat?post=767363"},{"taxonomy":"product_tag","embeddable":true,"href":"https:\/\/roveyayinevi.com.tr\/index.php\/wp-json\/wp\/v2\/product_tag?post=767363"}],"curies":[{"name":"wp","href":"https:\/\/api.w.org\/{rel}","templated":true}]}}