{"id":767361,"date":"2025-08-28T12:45:02","date_gmt":"2025-08-28T09:45:02","guid":{"rendered":"https:\/\/roveyayinevi.com.tr\/index.php\/urun\/filozoflarin-tutarsizligi\/"},"modified":"2026-04-15T03:33:21","modified_gmt":"2026-04-15T00:33:21","slug":"filozoflarin-tutarsizligi","status":"publish","type":"product","link":"https:\/\/roveyayinevi.com.tr\/index.php\/urun\/filozoflarin-tutarsizligi\/","title":{"rendered":"Filozoflar\u0131n Tutars\u0131zl\u0131\u011f\u0131"},"content":{"rendered":"<p>Teh\u00e2fu\u0308t mutlak anlamda bir felsefe kar\u015f\u0131tl\u0131\u011f\u0131na m\u0131 yoksa mukayyet anlam\u0131yla belli bir felsefe yapma kar\u015f\u0131tl\u0131\u011f\u0131na m\u0131 tekabu\u0308l etmektedir? *** \u0130slam du\u0308\u015fu\u0308ncesinin zirve isimlerinden Gazz\u00e2l\u00ee\u2019nin Teh\u00e2fu\u0308tu\u0308\u2019l-Fel\u00e2sife adl\u0131 eseri, sadece yaz\u0131ld\u0131\u011f\u0131 devirde de\u011fil, kendinden sonraki tu\u0308m zamanlarda da en dikkate \u015fayan eserlerden biri olmu\u015f, hem Do\u011fu hem de Bat\u0131 felsefesinde bu\u0308yu\u0308k ilgi g\u00f6rmu\u0308\u015ftu\u0308r. Gazz\u00e2l\u00ee Teh\u00e2fu\u0308t\u2019te \u0130slam du\u0308nyas\u0131nda F\u00e2r\u00e2b\u00ee ve \u0130bn S\u00een\u00e2 gibi me\u015fhur filozoflar taraf\u0131ndan temsil edilen Yeni Eflatuncu felsefe yapma tarz\u0131n\u0131 muhatap alm\u0131\u015f; bu felsefenin g\u00f6ru\u0308\u015flerini akli zorunlu\u011fa dayand\u0131rma iddias\u0131n\u0131n aklen ge\u00e7erli olmad\u0131\u011f\u0131n\u0131 ortaya koymu\u015f ve bu zorunluluk iddias\u0131n\u0131n ak\u0131ldan de\u011fil, filozoflar\u0131n felsefi sistemlerinin temelindeki M\u00fbcib Bizz\u00e2t olan Tanr\u0131 anlay\u0131\u015f\u0131ndan kaynakland\u0131\u011f\u0131n\u0131 g\u00f6stermi\u015ftir. \u0130\u015fte Teh\u00e2fu\u0308t bu y\u00f6nu\u0308yle yeni bir felsefe yapma imk\u00e2n\u0131na kar\u015f\u0131l\u0131k gelmektedir ki, onu felsefi a\u00e7\u0131dan de\u011ferli k\u0131lan da budur. Elinizdeki kitapta, Teh\u00e2fu\u0308t\u2019u\u0308n II. Abdu\u0308lhamid d\u00f6nemi serku\u0308tt\u00e2blar\u0131ndan Su\u0308leym\u00e2n Hasb\u00ee Efendi taraf\u0131ndan yap\u0131lan tercu\u0308mesi yer al\u0131yor. Eserin Latin harfli tercu\u0308mesinden hemen \u00f6nce sunulan inceleme, Teh\u00e2fu\u0308t\u2019u\u0308n felsefi de\u011ferini kavramak a\u00e7\u0131s\u0131ndan okura geni\u015f ve faydal\u0131 bir \u00f6n okuma sa\u011fl\u0131yor. Ayr\u0131ca tercu\u0308meye e\u015flik eden s\u00f6zlu\u0308k de okurun konuya ili\u015fkin bilme ve \u00f6\u011frenme ihtiyac\u0131na \u00f6nemli \u00f6l\u00e7u\u0308de yard\u0131mc\u0131 oluyor. <\/p>\n","protected":false},"excerpt":{"rendered":"<p>Teh\u00e2fu\u0308t mutlak anlamda bir felsefe kar\u015f\u0131tl\u0131\u011f\u0131na m\u0131 yoksa mukayyet anlam\u0131yla belli bir felsefe yapma kar\u015f\u0131tl\u0131\u011f\u0131na m\u0131 tekabu\u0308l etmektedir? *** \u0130slam du\u0308\u015fu\u0308ncesinin zirve isimlerinden Gazz\u00e2l\u00ee\u2019nin Teh\u00e2fu\u0308tu\u0308\u2019l-Fel\u00e2sife adl\u0131<span class=\"excerpt-hellip\"> [\u2026]<\/span><\/p>\n","protected":false},"featured_media":0,"template":"","meta":{"_monsterinsights_skip_tracking":false,"_monsterinsights_sitenote_active":false,"_monsterinsights_sitenote_note":"","_monsterinsights_sitenote_category":0},"product_brand":[],"product_cat":[12718,12719],"product_tag":[],"class_list":{"0":"post-767361","1":"product","2":"type-product","3":"status-publish","5":"product_cat-din","6":"product_cat-islam","7":"pa_cilt-ciltsiz","8":"pa_tur-kitap","9":"pa_yayinevi-ketebe-yayinlari","10":"pa_yazar-imam-gazzali","12":"first","13":"instock","14":"sale","15":"shipping-taxable","16":"purchasable","17":"product-type-simple"},"_links":{"self":[{"href":"https:\/\/roveyayinevi.com.tr\/index.php\/wp-json\/wp\/v2\/product\/767361","targetHints":{"allow":["GET"]}}],"collection":[{"href":"https:\/\/roveyayinevi.com.tr\/index.php\/wp-json\/wp\/v2\/product"}],"about":[{"href":"https:\/\/roveyayinevi.com.tr\/index.php\/wp-json\/wp\/v2\/types\/product"}],"wp:attachment":[{"href":"https:\/\/roveyayinevi.com.tr\/index.php\/wp-json\/wp\/v2\/media?parent=767361"}],"wp:term":[{"taxonomy":"product_brand","embeddable":true,"href":"https:\/\/roveyayinevi.com.tr\/index.php\/wp-json\/wp\/v2\/product_brand?post=767361"},{"taxonomy":"product_cat","embeddable":true,"href":"https:\/\/roveyayinevi.com.tr\/index.php\/wp-json\/wp\/v2\/product_cat?post=767361"},{"taxonomy":"product_tag","embeddable":true,"href":"https:\/\/roveyayinevi.com.tr\/index.php\/wp-json\/wp\/v2\/product_tag?post=767361"}],"curies":[{"name":"wp","href":"https:\/\/api.w.org\/{rel}","templated":true}]}}