{"id":767360,"date":"2025-08-28T12:45:00","date_gmt":"2025-08-28T09:45:00","guid":{"rendered":"https:\/\/roveyayinevi.com.tr\/index.php\/urun\/mekana-dair-psikopolitik-okumalar\/"},"modified":"2026-04-15T03:33:21","modified_gmt":"2026-04-15T00:33:21","slug":"mekana-dair-psikopolitik-okumalar","status":"publish","type":"product","link":"https:\/\/roveyayinevi.com.tr\/index.php\/urun\/mekana-dair-psikopolitik-okumalar\/","title":{"rendered":"Mekana Dair Psikopolitik Okumalar"},"content":{"rendered":"<p>Ya\u015fayan zaman naif bah\u00e7elerle de\u011fil; patlayan bir \u00e7\u00f6pl\u00fckle, yay\u0131lan bir salg\u0131nla, s\u0131zan kanalizasyonla, denizi saran m\u00fcsilajla, a\u011fa\u00e7lar\u0131, hayvanlar\u0131 kavuran ve k\u00fcllerini kentlere savuran orman yang\u0131n\u0131yla kendini g\u00f6steriyor. T\u00fcm bunlar, politik ve psikolojik krizlerini de beraberinde getiriyorlar. Nihan Bozok   Mek\u00e2n\u0131n sosyal ve psikopolitik etkisine odaklanan tart\u0131\u015fmalar\u0131 derleme ve literat\u00fcre yeni bak\u0131\u015f a\u00e7\u0131lar\u0131 kazand\u0131rma amac\u0131yla \u00dcsk\u00fcdar \u00dcniversitesi Politik Psikoloji Merkezi taraf\u0131ndan haz\u0131rlanan &#8220;Psikopolitik&#8221; serisinin bir devam\u0131 niteli\u011fiyle Mek\u00e2na Dair Psikopolitik Okumalar ba\u015fl\u0131kl\u0131 bu eser, alanlar\u0131nda uzman akademisyenler taraf\u0131ndan haz\u0131rlanan makalelerle disiplinleraras\u0131 bir giri\u015fim olarak mek\u00e2nlar\u0131n ve mek\u00e2nsal d\u00f6n\u00fc\u015f\u00fcmlerin sosyolojik ve psikopolitik izlerini s\u00fcrme amac\u0131n\u0131 ta\u015f\u0131yor. Mek\u00e2nsal dinamikleri g\u00fcncel \u00f6rneklerle tart\u0131\u015fan bu se\u00e7ki, okuyucuya hem mek\u00e2na dair literat\u00fcr\u00fcn yap\u0131ta\u015flar\u0131n\u0131n i\u00e7inden hem de yeni tart\u0131\u015fmalar\u0131n bak\u0131\u015f a\u00e7\u0131s\u0131ndan \u00e7e\u015fitli ve detayl\u0131 okumalar sunmay\u0131 hedefliyor, mek\u00e2nsal ili\u015fkilerin toplumsal ve psikopolitik ba\u011flam\u0131n\u0131 yans\u0131tacak bir haritalama yaparak literat\u00fcre katk\u0131 sa\u011fl\u0131yor. Mek\u00e2na Dair Sosyolojik ve Psikopolitik Okumalar, zamanla de\u011fi\u015fen ya\u015fam ko\u015fullar\u0131 ile birlikte mek\u00e2nlar\u0131n ki\u015filer ile ili\u015fkisini ve etkisini t\u00fcm detaylar\u0131yla k\u0131ymetli bir ba\u015fucu kayna\u011f\u0131 olarak okurlar\u0131na sunuyor. Makaleleriyle katk\u0131da bulunanlar: P\u0131nar Karababa Demircan, Nihan Bozok, Huriye Alyemi\u015f G\u00fcripek, La\u00e7in Tutalar, \u00d6zlem B\u00fcy\u00fckta\u015f, Ay\u015fen \u00c7elen \u00d6zt\u00fcrk ve Ba\u015fak Kalkan, Nihan Kalkandeler \u00d6zdin, Mehmet Bozok, Hazal Ayas, Mustafa Can G\u00fcripek, Bahad\u0131r Kaynak, Selin Dingilo\u011flu. <\/p>\n","protected":false},"excerpt":{"rendered":"<p>Ya\u015fayan zaman naif bah\u00e7elerle de\u011fil; patlayan bir \u00e7\u00f6pl\u00fckle, yay\u0131lan bir salg\u0131nla, s\u0131zan kanalizasyonla, denizi saran m\u00fcsilajla, a\u011fa\u00e7lar\u0131, hayvanlar\u0131 kavuran ve k\u00fcllerini kentlere savuran orman yang\u0131n\u0131yla kendini<span class=\"excerpt-hellip\"> [\u2026]<\/span><\/p>\n","protected":false},"featured_media":0,"template":"","meta":{"_monsterinsights_skip_tracking":false,"_monsterinsights_sitenote_active":false,"_monsterinsights_sitenote_note":"","_monsterinsights_sitenote_category":0},"product_brand":[],"product_cat":[52477],"product_tag":[],"class_list":{"0":"post-767360","1":"product","2":"type-product","3":"status-publish","5":"product_cat-arastirma","6":"pa_cilt-ciltsiz","7":"pa_tur-kitap","8":"pa_yayinevi-inkilap-kitabevi","9":"pa_yazar-pinar-karababa-demircan-deniz-ulke-kaynak","11":"first","12":"instock","13":"sale","14":"shipping-taxable","15":"purchasable","16":"product-type-simple"},"_links":{"self":[{"href":"https:\/\/roveyayinevi.com.tr\/index.php\/wp-json\/wp\/v2\/product\/767360","targetHints":{"allow":["GET"]}}],"collection":[{"href":"https:\/\/roveyayinevi.com.tr\/index.php\/wp-json\/wp\/v2\/product"}],"about":[{"href":"https:\/\/roveyayinevi.com.tr\/index.php\/wp-json\/wp\/v2\/types\/product"}],"wp:attachment":[{"href":"https:\/\/roveyayinevi.com.tr\/index.php\/wp-json\/wp\/v2\/media?parent=767360"}],"wp:term":[{"taxonomy":"product_brand","embeddable":true,"href":"https:\/\/roveyayinevi.com.tr\/index.php\/wp-json\/wp\/v2\/product_brand?post=767360"},{"taxonomy":"product_cat","embeddable":true,"href":"https:\/\/roveyayinevi.com.tr\/index.php\/wp-json\/wp\/v2\/product_cat?post=767360"},{"taxonomy":"product_tag","embeddable":true,"href":"https:\/\/roveyayinevi.com.tr\/index.php\/wp-json\/wp\/v2\/product_tag?post=767360"}],"curies":[{"name":"wp","href":"https:\/\/api.w.org\/{rel}","templated":true}]}}