{"id":767359,"date":"2025-08-28T12:44:59","date_gmt":"2025-08-28T09:44:59","guid":{"rendered":"https:\/\/roveyayinevi.com.tr\/index.php\/urun\/muzigin-ve-sesin-gizemciligi\/"},"modified":"2026-04-15T03:33:21","modified_gmt":"2026-04-15T00:33:21","slug":"muzigin-ve-sesin-gizemciligi","status":"publish","type":"product","link":"https:\/\/roveyayinevi.com.tr\/index.php\/urun\/muzigin-ve-sesin-gizemciligi\/","title":{"rendered":"M\u00fczi\u011fin ve Sesin Gizemcili\u011fi"},"content":{"rendered":"<p>\u201c\u015eark\u0131lar besteledim, s\u00f6yledim, vina saz\u0131 \u00e7ald\u0131m. Bu m\u00fczi\u011fi yaparak gezegenlerin m\u00fczi\u011fine dokundu\u011fum bir sahneye ula\u015ft\u0131m. Daha sonra her bir r\u00fbh benim i\u00e7in bir notaya ve b\u00fct\u00fcn ya\u015fam\u0131m m\u00fczi\u011fe d\u00f6n\u00fc\u015ft\u00fc&#8230; M\u00fczi\u011fi b\u0131rakt\u0131m; \u00e7\u00fcnk\u00fc ondan edinmem gereken her \u015feyi edinmi\u015f bulunmaktay\u0131m. Bir kimsenin Tanr\u0131\u2019ya hizmet edebilmesi i\u00e7in en sevdi\u011fi \u015feyi kurb\u00e2n etmesi zorunludur; ben m\u00fczi\u011fimi kurb\u00e2n ettim, en sevdi\u011fimi&#8230; \u015eark\u0131lar\u0131mdan daha \u00e7ok s\u00f6zlerimi dinlemenin \u00e7ekicili\u011fine kap\u0131lm\u0131\u015f ins\u00e2nlara bu esinle konu\u015ftum.\u201d   M\u00fbs\u0131k\u00ee iki ses aras\u0131ndaki m\u00e2nev\u00ee m\u00fcn\u00e2sebettir. Kutb\u00fcnn\u00e2y\u00ee Niy\u00e2zi Say\u0131n M\u00fczik kutsalla diyalo\u011fumun dilidir. &#8211; Ross Daly   M\u00fczi\u011fin yar\u0131s\u0131 yok olmakt\u0131r: Var + Yok = K\u00e2inat; Ses + Sessizlik = M\u00fczik. Erk\u00e2n O\u011fur   M\u00fczik sevin\u00e7 do\u011furan \u201cdo\u011fru ac\u0131d\u0131r\u201d; Tanr\u0131\u2019ya yol olan ac\u0131d\u0131r. -Vef\u00e2 \u00d6nal, \u201cVarl\u0131k Kokusu\u201d   \u201cTruth\u201d A\u00e7\u0131kt\u0131r hak\u00eek\u00e2tin y\u00fcz\u00fc Parlakt\u0131r hak\u00eek\u00e2tin g\u00f6z\u00fc Hi\u00e7 kapanmaz hak\u00eek\u00e2tin dudaklar\u0131 \u00d6ne e\u011filmez hak\u00eek\u00e2tin ba\u015f\u0131 Kabar\u0131kt\u0131r hak\u00eek\u00e2tin g\u00f6\u011fs\u00fc Dosdo\u011frudur hak\u00eek\u00e2tin bak\u0131\u015f\u0131 Ne korkusu olur hak\u00eek\u00e2tin ne ku\u015fkusu Beklemeye hak\u00eek\u00e2tin vard\u0131r sabr\u0131 Dokunur hak\u00eek\u00e2tin s\u00f6zleri Derindir hak\u00eek\u00e2tin sesi\u2026 S\u00f6z: Hazrat Inayat Khan M\u00fczik: Johnny Cash   \u201cBabam Muhammed Ali art\u0131k dind\u00e2r olmaktan \u00e7ok spirit\u00fcel bir insana d\u00f6n\u00fc\u015ft\u00fc, g\u00fcnde be\u015f kez ib\u00e2det etmeyi b\u0131rakt\u0131; \u2018d\u00fcny\u00e2daki en g\u00fczel kitaplar\u2019 oldu\u011funu s\u00f6yledi\u011fi, Hazrat Inayat Khan\u2019\u0131n s\u00fbf\u00ee \u00f6\u011fretisini anlatan b\u00fct\u00fcn yap\u0131tlar\u0131n\u0131 ba\u015ftan sona tekrar tekrar okuyup duruyor.\u201d Hana Yasmeen Ali, 2004 t\u00e2rihli s\u00f6yle\u015fiden *** Hazrat Inayat Khan (1882\u20131927) Do\u011fu\u2019nun b\u00fct\u00fcn gizemci geleneklerini derin m\u00fczik bilgisi ve duyu\u015fuyla harmanlayarak insan ve Varl\u0131k\u2019\u0131n hak\u00eek\u00e2tine ula\u015fm\u0131\u015f; Hindistan\u2019tan Bat\u0131\u2019ya gelerek bunu dinleyici ve \u00f6\u011frencilerine m\u00fczi\u011fi ve s\u00f6zleriyle aktarm\u0131\u015f ilk gizemci, m\u00fczisyen ve ozand\u0131r. M\u00fczi\u011fin tanr\u0131sal do\u011fas\u0131n\u0131n ar\u0131 duru s\u00f6zlerle anlat\u0131ld\u0131\u011f\u0131 bu \u00f6zg\u00fcn yap\u0131t yay\u0131nland\u0131\u011f\u0131 g\u00fcnden beri hem bilgelik aray\u0131\u015f\u0131ndakilerin hem de her t\u00fcrden m\u00fczikseverin en \u00e7ok ba\u015fvurdu\u011fu kitap olmu\u015ftur.<\/p>\n","protected":false},"excerpt":{"rendered":"<p>\u201c\u015eark\u0131lar besteledim, s\u00f6yledim, vina saz\u0131 \u00e7ald\u0131m. Bu m\u00fczi\u011fi yaparak gezegenlerin m\u00fczi\u011fine dokundu\u011fum bir sahneye ula\u015ft\u0131m. Daha sonra her bir r\u00fbh benim i\u00e7in bir notaya ve b\u00fct\u00fcn<span class=\"excerpt-hellip\"> [\u2026]<\/span><\/p>\n","protected":false},"featured_media":0,"template":"","meta":{"_monsterinsights_skip_tracking":false,"_monsterinsights_sitenote_active":false,"_monsterinsights_sitenote_note":"","_monsterinsights_sitenote_category":0},"product_brand":[],"product_cat":[14556],"product_tag":[],"class_list":{"0":"post-767359","1":"product","2":"type-product","3":"status-publish","5":"product_cat-muzik","6":"pa_cilt-ciltsiz","7":"pa_tur-kitap","8":"pa_yayinevi-kapi-yayinlari","9":"pa_yazar-hazrat-inayat-khan","11":"first","12":"instock","13":"sale","14":"shipping-taxable","15":"purchasable","16":"product-type-simple"},"_links":{"self":[{"href":"https:\/\/roveyayinevi.com.tr\/index.php\/wp-json\/wp\/v2\/product\/767359","targetHints":{"allow":["GET"]}}],"collection":[{"href":"https:\/\/roveyayinevi.com.tr\/index.php\/wp-json\/wp\/v2\/product"}],"about":[{"href":"https:\/\/roveyayinevi.com.tr\/index.php\/wp-json\/wp\/v2\/types\/product"}],"wp:attachment":[{"href":"https:\/\/roveyayinevi.com.tr\/index.php\/wp-json\/wp\/v2\/media?parent=767359"}],"wp:term":[{"taxonomy":"product_brand","embeddable":true,"href":"https:\/\/roveyayinevi.com.tr\/index.php\/wp-json\/wp\/v2\/product_brand?post=767359"},{"taxonomy":"product_cat","embeddable":true,"href":"https:\/\/roveyayinevi.com.tr\/index.php\/wp-json\/wp\/v2\/product_cat?post=767359"},{"taxonomy":"product_tag","embeddable":true,"href":"https:\/\/roveyayinevi.com.tr\/index.php\/wp-json\/wp\/v2\/product_tag?post=767359"}],"curies":[{"name":"wp","href":"https:\/\/api.w.org\/{rel}","templated":true}]}}