{"id":767352,"date":"2025-08-28T12:44:44","date_gmt":"2025-08-28T09:44:44","guid":{"rendered":"https:\/\/roveyayinevi.com.tr\/index.php\/urun\/kucuk-sirin-bir-gezegen\/"},"modified":"2026-04-15T03:33:20","modified_gmt":"2026-04-15T00:33:20","slug":"kucuk-sirin-bir-gezegen","status":"publish","type":"product","link":"https:\/\/roveyayinevi.com.tr\/index.php\/urun\/kucuk-sirin-bir-gezegen\/","title":{"rendered":"K\u00fc\u00e7\u00fck \u015eirin Bir Gezegen"},"content":{"rendered":"<p>Kaptan Ta\u015fkafa\u2019n\u0131n hayali, kendine k\u00fc\u00e7\u00fck, \u015firin bir gezegen bulup, robotu Fincan\u2019la birlikte orada huzur i\u00e7inde ya\u015famak. Asl\u0131nda Kaptan galakside b\u00f6yle gezegenlere rastl\u0131yor rastlamas\u0131na ama oras\u0131 bir s\u00fcre sonra ya\u015fanmaz hale geliyor. Oysa Kaptan\u2019\u0131n istedi\u011fi tek \u015fey bar\u0131nmak. Bu arada hayvanlardan da korunmak. Yeme\u011fini pi\u015firmek. \u00dc\u015f\u00fcmemek i\u00e7in \u0131s\u0131nmak. Terlememek i\u00e7in serinlemek&#8230; Ama bir yerde hata yap\u0131yor. Hem de her seferinde! Acaba Fincan \u00e7\u00f6z\u00fcm\u00fc bulmas\u0131nda ona yard\u0131m edebilir mi?   \u00d6d\u00fcll\u00fc karikat\u00fcrist, yazar, ill\u00fcstrat\u00f6r O\u011fuz Demir, Can \u00c7ocuk Yay\u0131nlar\u0131\u2019ndaki bu ilk kitab\u0131nda; \u00e7evre, ortak ya\u015fam, iklim de\u011fi\u015fikli\u011fi ve k\u00fcresel \u0131s\u0131nma konusundaki bilincimizi ve fark\u0131ndal\u0131\u011f\u0131m\u0131z\u0131 g\u00fcndelik hayatlar\u0131m\u0131zda canl\u0131 tutacak, reng\u00e2renk, e\u011flenceli bir \u00f6yk\u00fc anlat\u0131yor.<\/p>\n","protected":false},"excerpt":{"rendered":"<p>Kaptan Ta\u015fkafa\u2019n\u0131n hayali, kendine k\u00fc\u00e7\u00fck, \u015firin bir gezegen bulup, robotu Fincan\u2019la birlikte orada huzur i\u00e7inde ya\u015famak. Asl\u0131nda Kaptan galakside b\u00f6yle gezegenlere rastl\u0131yor rastlamas\u0131na ama oras\u0131 bir<span class=\"excerpt-hellip\"> [\u2026]<\/span><\/p>\n","protected":false},"featured_media":0,"template":"","meta":{"_monsterinsights_skip_tracking":false,"_monsterinsights_sitenote_active":false,"_monsterinsights_sitenote_note":"","_monsterinsights_sitenote_category":0},"product_brand":[],"product_cat":[12689,12274],"product_tag":[],"class_list":{"0":"post-767352","1":"product","2":"type-product","3":"status-publish","5":"product_cat-cizgi-roman-cocuk-ve-genclik-kitaplari","6":"product_cat-cocuk-ve-genclik-kitaplari","7":"pa_cilt-ciltsiz","8":"pa_tur-kitap","9":"pa_yayinevi-can-cocuk-yayinlari","10":"pa_yazar-oguz-demir","12":"first","13":"instock","14":"sale","15":"shipping-taxable","16":"purchasable","17":"product-type-simple"},"_links":{"self":[{"href":"https:\/\/roveyayinevi.com.tr\/index.php\/wp-json\/wp\/v2\/product\/767352","targetHints":{"allow":["GET"]}}],"collection":[{"href":"https:\/\/roveyayinevi.com.tr\/index.php\/wp-json\/wp\/v2\/product"}],"about":[{"href":"https:\/\/roveyayinevi.com.tr\/index.php\/wp-json\/wp\/v2\/types\/product"}],"wp:attachment":[{"href":"https:\/\/roveyayinevi.com.tr\/index.php\/wp-json\/wp\/v2\/media?parent=767352"}],"wp:term":[{"taxonomy":"product_brand","embeddable":true,"href":"https:\/\/roveyayinevi.com.tr\/index.php\/wp-json\/wp\/v2\/product_brand?post=767352"},{"taxonomy":"product_cat","embeddable":true,"href":"https:\/\/roveyayinevi.com.tr\/index.php\/wp-json\/wp\/v2\/product_cat?post=767352"},{"taxonomy":"product_tag","embeddable":true,"href":"https:\/\/roveyayinevi.com.tr\/index.php\/wp-json\/wp\/v2\/product_tag?post=767352"}],"curies":[{"name":"wp","href":"https:\/\/api.w.org\/{rel}","templated":true}]}}