{"id":767351,"date":"2025-08-28T12:44:43","date_gmt":"2025-08-28T09:44:43","guid":{"rendered":"https:\/\/roveyayinevi.com.tr\/index.php\/urun\/yeni-turk-sinemasinda-nostalji\/"},"modified":"2026-04-15T03:33:20","modified_gmt":"2026-04-15T00:33:20","slug":"yeni-turk-sinemasinda-nostalji","status":"publish","type":"product","link":"https:\/\/roveyayinevi.com.tr\/index.php\/urun\/yeni-turk-sinemasinda-nostalji\/","title":{"rendered":"Yeni T\u00fcrk Sinemas\u0131nda Nostalji"},"content":{"rendered":"<p>Filmler, ge\u00e7mi\u015fi hat\u0131rlama ve \u00f6zlemle ba\u011flant\u0131 kurma \u015feklinde insanlar\u0131n duygusal ihtiya\u00e7lar\u0131n\u0131 kar\u015f\u0131layabilirler. Nostalji filmleri, bu ihtiya\u00e7lar\u0131 hedefleyen ve izleyicilerde katharsis (ar\u0131nma) duygusu olu\u015fturmay\u0131 ama\u00e7layan filmlerdir. Bu kitapta, 2000 sonras\u0131 T\u00fcrk Sinemas\u0131 nostalji ba\u011flam\u0131nda ele al\u0131nm\u0131\u015ft\u0131r. Bir\u00e7ok insan ge\u00e7mi\u015fte bir yere, bir d\u00f6neme, bir ki\u015fiye \u00f6zlem duyabilmektedir. Bu duygulara kar\u015f\u0131l\u0131k gelecek filmler de izlendi\u011finde izleyicide bir ar\u0131nma duygusu olu\u015fturabilmektedir. Bu kitap, incelenen filmler \u00fczerinden nostaljik e\u011filimin filmlerde nas\u0131l ortaya koyuldu\u011funu incelemektedir.Yeni T\u00fcrk Sinemas\u0131n\u0131n nostalji filmleri, ge\u00e7mi\u015fi hat\u0131rlama ve yeniden d\u00fc\u015f\u00fcnme eylemi olarak g\u00f6r\u00fclebilir. Bu filmler ki\u015fisel ve sade bir bellek deneyimi sunar ve izleyicilere maziye d\u00f6n\u00fc\u015fimk\u00e2n\u0131 sa\u011flar. Ancak belirtilmelidir ki, 2000 sonras\u0131 T\u00fcrk Sinemas\u0131ndaki filmlerin tamam\u0131 nostalji filmleri kategorisine giremez. Bu \u00e7al\u0131\u015fmada Dar Alanda K\u0131sa Pasla\u015fmalar (2000), G\u00fcle G\u00fcle (2000), Vizontele (2001), A\u015fk Tesad\u00fcfleri Sever (2011), Dedemin \u0130nsanlar\u0131 (2011), \u0130ftarl\u0131k Gazoz (2016) filmleri nostalji ba\u011flam\u0131nda odak konusu olmaktad\u0131r. <\/p>\n","protected":false},"excerpt":{"rendered":"<p>Filmler, ge\u00e7mi\u015fi hat\u0131rlama ve \u00f6zlemle ba\u011flant\u0131 kurma \u015feklinde insanlar\u0131n duygusal ihtiya\u00e7lar\u0131n\u0131 kar\u015f\u0131layabilirler. Nostalji filmleri, bu ihtiya\u00e7lar\u0131 hedefleyen ve izleyicilerde katharsis (ar\u0131nma) duygusu olu\u015fturmay\u0131 ama\u00e7layan filmlerdir. Bu<span class=\"excerpt-hellip\"> [\u2026]<\/span><\/p>\n","protected":false},"featured_media":0,"template":"","meta":{"_monsterinsights_skip_tracking":false,"_monsterinsights_sitenote_active":false,"_monsterinsights_sitenote_note":"","_monsterinsights_sitenote_category":0},"product_brand":[],"product_cat":[12409,12408],"product_tag":[],"class_list":{"0":"post-767351","1":"product","2":"type-product","3":"status-publish","5":"product_cat-fotograf-sinema-tiyatro","6":"product_cat-sanat","7":"pa_cilt-ciltsiz","8":"pa_tur-kitap","9":"pa_yayinevi-nika-yayinevi","10":"pa_yazar-fatih-diren","12":"first","13":"instock","14":"sale","15":"shipping-taxable","16":"purchasable","17":"product-type-simple"},"_links":{"self":[{"href":"https:\/\/roveyayinevi.com.tr\/index.php\/wp-json\/wp\/v2\/product\/767351","targetHints":{"allow":["GET"]}}],"collection":[{"href":"https:\/\/roveyayinevi.com.tr\/index.php\/wp-json\/wp\/v2\/product"}],"about":[{"href":"https:\/\/roveyayinevi.com.tr\/index.php\/wp-json\/wp\/v2\/types\/product"}],"wp:attachment":[{"href":"https:\/\/roveyayinevi.com.tr\/index.php\/wp-json\/wp\/v2\/media?parent=767351"}],"wp:term":[{"taxonomy":"product_brand","embeddable":true,"href":"https:\/\/roveyayinevi.com.tr\/index.php\/wp-json\/wp\/v2\/product_brand?post=767351"},{"taxonomy":"product_cat","embeddable":true,"href":"https:\/\/roveyayinevi.com.tr\/index.php\/wp-json\/wp\/v2\/product_cat?post=767351"},{"taxonomy":"product_tag","embeddable":true,"href":"https:\/\/roveyayinevi.com.tr\/index.php\/wp-json\/wp\/v2\/product_tag?post=767351"}],"curies":[{"name":"wp","href":"https:\/\/api.w.org\/{rel}","templated":true}]}}