{"id":767350,"date":"2025-08-28T12:44:42","date_gmt":"2025-08-28T09:44:42","guid":{"rendered":"https:\/\/roveyayinevi.com.tr\/index.php\/urun\/devlet-9\/"},"modified":"2026-04-15T03:33:20","modified_gmt":"2026-04-15T00:33:20","slug":"devlet-9","status":"publish","type":"product","link":"https:\/\/roveyayinevi.com.tr\/index.php\/urun\/devlet-9\/","title":{"rendered":"Devlet"},"content":{"rendered":"<p>\u201cSava\u015f, Devletin sa\u011fl\u0131\u011f\u0131d\u0131r.\u201d Bourne\u2019un klasikle\u015fmi\u015f eseri Devlet, sava\u015f ve devlet ili\u015fkisini derinlemesine inceliyor; devletin yasa ve kamu g\u00fcc\u00fcn\u00fc uygulayan h\u00fck\u00fcmet mekanizmas\u0131 olarak, bireyleri kolektivite u\u011fruna i\u015fbirli\u011fi yapmaya nas\u0131l itti\u011fini, di\u011fer t\u00fcm de\u011ferleri feda eden bir birlik duygusunu nas\u0131l besledi\u011fini g\u00f6zler \u00f6n\u00fcne seriyor. Sava\u015f, \u201cDevlet\u201d idealini a\u00e7\u0131\u011fa \u00e7\u0131kar\u0131r \u2013 insanlar\u0131 bir araya getiren, sald\u0131rgan ya da savunmac\u0131 reflekslerle \u00f6rg\u00fctleyen otoriteyi kutsayan bir g\u00fc\u00e7 olarak Devlet. Bourne\u2019a g\u00f6re, sava\u015f\u0131n uluslara de\u011fil, devletlere ait bir i\u015flev olmas\u0131 ve devletin, ulusun enerjisini y\u0131k\u0131c\u0131 ama\u00e7lar i\u00e7in t\u00fcketmesi \u00f6nemli bir paradoksa i\u015faret eder: Devlet sava\u015fla g\u00fc\u00e7lenir ve geni\u015fler, ancak bu geni\u015fleme \u00e7o\u011funlukla yurtta\u015flar\u0131n \u00f6zg\u00fcrl\u00fcklerinden \u00f6d\u00fcn verilmesini gerektirir. Sava\u015f, toplulu\u011fun s\u00fcr\u00fc duygusunu canland\u0131rarak, kolektif bir kimlik yarat\u0131rken muhalifleri d\u0131\u015flama ve bast\u0131rma e\u011filimini do\u011furur; bu, devletin kendi varl\u0131\u011f\u0131n\u0131 koruma \u00e7abas\u0131n\u0131n bir tezah\u00fcr\u00fcd\u00fcr. <\/p>\n","protected":false},"excerpt":{"rendered":"<p>\u201cSava\u015f, Devletin sa\u011fl\u0131\u011f\u0131d\u0131r.\u201d Bourne\u2019un klasikle\u015fmi\u015f eseri Devlet, sava\u015f ve devlet ili\u015fkisini derinlemesine inceliyor; devletin yasa ve kamu g\u00fcc\u00fcn\u00fc uygulayan h\u00fck\u00fcmet mekanizmas\u0131 olarak, bireyleri kolektivite u\u011fruna i\u015fbirli\u011fi<span class=\"excerpt-hellip\"> [\u2026]<\/span><\/p>\n","protected":false},"featured_media":0,"template":"","meta":{"_monsterinsights_skip_tracking":false,"_monsterinsights_sitenote_active":false,"_monsterinsights_sitenote_note":"","_monsterinsights_sitenote_category":0},"product_brand":[],"product_cat":[12337,14706],"product_tag":[],"class_list":{"0":"post-767350","1":"product","2":"type-product","3":"status-publish","5":"product_cat-politika-siyaset","6":"product_cat-siyaset-bilimi","7":"pa_cilt-ciltsiz","8":"pa_tur-kitap","9":"pa_yayinevi-nika-yayinevi","10":"pa_yazar-randolph-bourne","12":"first","13":"instock","14":"sale","15":"shipping-taxable","16":"purchasable","17":"product-type-simple"},"_links":{"self":[{"href":"https:\/\/roveyayinevi.com.tr\/index.php\/wp-json\/wp\/v2\/product\/767350","targetHints":{"allow":["GET"]}}],"collection":[{"href":"https:\/\/roveyayinevi.com.tr\/index.php\/wp-json\/wp\/v2\/product"}],"about":[{"href":"https:\/\/roveyayinevi.com.tr\/index.php\/wp-json\/wp\/v2\/types\/product"}],"wp:attachment":[{"href":"https:\/\/roveyayinevi.com.tr\/index.php\/wp-json\/wp\/v2\/media?parent=767350"}],"wp:term":[{"taxonomy":"product_brand","embeddable":true,"href":"https:\/\/roveyayinevi.com.tr\/index.php\/wp-json\/wp\/v2\/product_brand?post=767350"},{"taxonomy":"product_cat","embeddable":true,"href":"https:\/\/roveyayinevi.com.tr\/index.php\/wp-json\/wp\/v2\/product_cat?post=767350"},{"taxonomy":"product_tag","embeddable":true,"href":"https:\/\/roveyayinevi.com.tr\/index.php\/wp-json\/wp\/v2\/product_tag?post=767350"}],"curies":[{"name":"wp","href":"https:\/\/api.w.org\/{rel}","templated":true}]}}