{"id":767349,"date":"2025-08-28T12:44:40","date_gmt":"2025-08-28T09:44:40","guid":{"rendered":"https:\/\/roveyayinevi.com.tr\/index.php\/urun\/toplumu-anlamak\/"},"modified":"2026-04-15T03:33:20","modified_gmt":"2026-04-15T00:33:20","slug":"toplumu-anlamak","status":"publish","type":"product","link":"https:\/\/roveyayinevi.com.tr\/index.php\/urun\/toplumu-anlamak\/","title":{"rendered":"Toplumu Anlamak"},"content":{"rendered":"<p>Frans\u0131z yazar Georges Perec&#8217;in en \u00fcnl\u00fc eserlerinden biri olan Hat\u0131rl\u0131yorum, her biri numaraland\u0131r\u0131lm\u0131\u015f 480 tane paragraftan olu\u015fur. Her bir paragrafta bir \u00e7ocukluk an\u0131s\u0131n\u0131 anlatt\u0131\u011f\u0131 k\u0131sa birka\u00e7 sat\u0131r yer al\u0131r. Eserin ne bir ba\u015flang\u0131c\u0131 ne de bir sonu vard\u0131r. Herhangi bir analiz de i\u00e7ermez. Ancak yine de 1940&#8217;lar ve 50&#8217;lerdeki Frans\u0131z toplumu hakk\u0131nda derin ger\u00e7ekleri ortaya koyar.Perec&#8217;in kitab\u0131ndan feyzalan Toplumu Anlatmak, toplum hakk\u0131nda bildiklerimizi ba\u015fkalar\u0131na aktarman\u0131n al\u0131\u015f\u0131lmad\u0131k yollar\u0131n\u0131 ara\u015ft\u0131r\u0131yor. Se\u00e7kin akademisyen ve \u00f6\u011fretmen Howard Becker&#8217;\u0131n sosyal bilimciler i\u00e7in \u00e7ok satan yazma k\u0131lavuzlar\u0131 serisinin \u00fc\u00e7\u00fcnc\u00fcs\u00fc olan bu kitap, toplum hakk\u0131ndaki bilginin farkl\u0131 anlat\u0131m bi\u00e7imleriyle \u2013kurgu, filmler, foto\u011fraflar, haritalar, hatta matematiksel modeller\u2013 payla\u015f\u0131labilece\u011fi ve yorumlanabilece\u011fi bir\u00e7ok yolu inceliyor ve bunlar\u0131n \u00e7o\u011fu geleneksel sosyal bilimin s\u0131n\u0131rlar\u0131 d\u0131\u015f\u0131nda kal\u0131yor. Walker Evans&#8217;\u0131n foto\u011fraflar\u0131, George Bernard Shaw&#8217;\u0131n oyunlar\u0131, Jane Austen ve Italo Calvino&#8217;nun romanlar\u0131 ve Erving Goffman&#8217;\u0131n sosyolojisi de dahil olmak \u00fczere sekiz vaka \u00e7al\u0131\u015fmas\u0131, Becker&#8217;\u0131n arg\u00fcman\u0131na ikna edici bir destek sa\u011fl\u0131yor: Toplum hakk\u0131nda her t\u00fcrl\u00fc anlat\u0131m bi\u00e7imi \u2013belirli bir ama\u00e7 i\u00e7in\u2013 m\u00fckemmeldir. Becker&#8217;\u0131n da belirtti\u011fi gibi, i\u015fin p\u00fcf noktas\u0131, bunu bu \u015fekilde yapmaktansa \u015fu \u015fekilde yapman\u0131n hangi amaca hizmet etti\u011fini ke\u015ffetmektir.Becker&#8217;in alametifarikas\u0131 olan mizah\u0131 ve son derece pratik tavsiyeleriyle Toplumu Anlatmak, her alandan sosyal bilimciler, toplum hakk\u0131nda bir \u015feyler s\u00f6ylemek isteyen sanat\u00e7\u0131lar ve bilgiyi al\u0131\u015f\u0131lmad\u0131k yollarla iletmek isteyen herkes i\u00e7in ideal bir rehberdir. <\/p>\n","protected":false},"excerpt":{"rendered":"<p>Frans\u0131z yazar Georges Perec&#8217;in en \u00fcnl\u00fc eserlerinden biri olan Hat\u0131rl\u0131yorum, her biri numaraland\u0131r\u0131lm\u0131\u015f 480 tane paragraftan olu\u015fur. Her bir paragrafta bir \u00e7ocukluk an\u0131s\u0131n\u0131 anlatt\u0131\u011f\u0131 k\u0131sa birka\u00e7<span class=\"excerpt-hellip\"> [\u2026]<\/span><\/p>\n","protected":false},"featured_media":0,"template":"","meta":{"_monsterinsights_skip_tracking":false,"_monsterinsights_sitenote_active":false,"_monsterinsights_sitenote_note":"","_monsterinsights_sitenote_category":0},"product_brand":[],"product_cat":[12324],"product_tag":[],"class_list":{"0":"post-767349","1":"product","2":"type-product","3":"status-publish","5":"product_cat-sosyoloji","6":"pa_cilt-ciltsiz","7":"pa_tur-kitap","8":"pa_yayinevi-nika-yayinevi","9":"pa_yazar-howard-s-becker","11":"first","12":"instock","13":"sale","14":"shipping-taxable","15":"purchasable","16":"product-type-simple"},"_links":{"self":[{"href":"https:\/\/roveyayinevi.com.tr\/index.php\/wp-json\/wp\/v2\/product\/767349","targetHints":{"allow":["GET"]}}],"collection":[{"href":"https:\/\/roveyayinevi.com.tr\/index.php\/wp-json\/wp\/v2\/product"}],"about":[{"href":"https:\/\/roveyayinevi.com.tr\/index.php\/wp-json\/wp\/v2\/types\/product"}],"wp:attachment":[{"href":"https:\/\/roveyayinevi.com.tr\/index.php\/wp-json\/wp\/v2\/media?parent=767349"}],"wp:term":[{"taxonomy":"product_brand","embeddable":true,"href":"https:\/\/roveyayinevi.com.tr\/index.php\/wp-json\/wp\/v2\/product_brand?post=767349"},{"taxonomy":"product_cat","embeddable":true,"href":"https:\/\/roveyayinevi.com.tr\/index.php\/wp-json\/wp\/v2\/product_cat?post=767349"},{"taxonomy":"product_tag","embeddable":true,"href":"https:\/\/roveyayinevi.com.tr\/index.php\/wp-json\/wp\/v2\/product_tag?post=767349"}],"curies":[{"name":"wp","href":"https:\/\/api.w.org\/{rel}","templated":true}]}}