{"id":767348,"date":"2025-08-28T12:44:38","date_gmt":"2025-08-28T09:44:38","guid":{"rendered":"https:\/\/roveyayinevi.com.tr\/index.php\/urun\/kucuk-iyilikler\/"},"modified":"2026-04-15T03:33:20","modified_gmt":"2026-04-15T00:33:20","slug":"kucuk-iyilikler","status":"publish","type":"product","link":"https:\/\/roveyayinevi.com.tr\/index.php\/urun\/kucuk-iyilikler\/","title":{"rendered":"K\u00fc\u00e7\u00fck \u0130yilikler"},"content":{"rendered":"<p>Buz hokeyi efsanesi Bishop Winslow, yeni tak\u0131m\u0131ndaki ilk y\u0131l\u0131n\u0131n harika bir ba\u015flang\u0131\u00e7 olaca\u011f\u0131n\u0131 d\u00fc\u015f\u00fcn\u00fcr. Ancak hi\u00e7bir \u015fey bekledi\u011fi gibi gitmez. Yeni kom\u015fusuyla tan\u0131\u015fmas\u0131 da buna dahildir; gen\u00e7 kad\u0131n\u0131n gecenin bir yar\u0131s\u0131 kap\u0131n\u0131n \u00f6n\u00fcnde \u00e7\u0131kard\u0131\u011f\u0131 kaos, Bishop\u2019un t\u00fcm d\u00fczenini alt\u00fcst eder. Aralar\u0131nda ba\u015flayan d\u00fc\u015fmanl\u0131k, kom\u015fuluk ili\u015fkilerine tamamen terstir. \u00dcstelik bu kad\u0131n, Bishop\u2019un tak\u0131m kaptan\u0131n\u0131n k\u0131z karde\u015fidir. Stevie Bowman, ya\u015fad\u0131\u011f\u0131 ihanetin ard\u0131ndan a\u011fabeyinin evine s\u0131\u011f\u0131n\u0131r ve akl\u0131ndaki son \u015fey, a\u011fabeyinin tak\u0131m arkada\u015flar\u0131ndan biriyle kom\u015fu, hatta d\u00fc\u015fman olmakt\u0131r. Fakat Stevie, gen\u00e7 adam haftalarca oyundan uzak kalmas\u0131na neden olacak bir sakatl\u0131k ya\u015fay\u0131nca, aralar\u0131ndaki t\u00fcm anla\u015fmazl\u0131\u011fa ra\u011fmen ona yard\u0131m etmekten geri durmaz. Birlikte vakit ge\u00e7irdik\u00e7e, bu d\u00fc\u015fmanl\u0131k yava\u015f\u00e7a erimeye ba\u015flar. Stevie sadece k\u00fc\u00e7\u00fck bir iyilik yapmak istemi\u015ftir. Peki bu iyilik, ona hayat\u0131n\u0131n a\u015fk\u0131n\u0131 m\u0131 kazand\u0131racakt\u0131r yoksa kalbinde onar\u0131lmaz bir yara m\u0131 a\u00e7acakt\u0131r? &#8220;Karakterlerin ger\u00e7ek\u00e7ili\u011fini ve arkada\u015fl\u0131klar\u0131n\u0131n nas\u0131l kuruldu\u011funusevdim. K\u00fc\u00e7\u00fck \u0130yilikler, art\u0131k en sevdi\u011fim hokey kitab\u0131!&#8221;New York Times \u00e7oksatan yazar\u0131 Tijan<\/p>\n","protected":false},"excerpt":{"rendered":"<p>Buz hokeyi efsanesi Bishop Winslow, yeni tak\u0131m\u0131ndaki ilk y\u0131l\u0131n\u0131n harika bir ba\u015flang\u0131\u00e7 olaca\u011f\u0131n\u0131 d\u00fc\u015f\u00fcn\u00fcr. Ancak hi\u00e7bir \u015fey bekledi\u011fi gibi gitmez. Yeni kom\u015fusuyla tan\u0131\u015fmas\u0131 da buna dahildir;<span class=\"excerpt-hellip\"> [\u2026]<\/span><\/p>\n","protected":false},"featured_media":0,"template":"","meta":{"_monsterinsights_skip_tracking":false,"_monsterinsights_sitenote_active":false,"_monsterinsights_sitenote_note":"","_monsterinsights_sitenote_category":0},"product_brand":[],"product_cat":[12291,12711],"product_tag":[],"class_list":{"0":"post-767348","1":"product","2":"type-product","3":"status-publish","5":"product_cat-edebiyat","6":"product_cat-roman-oyku","7":"pa_cilt-ciltsiz","8":"pa_tur-kitap","9":"pa_yayinevi-nemesis-kitap","10":"pa_yazar-helena-hunting","12":"first","13":"instock","14":"sale","15":"shipping-taxable","16":"purchasable","17":"product-type-simple"},"_links":{"self":[{"href":"https:\/\/roveyayinevi.com.tr\/index.php\/wp-json\/wp\/v2\/product\/767348","targetHints":{"allow":["GET"]}}],"collection":[{"href":"https:\/\/roveyayinevi.com.tr\/index.php\/wp-json\/wp\/v2\/product"}],"about":[{"href":"https:\/\/roveyayinevi.com.tr\/index.php\/wp-json\/wp\/v2\/types\/product"}],"wp:attachment":[{"href":"https:\/\/roveyayinevi.com.tr\/index.php\/wp-json\/wp\/v2\/media?parent=767348"}],"wp:term":[{"taxonomy":"product_brand","embeddable":true,"href":"https:\/\/roveyayinevi.com.tr\/index.php\/wp-json\/wp\/v2\/product_brand?post=767348"},{"taxonomy":"product_cat","embeddable":true,"href":"https:\/\/roveyayinevi.com.tr\/index.php\/wp-json\/wp\/v2\/product_cat?post=767348"},{"taxonomy":"product_tag","embeddable":true,"href":"https:\/\/roveyayinevi.com.tr\/index.php\/wp-json\/wp\/v2\/product_tag?post=767348"}],"curies":[{"name":"wp","href":"https:\/\/api.w.org\/{rel}","templated":true}]}}