{"id":767347,"date":"2025-08-28T12:44:37","date_gmt":"2025-08-28T09:44:37","guid":{"rendered":"https:\/\/roveyayinevi.com.tr\/index.php\/urun\/liberal-dusunce-dergisi-sayi-116-guz-2024\/"},"modified":"2026-04-15T03:33:20","modified_gmt":"2026-04-15T00:33:20","slug":"liberal-dusunce-dergisi-sayi-116-guz-2024","status":"publish","type":"product","link":"https:\/\/roveyayinevi.com.tr\/index.php\/urun\/liberal-dusunce-dergisi-sayi-116-guz-2024\/","title":{"rendered":"Liberal D\u00fc\u015f\u00fcnce Dergisi Say\u0131 116, G\u00fcz 2024"},"content":{"rendered":"<p>Ger\u00e7eklik Bir Sosyal \u0130n\u015fa m\u0131d\u0131r? Bir Sosyal Bilim Y\u00f6ntemi Olarak Berger ve Bhaskar Temelinde Ger\u00e7eklik, Toplum ve \u0130nsan \u0130li\u015fkisi \u00dczerine Bir De\u011ferlendirmeIs Reality a Social Construction? An Evaluation of Reality, Society and Human Relations Based on Berger and Bhaskar as a Social Science MethodOlkan Senemo\u011fluSimon Critchley\u2019in Politik TeolojisiSimon Critchley\u2019s Political TheologySema Cevirici AtillaHukuk Devleti ve Kamu D\u00fczeni \u0130li\u015fkisinde G\u00fcvenlik Politikalar\u0131n\u0131n Olu\u015fumuThe Formation of Public Security Policies in the Relationship Between the Rule of Law and Public OrderAlp Cenk ArslanKlasik Liberal D\u00fc\u015f\u00fcnce A\u00e7\u0131s\u0131ndan Good Samaritan ve Kadir \u015eeker Davas\u0131Good Samaritan and Kadir \u015eeker Case from the Perspective of Classical Liberal ThoughtGurur G\u00fclce Be\u015feSa\u011f Siyasetin Ontolojik GrameriOntological Grammar of Right Wing PoliticsMehmet Uluk\u00fct\u00fckLooking at the Policies of National Identity Construction in the Democratic Party EraDemokrat Parti D\u00f6nemi Ulusal Kimlik \u0130n\u015fas\u0131 Politikalar\u0131na BakmakMelek Kaymaz Mert &amp; Nergiz Ba\u015fe\u011fmez BolamanThe Interest-Based Relations of the Ruling Elites as the Determining Main Variable in U.S.-Egypt Relations and the HegemonyABD-M\u0131s\u0131r \u0130li\u015fkilerinde Belirleyici Ana De\u011fi\u015fken Olarak \u0130ktidar Se\u00e7kinleri Aras\u0131ndaki \u0130li\u015fkiler ve HegemonyaHasan FidanT\u00fcrkiye\u2019de Kamu Sosyal Harcamalar\u0131n\u0131n Gelir Da\u011f\u0131l\u0131m\u0131na B\u00f6lgesel Etkileri: 2006-2021 D\u00f6nemi G\u0130R Modeli AnaliziThe Regional Effects of Public Social Expenditures on Income Distribution in Turkey: An Analysis Using the SUR Model for the 2006-2021 PeriodAbdulkadir Keskin<\/p>\n","protected":false},"excerpt":{"rendered":"<p>Ger\u00e7eklik Bir Sosyal \u0130n\u015fa m\u0131d\u0131r? Bir Sosyal Bilim Y\u00f6ntemi Olarak Berger ve Bhaskar Temelinde Ger\u00e7eklik, Toplum ve \u0130nsan \u0130li\u015fkisi \u00dczerine Bir De\u011ferlendirmeIs Reality a Social Construction?<span class=\"excerpt-hellip\"> [\u2026]<\/span><\/p>\n","protected":false},"featured_media":0,"template":"","meta":{"_monsterinsights_skip_tracking":false,"_monsterinsights_sitenote_active":false,"_monsterinsights_sitenote_note":"","_monsterinsights_sitenote_category":0},"product_brand":[],"product_cat":[13527],"product_tag":[],"class_list":{"0":"post-767347","1":"product","2":"type-product","3":"status-publish","5":"product_cat-sureli-yayinlar","6":"pa_cilt-ciltsiz","7":"pa_tur-dergi","8":"pa_yayinevi-liberte-yayinlari","9":"pa_yazar-kolektif","11":"first","12":"instock","13":"sale","14":"shipping-taxable","15":"purchasable","16":"product-type-simple"},"_links":{"self":[{"href":"https:\/\/roveyayinevi.com.tr\/index.php\/wp-json\/wp\/v2\/product\/767347","targetHints":{"allow":["GET"]}}],"collection":[{"href":"https:\/\/roveyayinevi.com.tr\/index.php\/wp-json\/wp\/v2\/product"}],"about":[{"href":"https:\/\/roveyayinevi.com.tr\/index.php\/wp-json\/wp\/v2\/types\/product"}],"wp:attachment":[{"href":"https:\/\/roveyayinevi.com.tr\/index.php\/wp-json\/wp\/v2\/media?parent=767347"}],"wp:term":[{"taxonomy":"product_brand","embeddable":true,"href":"https:\/\/roveyayinevi.com.tr\/index.php\/wp-json\/wp\/v2\/product_brand?post=767347"},{"taxonomy":"product_cat","embeddable":true,"href":"https:\/\/roveyayinevi.com.tr\/index.php\/wp-json\/wp\/v2\/product_cat?post=767347"},{"taxonomy":"product_tag","embeddable":true,"href":"https:\/\/roveyayinevi.com.tr\/index.php\/wp-json\/wp\/v2\/product_tag?post=767347"}],"curies":[{"name":"wp","href":"https:\/\/api.w.org\/{rel}","templated":true}]}}