{"id":767346,"date":"2025-08-28T12:44:36","date_gmt":"2025-08-28T09:44:36","guid":{"rendered":"https:\/\/roveyayinevi.com.tr\/index.php\/urun\/kaliplari-kirin\/"},"modified":"2026-04-15T03:33:20","modified_gmt":"2026-04-15T00:33:20","slug":"kaliplari-kirin","status":"publish","type":"product","link":"https:\/\/roveyayinevi.com.tr\/index.php\/urun\/kaliplari-kirin\/","title":{"rendered":"Kal\u0131plar\u0131 K\u0131r\u0131n"},"content":{"rendered":"<p>Ayn\u0131 k\u00f6t\u00fc hisler, ayn\u0131 hatalar\u2026Bu kitaptan sonra d\u00fc\u015f\u00fcnce ve davran\u0131\u015flar\u0131n\u0131z ayn\u0131 olmayacak. Baz\u0131lar\u0131m\u0131z travmalar\u0131n\u0131 iyile\u015ftirmek ve kopyalad\u0131\u011f\u0131m\u0131z davran\u0131\u015f kal\u0131plar\u0131ndan kurtulmak i\u00e7in terapiye ba\u015fvuruyor. Baz\u0131lar\u0131m\u0131z ba\u015fka yollar ararken, baz\u0131lar\u0131m\u0131z sadece bu davran\u0131\u015flarla ya\u015f\u0131yor ve \u00e7o\u011fu zaman fark\u0131nda bile olmuyor. \u0130ster a\u015fkta kaos olsun, ister i\u015f yerinde t\u00f6kezlemek hayatta ayn\u0131 hatalar\u0131 yapmaya devam ediyorsak, bunun nedeni sezgilerimizin belirli kal\u0131plar\u0131 takip etmesidir. \u015eema terapi i\u00e7imizdeki \u00e7ocu\u011fa eri\u015fmemizi ve onunla \u00e7al\u0131\u015fmay\u0131 \u00f6\u011frenmemizi sa\u011flayan teknikler sunan bir y\u00f6ntem. Bu y\u00f6ntem i\u00e7in Gitta Jacob elinizden tutuyor ve i\u00e7inizdeki \u00e7ocukla nas\u0131l temasa ge\u00e7ece\u011finizi, istemedi\u011finiz davran\u0131\u015flar\u0131n\u0131z\u0131 nas\u0131l yava\u015f yava\u015f de\u011fi\u015ftirebilece\u011finizi \u00e7e\u015fitli sorular i\u00e7eren \u00e7al\u0131\u015fmalar\u0131yla size \u00f6\u011fretiyor. Bu kitab\u0131n teoriden daha fazlas\u0131 oldu\u011funu, sadece kendini tan\u0131yanlar\u0131n d\u00fc\u015f\u00fcnce ve davran\u0131\u015f kal\u0131plar\u0131n\u0131 de\u011fi\u015ftirebilece\u011fini bir yerlere not edin. Haz\u0131rsan\u0131z gelece\u011finizi yeniden \u015fekillendirmek i\u00e7in okumaya ba\u015flayabilirsiniz.<\/p>\n","protected":false},"excerpt":{"rendered":"<p>Ayn\u0131 k\u00f6t\u00fc hisler, ayn\u0131 hatalar\u2026Bu kitaptan sonra d\u00fc\u015f\u00fcnce ve davran\u0131\u015flar\u0131n\u0131z ayn\u0131 olmayacak. Baz\u0131lar\u0131m\u0131z travmalar\u0131n\u0131 iyile\u015ftirmek ve kopyalad\u0131\u011f\u0131m\u0131z davran\u0131\u015f kal\u0131plar\u0131ndan kurtulmak i\u00e7in terapiye ba\u015fvuruyor. Baz\u0131lar\u0131m\u0131z ba\u015fka yollar<span class=\"excerpt-hellip\"> [\u2026]<\/span><\/p>\n","protected":false},"featured_media":0,"template":"","meta":{"_monsterinsights_skip_tracking":false,"_monsterinsights_sitenote_active":false,"_monsterinsights_sitenote_note":"","_monsterinsights_sitenote_category":0},"product_brand":[],"product_cat":[12357],"product_tag":[],"class_list":{"0":"post-767346","1":"product","2":"type-product","3":"status-publish","5":"product_cat-psikoloji","6":"pa_cilt-ciltsiz","7":"pa_tur-kitap","8":"pa_yayinevi-nemesis-kitap","9":"pa_yazar-gitta-jacob","11":"first","12":"instock","13":"sale","14":"shipping-taxable","15":"purchasable","16":"product-type-simple"},"_links":{"self":[{"href":"https:\/\/roveyayinevi.com.tr\/index.php\/wp-json\/wp\/v2\/product\/767346","targetHints":{"allow":["GET"]}}],"collection":[{"href":"https:\/\/roveyayinevi.com.tr\/index.php\/wp-json\/wp\/v2\/product"}],"about":[{"href":"https:\/\/roveyayinevi.com.tr\/index.php\/wp-json\/wp\/v2\/types\/product"}],"wp:attachment":[{"href":"https:\/\/roveyayinevi.com.tr\/index.php\/wp-json\/wp\/v2\/media?parent=767346"}],"wp:term":[{"taxonomy":"product_brand","embeddable":true,"href":"https:\/\/roveyayinevi.com.tr\/index.php\/wp-json\/wp\/v2\/product_brand?post=767346"},{"taxonomy":"product_cat","embeddable":true,"href":"https:\/\/roveyayinevi.com.tr\/index.php\/wp-json\/wp\/v2\/product_cat?post=767346"},{"taxonomy":"product_tag","embeddable":true,"href":"https:\/\/roveyayinevi.com.tr\/index.php\/wp-json\/wp\/v2\/product_tag?post=767346"}],"curies":[{"name":"wp","href":"https:\/\/api.w.org\/{rel}","templated":true}]}}