{"id":767342,"date":"2025-08-28T12:44:26","date_gmt":"2025-08-28T09:44:26","guid":{"rendered":"https:\/\/roveyayinevi.com.tr\/index.php\/urun\/mukemmel-eslesme\/"},"modified":"2026-04-15T03:33:20","modified_gmt":"2026-04-15T00:33:20","slug":"mukemmel-eslesme","status":"publish","type":"product","link":"https:\/\/roveyayinevi.com.tr\/index.php\/urun\/mukemmel-eslesme\/","title":{"rendered":"M\u00fckemmel E\u015fle\u015fme"},"content":{"rendered":"<p>Her gen\u00e7 k\u0131z bir g\u00fcn ta\u00e7 takman\u0131n hayalini kurard\u0131. Fl\u00f6rt uygulamas\u0131n\u0131 indirdi\u011fim her seferinde ayn\u0131 adamla e\u015fle\u015fmek kadar romantik bir \u015fey olamazd\u0131. A\u015f\u0131r\u0131 seksi miydi? Evet. Yasak b\u00f6lge miydi? Kesinlikle evet. Evren benden nefret ediyor olmal\u0131yd\u0131.   Cole Kincaid abimin en iyi arkada\u015f\u0131yd\u0131 ve lisedeyken ona abay\u0131 yakm\u0131\u015ft\u0131m. \u015eimdiyse Heston \u00dcniversitesi hokey tak\u0131m\u0131nda babam\u0131n yard\u0131mc\u0131 ko\u00e7u olmak i\u00e7in kasabaya geri d\u00f6nm\u00fc\u015ft\u00fc. Onu g\u00f6r\u00fcnce, tamamen s\u00f6nmemi\u015f hislerim an\u0131nda alevlenmi\u015fti. Ama biz m\u00fcmk\u00fcn de\u011fildik. Hi\u00e7 olmam\u0131\u015ft\u0131k.   K\u00f6t\u00fc bir ayr\u0131l\u0131k d\u00f6neminden ge\u00e7iyordum ve yeni y\u0131la yaln\u0131z girme d\u00fc\u015f\u00fcncesi katlan\u0131lmazd\u0131. Ben de hemen bir fl\u00f6rt uygulamas\u0131 indirdim ve kendimi silip silip tekrar indirme d\u00f6ng\u00fcs\u00fcne kapt\u0131rd\u0131m. Ve Cole\u2019la e\u015fle\u015ftim. Her seferinde.   K\u0131\u015f boyunca herkesten gizli tak\u0131lmay\u0131 kabul etti\u011fimizde aram\u0131zdakilerin ciddile\u015fmesini beklemiyordum. Ama oynad\u0131\u011f\u0131m\u0131z k\u00fc\u00e7\u00fck oyunun risklerini anlamam\u0131\u015ft\u0131k. Koydu\u011fumuz s\u0131n\u0131rlar bulan\u0131kla\u015ft\u0131\u011f\u0131nda hayatlar\u0131m\u0131z k\u00f6k\u00fcnden de\u011fi\u015fecekti. <\/p>\n","protected":false},"excerpt":{"rendered":"<p>Her gen\u00e7 k\u0131z bir g\u00fcn ta\u00e7 takman\u0131n hayalini kurard\u0131. Fl\u00f6rt uygulamas\u0131n\u0131 indirdi\u011fim her seferinde ayn\u0131 adamla e\u015fle\u015fmek kadar romantik bir \u015fey olamazd\u0131. A\u015f\u0131r\u0131 seksi miydi? Evet.<span class=\"excerpt-hellip\"> [\u2026]<\/span><\/p>\n","protected":false},"featured_media":0,"template":"","meta":{"_monsterinsights_skip_tracking":false,"_monsterinsights_sitenote_active":false,"_monsterinsights_sitenote_note":"","_monsterinsights_sitenote_category":0},"product_brand":[],"product_cat":[12291,12711],"product_tag":[],"class_list":{"0":"post-767342","1":"product","2":"type-product","3":"status-publish","5":"product_cat-edebiyat","6":"product_cat-roman-oyku","7":"pa_cilt-ciltsiz","8":"pa_tur-kitap","9":"pa_yayinevi-indigo-kitap","10":"pa_yazar-veronica-eden","12":"first","13":"instock","14":"sale","15":"shipping-taxable","16":"purchasable","17":"product-type-simple"},"_links":{"self":[{"href":"https:\/\/roveyayinevi.com.tr\/index.php\/wp-json\/wp\/v2\/product\/767342","targetHints":{"allow":["GET"]}}],"collection":[{"href":"https:\/\/roveyayinevi.com.tr\/index.php\/wp-json\/wp\/v2\/product"}],"about":[{"href":"https:\/\/roveyayinevi.com.tr\/index.php\/wp-json\/wp\/v2\/types\/product"}],"wp:attachment":[{"href":"https:\/\/roveyayinevi.com.tr\/index.php\/wp-json\/wp\/v2\/media?parent=767342"}],"wp:term":[{"taxonomy":"product_brand","embeddable":true,"href":"https:\/\/roveyayinevi.com.tr\/index.php\/wp-json\/wp\/v2\/product_brand?post=767342"},{"taxonomy":"product_cat","embeddable":true,"href":"https:\/\/roveyayinevi.com.tr\/index.php\/wp-json\/wp\/v2\/product_cat?post=767342"},{"taxonomy":"product_tag","embeddable":true,"href":"https:\/\/roveyayinevi.com.tr\/index.php\/wp-json\/wp\/v2\/product_tag?post=767342"}],"curies":[{"name":"wp","href":"https:\/\/api.w.org\/{rel}","templated":true}]}}