{"id":767341,"date":"2025-08-28T12:44:25","date_gmt":"2025-08-28T09:44:25","guid":{"rendered":"https:\/\/roveyayinevi.com.tr\/index.php\/urun\/muslumanlara-atilan-iftiralar\/"},"modified":"2026-04-15T03:33:20","modified_gmt":"2026-04-15T00:33:20","slug":"muslumanlara-atilan-iftiralar","status":"publish","type":"product","link":"https:\/\/roveyayinevi.com.tr\/index.php\/urun\/muslumanlara-atilan-iftiralar\/","title":{"rendered":"M\u00fcsl\u00fcmanlara At\u0131lan \u0130ftiralar"},"content":{"rendered":"<p>Bu kitapta anlat\u0131lan ger\u00e7ekler iyi anla\u015f\u0131ld\u0131\u011f\u0131 takdirde Kuran ayetleri ve evrendeki her \u015feyin anlam\u0131 \u00e7ok daha iyi kavranacakt\u0131r. \u0130nsan, kendisi de d\u00e2hil olmak \u00fczere her \u015feyin sadece kopyas\u0131yla muhatap oldu\u011fu bir d\u00fcnyada ya\u015famaktad\u0131r. Her \u015feyin g\u00f6r\u00fcnt\u00fc oldu\u011fu bu kopya evrende tek mutlak varl\u0131k Allah&#8217;t\u0131r, O&#8217;ndan ba\u015fka \u0130lah yoktur. \u0130nsanlar\u0131n Allah&#8217;\u0131 unutarak de\u011fer verdikleri, u\u011fruna dinlerini terk ettikleri, pe\u015finden gittikleri her \u015fey bo\u015ftur. <\/p>\n","protected":false},"excerpt":{"rendered":"<p>Bu kitapta anlat\u0131lan ger\u00e7ekler iyi anla\u015f\u0131ld\u0131\u011f\u0131 takdirde Kuran ayetleri ve evrendeki her \u015feyin anlam\u0131 \u00e7ok daha iyi kavranacakt\u0131r. \u0130nsan, kendisi de d\u00e2hil olmak \u00fczere her \u015feyin<span class=\"excerpt-hellip\"> [\u2026]<\/span><\/p>\n","protected":false},"featured_media":0,"template":"","meta":{"_monsterinsights_skip_tracking":false,"_monsterinsights_sitenote_active":false,"_monsterinsights_sitenote_note":"","_monsterinsights_sitenote_category":0},"product_brand":[],"product_cat":[12718,12719],"product_tag":[],"class_list":{"0":"post-767341","1":"product","2":"type-product","3":"status-publish","5":"product_cat-din","6":"product_cat-islam","7":"pa_cilt-ciltsiz","8":"pa_tur-kitap","9":"pa_yayinevi-kalem-lugat-yayincilik","10":"pa_yazar-zubeyt-bozkurt","12":"first","13":"instock","14":"sale","15":"shipping-taxable","16":"purchasable","17":"product-type-simple"},"_links":{"self":[{"href":"https:\/\/roveyayinevi.com.tr\/index.php\/wp-json\/wp\/v2\/product\/767341","targetHints":{"allow":["GET"]}}],"collection":[{"href":"https:\/\/roveyayinevi.com.tr\/index.php\/wp-json\/wp\/v2\/product"}],"about":[{"href":"https:\/\/roveyayinevi.com.tr\/index.php\/wp-json\/wp\/v2\/types\/product"}],"wp:attachment":[{"href":"https:\/\/roveyayinevi.com.tr\/index.php\/wp-json\/wp\/v2\/media?parent=767341"}],"wp:term":[{"taxonomy":"product_brand","embeddable":true,"href":"https:\/\/roveyayinevi.com.tr\/index.php\/wp-json\/wp\/v2\/product_brand?post=767341"},{"taxonomy":"product_cat","embeddable":true,"href":"https:\/\/roveyayinevi.com.tr\/index.php\/wp-json\/wp\/v2\/product_cat?post=767341"},{"taxonomy":"product_tag","embeddable":true,"href":"https:\/\/roveyayinevi.com.tr\/index.php\/wp-json\/wp\/v2\/product_tag?post=767341"}],"curies":[{"name":"wp","href":"https:\/\/api.w.org\/{rel}","templated":true}]}}