{"id":767340,"date":"2025-08-28T12:44:24","date_gmt":"2025-08-28T09:44:24","guid":{"rendered":"https:\/\/roveyayinevi.com.tr\/index.php\/urun\/ataturk-ve-cumhuriyet\/"},"modified":"2026-04-15T03:33:20","modified_gmt":"2026-04-15T00:33:20","slug":"ataturk-ve-cumhuriyet","status":"publish","type":"product","link":"https:\/\/roveyayinevi.com.tr\/index.php\/urun\/ataturk-ve-cumhuriyet\/","title":{"rendered":"Atat\u00fcrk ve Cumhuriyet"},"content":{"rendered":"<p>T\u00fcrkiye Cumhuriyeti y\u0131k\u0131k bir imparatorlu\u011fun kal\u0131nt\u0131lar\u0131ndan, emek emek ortaya \u00e7\u0131km\u0131\u015ft\u0131r. Y\u0131k\u0131lm\u0131\u015f, harap olmu\u015f, evlatlar\u0131n\u0131 sava\u015flarda yitirmi\u015f T\u00fcrk Milleti, t\u00fcm d\u00fcnyaya \u00f6rnek bir at\u0131l\u0131mla, hi\u00e7 yorulmadan \u00e7al\u0131\u015farak Cumhuriyet tarihini yazmaya ba\u015flam\u0131\u015ft\u0131r. Bu b\u00fcy\u00fck m\u00fccadelede Atat\u00fcrk&#8217;\u00fcn yan\u0131nda ise her zaman T\u00fcrk Milleti, \u00f6zellikle de T\u00fcrk gen\u00e7li\u011fi olmu\u015ftur. Gen\u00e7ler her zaman ve her \u015fart alt\u0131nda Atat\u00fcrk&#8217;e destek olmu\u015f, ona g\u00fcvenmi\u015f, milli m\u00fccadelenin ba\u015far\u0131yla sonu\u00e7lanaca\u011f\u0131 inan\u00e7lar\u0131n\u0131 her zaman muhafaza etmi\u015flerdir. Atat\u00fcrk T\u00fcm enerjisini T\u00fcrk Milleti i\u00e7in hedefledi\u011fi \u00e7a\u011fda\u015f, medeni ve demokratik Cumhuriyetin kurulmas\u0131na yo\u011funla\u015ft\u0131rm\u0131\u015ft\u0131r. <\/p>\n","protected":false},"excerpt":{"rendered":"<p>T\u00fcrkiye Cumhuriyeti y\u0131k\u0131k bir imparatorlu\u011fun kal\u0131nt\u0131lar\u0131ndan, emek emek ortaya \u00e7\u0131km\u0131\u015ft\u0131r. Y\u0131k\u0131lm\u0131\u015f, harap olmu\u015f, evlatlar\u0131n\u0131 sava\u015flarda yitirmi\u015f T\u00fcrk Milleti, t\u00fcm d\u00fcnyaya \u00f6rnek bir at\u0131l\u0131mla, hi\u00e7 yorulmadan \u00e7al\u0131\u015farak<span class=\"excerpt-hellip\"> [\u2026]<\/span><\/p>\n","protected":false},"featured_media":0,"template":"","meta":{"_monsterinsights_skip_tracking":false,"_monsterinsights_sitenote_active":false,"_monsterinsights_sitenote_note":"","_monsterinsights_sitenote_category":0},"product_brand":[],"product_cat":[12304,13493],"product_tag":[],"class_list":{"0":"post-767340","1":"product","2":"type-product","3":"status-publish","5":"product_cat-tarih","6":"product_cat-turkiye-ve-cumhuriyet-tarihi","7":"pa_cilt-ciltsiz","8":"pa_tur-kitap","9":"pa_yayinevi-kalem-lugat-yayincilik","10":"pa_yazar-zubeyt-bozkurt","12":"first","13":"instock","14":"sale","15":"shipping-taxable","16":"purchasable","17":"product-type-simple"},"_links":{"self":[{"href":"https:\/\/roveyayinevi.com.tr\/index.php\/wp-json\/wp\/v2\/product\/767340","targetHints":{"allow":["GET"]}}],"collection":[{"href":"https:\/\/roveyayinevi.com.tr\/index.php\/wp-json\/wp\/v2\/product"}],"about":[{"href":"https:\/\/roveyayinevi.com.tr\/index.php\/wp-json\/wp\/v2\/types\/product"}],"wp:attachment":[{"href":"https:\/\/roveyayinevi.com.tr\/index.php\/wp-json\/wp\/v2\/media?parent=767340"}],"wp:term":[{"taxonomy":"product_brand","embeddable":true,"href":"https:\/\/roveyayinevi.com.tr\/index.php\/wp-json\/wp\/v2\/product_brand?post=767340"},{"taxonomy":"product_cat","embeddable":true,"href":"https:\/\/roveyayinevi.com.tr\/index.php\/wp-json\/wp\/v2\/product_cat?post=767340"},{"taxonomy":"product_tag","embeddable":true,"href":"https:\/\/roveyayinevi.com.tr\/index.php\/wp-json\/wp\/v2\/product_tag?post=767340"}],"curies":[{"name":"wp","href":"https:\/\/api.w.org\/{rel}","templated":true}]}}