{"id":767339,"date":"2025-08-28T12:44:22","date_gmt":"2025-08-28T09:44:22","guid":{"rendered":"https:\/\/roveyayinevi.com.tr\/index.php\/urun\/dava-erleri\/"},"modified":"2026-04-15T03:33:20","modified_gmt":"2026-04-15T00:33:20","slug":"dava-erleri","status":"publish","type":"product","link":"https:\/\/roveyayinevi.com.tr\/index.php\/urun\/dava-erleri\/","title":{"rendered":"Dava Erleri"},"content":{"rendered":"<p>M\u00fcminler her olay\u0131 en ince detay\u0131na kadar Allah&#8217;\u0131n yaratt\u0131\u011f\u0131n\u0131 ve hepsinin kaderde \u00f6nceden takdir edilmi\u015f olaylar oldu\u011funu bilerek, b\u00fcy\u00fck bir teslimiyet i\u00e7erisinde ya\u015farlar. Allah&#8217;a dayan\u0131p g\u00fcvenmeyen ve her olay\u0131 hay\u0131r g\u00f6z\u00fcyle de\u011ferlendirmeyen insan\u0131n i\u00e7ine d\u00fc\u015ft\u00fc\u011f\u00fc s\u0131k\u0131nt\u0131, elem, h\u00fcz\u00fcn ve stres o ki\u015fiyi sar\u0131p ku\u015fat\u0131r. <\/p>\n","protected":false},"excerpt":{"rendered":"<p>M\u00fcminler her olay\u0131 en ince detay\u0131na kadar Allah&#8217;\u0131n yaratt\u0131\u011f\u0131n\u0131 ve hepsinin kaderde \u00f6nceden takdir edilmi\u015f olaylar oldu\u011funu bilerek, b\u00fcy\u00fck bir teslimiyet i\u00e7erisinde ya\u015farlar. Allah&#8217;a dayan\u0131p g\u00fcvenmeyen<span class=\"excerpt-hellip\"> [\u2026]<\/span><\/p>\n","protected":false},"featured_media":0,"template":"","meta":{"_monsterinsights_skip_tracking":false,"_monsterinsights_sitenote_active":false,"_monsterinsights_sitenote_note":"","_monsterinsights_sitenote_category":0},"product_brand":[],"product_cat":[12718],"product_tag":[],"class_list":{"0":"post-767339","1":"product","2":"type-product","3":"status-publish","5":"product_cat-din","6":"pa_cilt-ciltsiz","7":"pa_tur-kitap","8":"pa_yayinevi-kalem-lugat-yayincilik","9":"pa_yazar-zubeyt-bozkurt","11":"first","12":"instock","13":"sale","14":"shipping-taxable","15":"purchasable","16":"product-type-simple"},"_links":{"self":[{"href":"https:\/\/roveyayinevi.com.tr\/index.php\/wp-json\/wp\/v2\/product\/767339","targetHints":{"allow":["GET"]}}],"collection":[{"href":"https:\/\/roveyayinevi.com.tr\/index.php\/wp-json\/wp\/v2\/product"}],"about":[{"href":"https:\/\/roveyayinevi.com.tr\/index.php\/wp-json\/wp\/v2\/types\/product"}],"wp:attachment":[{"href":"https:\/\/roveyayinevi.com.tr\/index.php\/wp-json\/wp\/v2\/media?parent=767339"}],"wp:term":[{"taxonomy":"product_brand","embeddable":true,"href":"https:\/\/roveyayinevi.com.tr\/index.php\/wp-json\/wp\/v2\/product_brand?post=767339"},{"taxonomy":"product_cat","embeddable":true,"href":"https:\/\/roveyayinevi.com.tr\/index.php\/wp-json\/wp\/v2\/product_cat?post=767339"},{"taxonomy":"product_tag","embeddable":true,"href":"https:\/\/roveyayinevi.com.tr\/index.php\/wp-json\/wp\/v2\/product_tag?post=767339"}],"curies":[{"name":"wp","href":"https:\/\/api.w.org\/{rel}","templated":true}]}}