{"id":767338,"date":"2025-08-28T12:44:21","date_gmt":"2025-08-28T09:44:21","guid":{"rendered":"https:\/\/roveyayinevi.com.tr\/index.php\/urun\/veraset-mektuplari\/"},"modified":"2026-03-31T12:52:16","modified_gmt":"2026-03-31T09:52:16","slug":"veraset-mektuplari","status":"publish","type":"product","link":"https:\/\/roveyayinevi.com.tr\/index.php\/urun\/veraset-mektuplari\/","title":{"rendered":"Veraset Mektuplar\u0131"},"content":{"rendered":"<p>Son d\u00f6nem Osmanl\u0131 tarihinin en b\u00fcy\u00fck muhalifi olan Ziya Pa\u015fa, yurtd\u0131\u015f\u0131ndan seslenir bu kitapta. Veraset usul\u00fcndeki de\u011fi\u015fim \u00fczerinden ya\u011fd\u0131r\u0131r bombalar\u0131n\u0131. En \u00fcst d\u00fczey devlet adamlar\u0131n\u0131 al\u0131r hedefine. Hedefi, Osmanl\u0131\u2019n\u0131n can\u0131n\u0131 bedeninde tutmakt\u0131r. Veraset Mektuplar\u0131, Ahmet Hamdi\u2019nin diliyle, \u201cZiya Pa\u015fa\u2019n\u0131n B\u00e2b\u0131\u00e2li\u2019ye indirdi\u011fi en b\u00fcy\u00fck darbelerden biridir ve \u00fczerinde d\u00fc\u015f\u00fcn\u00fcl\u00fcnce pa\u015fan\u0131n icab\u0131nda hangi silahlar\u0131 kullanmaktan \u00e7ekinmedi\u011fini g\u00f6sterir,\u201d Bu kitapta, bu mektuplar hem orijinal metniyle hem de g\u00fcn\u00fcm\u00fcz T\u00fcrk\u00e7esiyle okuyucunun kar\u015f\u0131s\u0131nda boy g\u00f6sterir. <\/p>\n","protected":false},"excerpt":{"rendered":"<p>Son d\u00f6nem Osmanl\u0131 tarihinin en b\u00fcy\u00fck muhalifi olan Ziya Pa\u015fa, yurtd\u0131\u015f\u0131ndan seslenir bu kitapta. Veraset usul\u00fcndeki de\u011fi\u015fim \u00fczerinden ya\u011fd\u0131r\u0131r bombalar\u0131n\u0131. En \u00fcst d\u00fczey devlet adamlar\u0131n\u0131 al\u0131r<span class=\"excerpt-hellip\"> [\u2026]<\/span><\/p>\n","protected":false},"featured_media":0,"template":"","meta":{"_monsterinsights_skip_tracking":false,"_monsterinsights_sitenote_active":false,"_monsterinsights_sitenote_note":"","_monsterinsights_sitenote_category":0},"product_brand":[],"product_cat":[13517,12304],"product_tag":[],"class_list":{"0":"post-767338","1":"product","2":"type-product","3":"status-publish","5":"product_cat-osmanli-tarihi","6":"product_cat-tarih","7":"pa_cilt-ciltsiz","8":"pa_tur-kitap","9":"pa_yayinevi-sapiens-yayinlari","10":"pa_yazar-ziya-pasa","12":"first","13":"instock","14":"sale","15":"shipping-taxable","16":"purchasable","17":"product-type-simple"},"_links":{"self":[{"href":"https:\/\/roveyayinevi.com.tr\/index.php\/wp-json\/wp\/v2\/product\/767338","targetHints":{"allow":["GET"]}}],"collection":[{"href":"https:\/\/roveyayinevi.com.tr\/index.php\/wp-json\/wp\/v2\/product"}],"about":[{"href":"https:\/\/roveyayinevi.com.tr\/index.php\/wp-json\/wp\/v2\/types\/product"}],"wp:attachment":[{"href":"https:\/\/roveyayinevi.com.tr\/index.php\/wp-json\/wp\/v2\/media?parent=767338"}],"wp:term":[{"taxonomy":"product_brand","embeddable":true,"href":"https:\/\/roveyayinevi.com.tr\/index.php\/wp-json\/wp\/v2\/product_brand?post=767338"},{"taxonomy":"product_cat","embeddable":true,"href":"https:\/\/roveyayinevi.com.tr\/index.php\/wp-json\/wp\/v2\/product_cat?post=767338"},{"taxonomy":"product_tag","embeddable":true,"href":"https:\/\/roveyayinevi.com.tr\/index.php\/wp-json\/wp\/v2\/product_tag?post=767338"}],"curies":[{"name":"wp","href":"https:\/\/api.w.org\/{rel}","templated":true}]}}