{"id":767335,"date":"2025-08-28T12:44:17","date_gmt":"2025-08-28T09:44:17","guid":{"rendered":"https:\/\/roveyayinevi.com.tr\/index.php\/urun\/kuranda-manevi-mukafat\/"},"modified":"2026-04-15T03:33:20","modified_gmt":"2026-04-15T00:33:20","slug":"kuranda-manevi-mukafat","status":"publish","type":"product","link":"https:\/\/roveyayinevi.com.tr\/index.php\/urun\/kuranda-manevi-mukafat\/","title":{"rendered":"Kur\u2019an\u2019da Manevi M\u00fckafat"},"content":{"rendered":"<p>Allah\u2019\u0131n (cc), kullar\u0131 i\u00e7in belirledi\u011fi m\u00fck\u00e2fat, insan\u0131n daha iyi bir kul olma ad\u0131na ortaya koyaca\u011f\u0131 \u00e7abas\u0131nda itici bir g\u00fc\u00e7 olmaktad\u0131r. Cezaya g\u00f6re etkisi \u00e7ok daha fazlad\u0131r. E\u011fitim sisteminde de zaten \u00f6d\u00fcl, cezaya tercih edilmektedir. Fakat \u00f6d\u00fcl denilince akla her ne kadar maddi boyutu geliyor olsa da manevi \u00f6d\u00fcl, ondan \u00e7ok daha \u00f6n planda g\u00f6z\u00fckmektedir. Manevi \u00f6d\u00fcl\u00fcn, insan\u0131n motivasyonunu uzun s\u00fcre devam ettirmesi ve elde edilecek hazz\u0131n daha b\u00fcy\u00fck olmas\u0131 nedeniyle maddi \u00f6d\u00fclden \u00e7ok daha etkili oldu\u011funu s\u00f6ylemek yanl\u0131\u015f olmaz. Bu \u00e7al\u0131\u015fmam\u0131, k\u0131ymetli hocalar\u0131ma, \u00fczerimde emekleri \u00e7ok olan anne-babama, kendilerine ay\u0131raca\u011f\u0131m zamandan fedak\u00e2rl\u0131k g\u00f6stermeleri nedeniyle e\u015fime ve \u00e7ocuklar\u0131ma ithaf ediyorum. <\/p>\n","protected":false},"excerpt":{"rendered":"<p>Allah\u2019\u0131n (cc), kullar\u0131 i\u00e7in belirledi\u011fi m\u00fck\u00e2fat, insan\u0131n daha iyi bir kul olma ad\u0131na ortaya koyaca\u011f\u0131 \u00e7abas\u0131nda itici bir g\u00fc\u00e7 olmaktad\u0131r. Cezaya g\u00f6re etkisi \u00e7ok daha fazlad\u0131r.<span class=\"excerpt-hellip\"> [\u2026]<\/span><\/p>\n","protected":false},"featured_media":0,"template":"","meta":{"_monsterinsights_skip_tracking":false,"_monsterinsights_sitenote_active":false,"_monsterinsights_sitenote_note":"","_monsterinsights_sitenote_category":0},"product_brand":[],"product_cat":[12718,12719,17284],"product_tag":[],"class_list":{"0":"post-767335","1":"product","2":"type-product","3":"status-publish","5":"product_cat-din","6":"product_cat-islam","7":"product_cat-kuran-ve-kuran-uzerine","8":"pa_cilt-ciltsiz","9":"pa_tur-kitap","10":"pa_yayinevi-soncag-akademik-kitaplar","11":"pa_yazar-ahmet-ozdemir","13":"first","14":"instock","15":"sale","16":"shipping-taxable","17":"purchasable","18":"product-type-simple"},"_links":{"self":[{"href":"https:\/\/roveyayinevi.com.tr\/index.php\/wp-json\/wp\/v2\/product\/767335","targetHints":{"allow":["GET"]}}],"collection":[{"href":"https:\/\/roveyayinevi.com.tr\/index.php\/wp-json\/wp\/v2\/product"}],"about":[{"href":"https:\/\/roveyayinevi.com.tr\/index.php\/wp-json\/wp\/v2\/types\/product"}],"wp:attachment":[{"href":"https:\/\/roveyayinevi.com.tr\/index.php\/wp-json\/wp\/v2\/media?parent=767335"}],"wp:term":[{"taxonomy":"product_brand","embeddable":true,"href":"https:\/\/roveyayinevi.com.tr\/index.php\/wp-json\/wp\/v2\/product_brand?post=767335"},{"taxonomy":"product_cat","embeddable":true,"href":"https:\/\/roveyayinevi.com.tr\/index.php\/wp-json\/wp\/v2\/product_cat?post=767335"},{"taxonomy":"product_tag","embeddable":true,"href":"https:\/\/roveyayinevi.com.tr\/index.php\/wp-json\/wp\/v2\/product_tag?post=767335"}],"curies":[{"name":"wp","href":"https:\/\/api.w.org\/{rel}","templated":true}]}}