{"id":767334,"date":"2025-08-28T12:44:15","date_gmt":"2025-08-28T09:44:15","guid":{"rendered":"https:\/\/roveyayinevi.com.tr\/index.php\/urun\/atalarimizdan-kalan-miras\/"},"modified":"2026-04-15T03:33:20","modified_gmt":"2026-04-15T00:33:20","slug":"atalarimizdan-kalan-miras","status":"publish","type":"product","link":"https:\/\/roveyayinevi.com.tr\/index.php\/urun\/atalarimizdan-kalan-miras\/","title":{"rendered":"Atalar\u0131m\u0131zdan Kalan Miras"},"content":{"rendered":"<p>Sand\u0131\u011f\u0131m\u0131zdan daha az \u00f6zg\u00fcr olabiliriz. Nesiller zincirinin halkalar\u0131 olarak bazen atalar\u0131m\u0131z\u0131n \u201cbor\u00e7lar\u0131n\u0131 \u00f6demek\u201d zorunda kal\u0131r\u0131z. \u0130stesek de istemesek de, bir t\u00fcr g\u00f6r\u00fcnmez sadakat bizi onlar\u0131n ya\u015fad\u0131\u011f\u0131 travmatik olaylar\u0131 yeniden \u00fcretmeye iter. Elli y\u0131l\u0131 a\u015fk\u0131n profesyonel prati\u011finin deste\u011fiyle Profes\u00f6r Anne Ancelin Sch\u00fctzenberger, psikanaliz, psikodrama ve sistemik yakla\u015f\u0131m\u0131 b\u00fct\u00fcnle\u015ftirerek bize t\u00fcm aile yap\u0131lar\u0131n\u0131n alt\u0131nda yatan ve ger\u00e7ekli\u011fimizi etkileyen karma\u015f\u0131k ba\u011flant\u0131lar\u0131 anlamam\u0131z i\u00e7in yol g\u00f6steriyor; ve b\u00f6ylece tarihimizin tekrar eden kaderinden \u00f6zg\u00fcrle\u015fmemizin m\u00fcmk\u00fcn oldu\u011funu vurguluyor. Psikosoy bilimin \u00f6nc\u00fclerinden ve y\u0131l d\u00f6n\u00fcm\u00fc sendromu, aile borcu ve geno sosyogram gibi fikirlerin yarat\u0131c\u0131s\u0131 Sch\u00fctzenberger, bu kitapta ku\u015faklar aras\u0131 terapinin anahtarlar\u0131n\u0131 sunmak i\u00e7in klinik analizdeki uzun deneyiminden \u00e7ok say\u0131da etkileyici vakan\u0131n yan\u0131 s\u0131ra tarihi ve edebi \u00f6rneklerden de yararlan\u0131yor. Aile s\u0131rlar\u0131n\u0131n ve \u201cs\u00f6ylenmeyenlerin\u201d neden oldu\u011fu hasar\u0131n \u00f6nemini net bir \u015fekilde a\u00e7\u0131kl\u0131yor; bu \u015fekilde travmalar\u0131n, ac\u0131lar\u0131n ve hastal\u0131klar\u0131n ku\u015faklar boyu nas\u0131l aktar\u0131ld\u0131\u011f\u0131n\u0131 ve bu s\u00fcrecin fark\u0131nda olman\u0131n nas\u0131l \u00f6zg\u00fcrle\u015ftirici olabilece\u011fini ortaya koyuyor. <\/p>\n","protected":false},"excerpt":{"rendered":"<p>Sand\u0131\u011f\u0131m\u0131zdan daha az \u00f6zg\u00fcr olabiliriz. Nesiller zincirinin halkalar\u0131 olarak bazen atalar\u0131m\u0131z\u0131n \u201cbor\u00e7lar\u0131n\u0131 \u00f6demek\u201d zorunda kal\u0131r\u0131z. \u0130stesek de istemesek de, bir t\u00fcr g\u00f6r\u00fcnmez sadakat bizi onlar\u0131n ya\u015fad\u0131\u011f\u0131<span class=\"excerpt-hellip\"> [\u2026]<\/span><\/p>\n","protected":false},"featured_media":0,"template":"","meta":{"_monsterinsights_skip_tracking":false,"_monsterinsights_sitenote_active":false,"_monsterinsights_sitenote_note":"","_monsterinsights_sitenote_category":0},"product_brand":[],"product_cat":[20502,12357],"product_tag":[],"class_list":{"0":"post-767334","1":"product","2":"type-product","3":"status-publish","5":"product_cat-basvuru-kitaplari-psikoloji","6":"product_cat-psikoloji","7":"pa_cilt-ciltsiz","8":"pa_tur-kitap","9":"pa_yayinevi-say-yayinlari","10":"pa_yazar-anne-ancelin-schutzenberger","12":"first","13":"instock","14":"sale","15":"shipping-taxable","16":"purchasable","17":"product-type-simple"},"_links":{"self":[{"href":"https:\/\/roveyayinevi.com.tr\/index.php\/wp-json\/wp\/v2\/product\/767334","targetHints":{"allow":["GET"]}}],"collection":[{"href":"https:\/\/roveyayinevi.com.tr\/index.php\/wp-json\/wp\/v2\/product"}],"about":[{"href":"https:\/\/roveyayinevi.com.tr\/index.php\/wp-json\/wp\/v2\/types\/product"}],"wp:attachment":[{"href":"https:\/\/roveyayinevi.com.tr\/index.php\/wp-json\/wp\/v2\/media?parent=767334"}],"wp:term":[{"taxonomy":"product_brand","embeddable":true,"href":"https:\/\/roveyayinevi.com.tr\/index.php\/wp-json\/wp\/v2\/product_brand?post=767334"},{"taxonomy":"product_cat","embeddable":true,"href":"https:\/\/roveyayinevi.com.tr\/index.php\/wp-json\/wp\/v2\/product_cat?post=767334"},{"taxonomy":"product_tag","embeddable":true,"href":"https:\/\/roveyayinevi.com.tr\/index.php\/wp-json\/wp\/v2\/product_tag?post=767334"}],"curies":[{"name":"wp","href":"https:\/\/api.w.org\/{rel}","templated":true}]}}