{"id":767333,"date":"2025-08-28T12:44:14","date_gmt":"2025-08-28T09:44:14","guid":{"rendered":"https:\/\/roveyayinevi.com.tr\/index.php\/urun\/kentici-kuralsiz-arac-park-etme-ve-dissallik-canakkale-ili-kordon-bolgesi\/"},"modified":"2026-04-15T03:33:20","modified_gmt":"2026-04-15T00:33:20","slug":"kentici-kuralsiz-arac-park-etme-ve-dissallik-canakkale-ili-kordon-bolgesi","status":"publish","type":"product","link":"https:\/\/roveyayinevi.com.tr\/index.php\/urun\/kentici-kuralsiz-arac-park-etme-ve-dissallik-canakkale-ili-kordon-bolgesi\/","title":{"rendered":"Kenti\u00e7i Kurals\u0131z Ara\u00e7 Park Etme Ve D\u0131\u015fsall\u0131k: \u00c7anakkale \u0130li Kordon B\u00f6lgesi"},"content":{"rendered":"<p>\u0130\u00e7indekiler :           1. G\u0130R\u0130\u015e         2. KAVRAMSAL VE KURAMSAL \u00c7ER\u00c7EVE         3. \u00c7ANAKKALE VE CEVATPA\u015eA MAHALLES\u0130 KORDON B\u00d6LGES\u0130         4. KURALSIZ ARA\u00c7 PARK ETMEN\u0130N KENT \u0130\u00c7\u0130NDE NEDEN OLDU\u011eU             DI\u015eSALLIKLAR: \u00c7ANAKKALE \u0130L\u0130 KORDON B\u00d6LGES\u0130 \u00dcZER\u0130NE N\u0130TEL B\u0130R             ALAN ARA\u015eTIRMASI         5. TARTI\u015eMA <\/p>\n","protected":false},"excerpt":{"rendered":"<p>\u0130\u00e7indekiler : 1. G\u0130R\u0130\u015e 2. KAVRAMSAL VE KURAMSAL \u00c7ER\u00c7EVE 3. \u00c7ANAKKALE VE CEVATPA\u015eA MAHALLES\u0130 KORDON B\u00d6LGES\u0130 4. KURALSIZ ARA\u00c7 PARK ETMEN\u0130N KENT \u0130\u00c7\u0130NDE NEDEN OLDU\u011eU DI\u015eSALLIKLAR:<span class=\"excerpt-hellip\"> [\u2026]<\/span><\/p>\n","protected":false},"featured_media":0,"template":"","meta":{"_monsterinsights_skip_tracking":false,"_monsterinsights_sitenote_active":false,"_monsterinsights_sitenote_note":"","_monsterinsights_sitenote_category":0},"product_brand":[],"product_cat":[13043],"product_tag":[],"class_list":{"0":"post-767333","1":"product","2":"type-product","3":"status-publish","5":"product_cat-ekonomi","6":"pa_cilt-ciltsiz","7":"pa_tur-kitap","8":"pa_yayinevi-gazi-kitabevi","9":"pa_yazar-mehmet-emin-kenanoglu-murat-aydin-timur-turgay","11":"first","12":"instock","13":"sale","14":"shipping-taxable","15":"purchasable","16":"product-type-simple"},"_links":{"self":[{"href":"https:\/\/roveyayinevi.com.tr\/index.php\/wp-json\/wp\/v2\/product\/767333","targetHints":{"allow":["GET"]}}],"collection":[{"href":"https:\/\/roveyayinevi.com.tr\/index.php\/wp-json\/wp\/v2\/product"}],"about":[{"href":"https:\/\/roveyayinevi.com.tr\/index.php\/wp-json\/wp\/v2\/types\/product"}],"wp:attachment":[{"href":"https:\/\/roveyayinevi.com.tr\/index.php\/wp-json\/wp\/v2\/media?parent=767333"}],"wp:term":[{"taxonomy":"product_brand","embeddable":true,"href":"https:\/\/roveyayinevi.com.tr\/index.php\/wp-json\/wp\/v2\/product_brand?post=767333"},{"taxonomy":"product_cat","embeddable":true,"href":"https:\/\/roveyayinevi.com.tr\/index.php\/wp-json\/wp\/v2\/product_cat?post=767333"},{"taxonomy":"product_tag","embeddable":true,"href":"https:\/\/roveyayinevi.com.tr\/index.php\/wp-json\/wp\/v2\/product_tag?post=767333"}],"curies":[{"name":"wp","href":"https:\/\/api.w.org\/{rel}","templated":true}]}}