{"id":767329,"date":"2025-08-28T12:44:06","date_gmt":"2025-08-28T09:44:06","guid":{"rendered":"https:\/\/roveyayinevi.com.tr\/index.php\/urun\/bahse-var-misin\/"},"modified":"2026-04-15T03:33:20","modified_gmt":"2026-04-15T00:33:20","slug":"bahse-var-misin","status":"publish","type":"product","link":"https:\/\/roveyayinevi.com.tr\/index.php\/urun\/bahse-var-misin\/","title":{"rendered":"Bahse Var M\u0131s\u0131n?"},"content":{"rendered":"<p>BAILEY, CHARLIE \u0130LE \u0130LK TANI\u015eTI\u011eINDA, ONUN TAM B\u0130R FELAKET OLDU\u011eUNU D\u00dc\u015e\u00dcN\u00dcR. 17 ya\u015f\u0131ndaki Bailey, ebeveynlerinin ayr\u0131l\u0131\u011f\u0131 sonras\u0131 annesi ile yeni bir hayata ba\u015flar. Ancak i\u015fe ba\u015flad\u0131\u011f\u0131 otelde g\u00f6rmeyi en son istedi\u011fi ki\u015fiye rastlar. U\u00e7akta kar\u015f\u0131la\u015ft\u0131\u011f\u0131 ve hi\u00e7 ho\u015flanmad\u0131\u011f\u0131 Charlie. \u00dcstelik Charlie de otelde \u00e7al\u0131\u015fmaktad\u0131r. Bailey i\u00e7in tats\u0131z ba\u015flayan i\u015f arkada\u015fl\u0131\u011f\u0131, zamanla farkl\u0131 bir \u015feye d\u00f6n\u00fc\u015f\u00fcr. Gen\u00e7 k\u0131z, Charlie ile beraber vakit ge\u00e7irmek, i\u015f arkada\u015flar\u0131 ve otele gelen insanlar hakk\u0131nda dedikodu yapmak i\u00e7in can atmaya ba\u015flar. Hatta baz\u0131 arkada\u015flar\u0131n\u0131n ili\u015fkileriyle ilgili iddiaya bile girerler. Charlie, kad\u0131nlarla erkeklerin arkada\u015f olamayaca\u011f\u0131 konusunda \u0131srarc\u0131d\u0131r, Bailey ise onu haks\u0131z \u00e7\u0131karmak istemektedir. Bu y\u00fczden bir bahse daha girerler. O s\u0131rada Bailey, annesinin -sinir bozucu- erkek arkada\u015f\u0131yla olan ili\u015fkisini bozmak i\u00e7in Charlie\u2019den yard\u0131m al\u0131r ve sevgili taklidi yapmaya ba\u015flarlar. Aralar\u0131nda ortaya \u00e7\u0131kan k\u0131v\u0131lc\u0131m bahsi asl\u0131nda kimin kazanaca\u011f\u0131n\u0131n sinyallerini verir.<\/p>\n","protected":false},"excerpt":{"rendered":"<p>BAILEY, CHARLIE \u0130LE \u0130LK TANI\u015eTI\u011eINDA, ONUN TAM B\u0130R FELAKET OLDU\u011eUNU D\u00dc\u015e\u00dcN\u00dcR. 17 ya\u015f\u0131ndaki Bailey, ebeveynlerinin ayr\u0131l\u0131\u011f\u0131 sonras\u0131 annesi ile yeni bir hayata ba\u015flar. Ancak i\u015fe ba\u015flad\u0131\u011f\u0131<span class=\"excerpt-hellip\"> [\u2026]<\/span><\/p>\n","protected":false},"featured_media":0,"template":"","meta":{"_monsterinsights_skip_tracking":false,"_monsterinsights_sitenote_active":false,"_monsterinsights_sitenote_note":"","_monsterinsights_sitenote_category":0},"product_brand":[],"product_cat":[12291,12711],"product_tag":[],"class_list":{"0":"post-767329","1":"product","2":"type-product","3":"status-publish","5":"product_cat-edebiyat","6":"product_cat-roman-oyku","7":"pa_cilt-ciltsiz","8":"pa_tur-kitap","9":"pa_yayinevi-artemis-yayinlari","10":"pa_yazar-lynn-painter","12":"first","13":"instock","14":"sale","15":"shipping-taxable","16":"purchasable","17":"product-type-simple"},"_links":{"self":[{"href":"https:\/\/roveyayinevi.com.tr\/index.php\/wp-json\/wp\/v2\/product\/767329","targetHints":{"allow":["GET"]}}],"collection":[{"href":"https:\/\/roveyayinevi.com.tr\/index.php\/wp-json\/wp\/v2\/product"}],"about":[{"href":"https:\/\/roveyayinevi.com.tr\/index.php\/wp-json\/wp\/v2\/types\/product"}],"wp:attachment":[{"href":"https:\/\/roveyayinevi.com.tr\/index.php\/wp-json\/wp\/v2\/media?parent=767329"}],"wp:term":[{"taxonomy":"product_brand","embeddable":true,"href":"https:\/\/roveyayinevi.com.tr\/index.php\/wp-json\/wp\/v2\/product_brand?post=767329"},{"taxonomy":"product_cat","embeddable":true,"href":"https:\/\/roveyayinevi.com.tr\/index.php\/wp-json\/wp\/v2\/product_cat?post=767329"},{"taxonomy":"product_tag","embeddable":true,"href":"https:\/\/roveyayinevi.com.tr\/index.php\/wp-json\/wp\/v2\/product_tag?post=767329"}],"curies":[{"name":"wp","href":"https:\/\/api.w.org\/{rel}","templated":true}]}}