{"id":767328,"date":"2025-08-28T12:44:05","date_gmt":"2025-08-28T09:44:05","guid":{"rendered":"https:\/\/roveyayinevi.com.tr\/index.php\/urun\/serzenis\/"},"modified":"2026-04-15T03:33:20","modified_gmt":"2026-04-15T00:33:20","slug":"serzenis","status":"publish","type":"product","link":"https:\/\/roveyayinevi.com.tr\/index.php\/urun\/serzenis\/","title":{"rendered":"Serzeni\u015f"},"content":{"rendered":"<p>Hissey\u00e2b oldum a\u015fk\u0131n boy s\u00fcrd\u00fc\u011f\u00fc bah\u00e7eden, Lakin nasipsiz kald\u0131m gonca a\u00e7m\u0131\u015f o g\u00fclden.   Bir derde giriftar\u0131m, candan usand\u0131m gayr\u0131, Figan etmez mi g\u00f6nl\u00fcm, yardan yarandan ayr\u0131?   M\u00fcptelad\u0131r bu kalbim o g\u00fczel g\u00f6zlerine, Kap\u0131ld\u0131m gittim bende a\u015f\u0131klar\u0131n seline.   Leyalin \u00f6rt\u00fcs\u00fcnde a\u011flayan mustaribim, Esirinim ey can\u0131m, Mecnun misal garibim.   Benim g\u00f6n\u00fcl taht\u0131mda t\u00fcllenen pembe g\u00fcls\u00fcn, Art\u0131k h\u00fczn\u00fcn kaybolsun, y\u00fcz\u00fcn bir kere g\u00fcls\u00fcn.   Esen meltem r\u00fczg\u00e2r\u0131 selam getirse senden, Kahrolur muyum s\u00f6yle, \u00f6l\u00fcr m\u00fcy\u00fcm kederden?   Bir duysayd\u0131 Ferhat da \u015eirin de \u015fa\u015f\u0131r\u0131rd\u0131, Ebedi bir alemde b\u00fclb\u00fcl g\u00fclle kal\u0131rd\u0131.   Kimi a\u015fk\u0131 u\u011fruna meczup olmu\u015f \u00e7\u00f6llerde, R\u00fcyalar bile tutsak gezdi\u011fimiz yerlerde.   B\u00fclb\u00fcl bile avare olmu\u015f g\u00fcl derdinden, Ben de yanmaz m\u0131y\u0131m hi\u00e7 ge\u00e7mez miyim kendimden?   Terc\u00fcman\u0131m olmu\u015fken &#8220;Bad-\u0131 Saba&#8221; r\u00fczg\u00e2r\u0131, Neden hi\u00e7 g\u00fclm\u00fcyorsun, niye benzin sapsar\u0131?   G\u00f6zlerinin renginde g\u00f6r\u00fcyorum d\u00fcnyay\u0131, G\u00fczelli\u011finin \u015favk\u0131 kapl\u0131yor t\u00fcm semay\u0131.   Sermayem bir tek sensin t\u00fcm varl\u0131\u011f\u0131m bir tek sen, O illerden ayr\u0131l\u0131p g\u00f6n\u00fcl taht\u0131ma gelsen.   Yok takatim kalmad\u0131 g\u00f6zya\u015flar\u0131m kurudu, Kalbimde kin nam\u0131na b\u00fct\u00fcn buzlar eridi.   Uykusuz gelip ge\u00e7sin u\u011fruna t\u00fcm geceler, Dudaklar\u0131m hi\u00e7 susmaz hep ismini heceler.   Bir k\u0131r\u0131k kalem kald\u0131 yazd\u0131\u011f\u0131m sat\u0131rlardan, Dilerim ki ebedi hi\u00e7 \u00e7\u0131kmaz hat\u0131rlardan.<\/p>\n","protected":false},"excerpt":{"rendered":"<p>Hissey\u00e2b oldum a\u015fk\u0131n boy s\u00fcrd\u00fc\u011f\u00fc bah\u00e7eden, Lakin nasipsiz kald\u0131m gonca a\u00e7m\u0131\u015f o g\u00fclden. Bir derde giriftar\u0131m, candan usand\u0131m gayr\u0131, Figan etmez mi g\u00f6nl\u00fcm, yardan yarandan ayr\u0131?<span class=\"excerpt-hellip\"> [\u2026]<\/span><\/p>\n","protected":false},"featured_media":0,"template":"","meta":{"_monsterinsights_skip_tracking":false,"_monsterinsights_sitenote_active":false,"_monsterinsights_sitenote_note":"","_monsterinsights_sitenote_category":0},"product_brand":[],"product_cat":[12291,12509],"product_tag":[],"class_list":{"0":"post-767328","1":"product","2":"type-product","3":"status-publish","5":"product_cat-edebiyat","6":"product_cat-siir","7":"pa_cilt-ciltsiz","8":"pa_tur-kitap","9":"pa_yayinevi-gulnar-yayinlari","10":"pa_yazar-burak-hayrettin-dogansoy","12":"first","13":"instock","14":"sale","15":"shipping-taxable","16":"purchasable","17":"product-type-simple"},"_links":{"self":[{"href":"https:\/\/roveyayinevi.com.tr\/index.php\/wp-json\/wp\/v2\/product\/767328","targetHints":{"allow":["GET"]}}],"collection":[{"href":"https:\/\/roveyayinevi.com.tr\/index.php\/wp-json\/wp\/v2\/product"}],"about":[{"href":"https:\/\/roveyayinevi.com.tr\/index.php\/wp-json\/wp\/v2\/types\/product"}],"wp:attachment":[{"href":"https:\/\/roveyayinevi.com.tr\/index.php\/wp-json\/wp\/v2\/media?parent=767328"}],"wp:term":[{"taxonomy":"product_brand","embeddable":true,"href":"https:\/\/roveyayinevi.com.tr\/index.php\/wp-json\/wp\/v2\/product_brand?post=767328"},{"taxonomy":"product_cat","embeddable":true,"href":"https:\/\/roveyayinevi.com.tr\/index.php\/wp-json\/wp\/v2\/product_cat?post=767328"},{"taxonomy":"product_tag","embeddable":true,"href":"https:\/\/roveyayinevi.com.tr\/index.php\/wp-json\/wp\/v2\/product_tag?post=767328"}],"curies":[{"name":"wp","href":"https:\/\/api.w.org\/{rel}","templated":true}]}}