{"id":767327,"date":"2025-08-28T12:44:03","date_gmt":"2025-08-28T09:44:03","guid":{"rendered":"https:\/\/roveyayinevi.com.tr\/index.php\/urun\/sensizligin-sesi\/"},"modified":"2026-04-15T03:33:20","modified_gmt":"2026-04-15T00:33:20","slug":"sensizligin-sesi","status":"publish","type":"product","link":"https:\/\/roveyayinevi.com.tr\/index.php\/urun\/sensizligin-sesi\/","title":{"rendered":"Sensizli\u011fin Sesi"},"content":{"rendered":"<p>Cehennem sevmeyi ba\u015faramayanlar\u0131n yeri, O hak etti cehennemi. * * * Ben Z\u00fclal Kazak. K\u00fctahya ili Tav\u015fanl\u0131 il\u00e7esinin Kuru\u00e7ay beldesinde 6 Haziran 2011 tarihinde d\u00fcnyaya geldim. Annemin ad\u0131 Nazife, babam\u0131n ad\u0131 \u0130smail, ablam\u0131n ad\u0131 Eflal\u2019dir. \u0130lk\u00f6\u011frenimimi Kuru\u00e7ay \u0130lkokulunda birincilik ile bitirdim. \u015eu an ise Tav\u015fanl\u0131 il\u00e7e merkezinde bulunan ve Tav\u015fanl\u0131 i\u00e7in \u00e7ok de\u011ferli bir ressam\u0131n ad\u0131n\u0131 ta\u015f\u0131yan Ressam Abdullah Taktak Ortaokulunda okumaktay\u0131m. \u015eiir yazmaya 7. S\u0131n\u0131fta ba\u015flad\u0131m. \u015eiir benim ruhumun huzur buldu\u011fu yer. Nice g\u00fczel \u015fiirler okumaya ve yazmaya\u2026 <\/p>\n","protected":false},"excerpt":{"rendered":"<p>Cehennem sevmeyi ba\u015faramayanlar\u0131n yeri, O hak etti cehennemi. * * * Ben Z\u00fclal Kazak. K\u00fctahya ili Tav\u015fanl\u0131 il\u00e7esinin Kuru\u00e7ay beldesinde 6 Haziran 2011 tarihinde d\u00fcnyaya geldim.<span class=\"excerpt-hellip\"> [\u2026]<\/span><\/p>\n","protected":false},"featured_media":0,"template":"","meta":{"_monsterinsights_skip_tracking":false,"_monsterinsights_sitenote_active":false,"_monsterinsights_sitenote_note":"","_monsterinsights_sitenote_category":0},"product_brand":[],"product_cat":[12291,12509],"product_tag":[],"class_list":{"0":"post-767327","1":"product","2":"type-product","3":"status-publish","5":"product_cat-edebiyat","6":"product_cat-siir","7":"pa_cilt-ciltsiz","8":"pa_tur-kitap","9":"pa_yayinevi-gulnar-yayinlari","10":"pa_yazar-zulal-kazak","12":"first","13":"instock","14":"sale","15":"shipping-taxable","16":"purchasable","17":"product-type-simple"},"_links":{"self":[{"href":"https:\/\/roveyayinevi.com.tr\/index.php\/wp-json\/wp\/v2\/product\/767327","targetHints":{"allow":["GET"]}}],"collection":[{"href":"https:\/\/roveyayinevi.com.tr\/index.php\/wp-json\/wp\/v2\/product"}],"about":[{"href":"https:\/\/roveyayinevi.com.tr\/index.php\/wp-json\/wp\/v2\/types\/product"}],"wp:attachment":[{"href":"https:\/\/roveyayinevi.com.tr\/index.php\/wp-json\/wp\/v2\/media?parent=767327"}],"wp:term":[{"taxonomy":"product_brand","embeddable":true,"href":"https:\/\/roveyayinevi.com.tr\/index.php\/wp-json\/wp\/v2\/product_brand?post=767327"},{"taxonomy":"product_cat","embeddable":true,"href":"https:\/\/roveyayinevi.com.tr\/index.php\/wp-json\/wp\/v2\/product_cat?post=767327"},{"taxonomy":"product_tag","embeddable":true,"href":"https:\/\/roveyayinevi.com.tr\/index.php\/wp-json\/wp\/v2\/product_tag?post=767327"}],"curies":[{"name":"wp","href":"https:\/\/api.w.org\/{rel}","templated":true}]}}