{"id":767325,"date":"2025-08-28T12:43:59","date_gmt":"2025-08-28T09:43:59","guid":{"rendered":"https:\/\/roveyayinevi.com.tr\/index.php\/urun\/pamukpinar-bir-koy-enstitusu-hikayesi\/"},"modified":"2026-02-03T03:34:07","modified_gmt":"2026-02-03T00:34:07","slug":"pamukpinar-bir-koy-enstitusu-hikayesi","status":"publish","type":"product","link":"https:\/\/roveyayinevi.com.tr\/index.php\/urun\/pamukpinar-bir-koy-enstitusu-hikayesi\/","title":{"rendered":"Pamukp\u0131nar Bir K\u00f6y Enstit\u00fcs\u00fc Hikayesi"},"content":{"rendered":"<p>20. y\u00fczy\u0131l\u0131n en \u00f6nemli e\u011fitim felsefecisi olarak kabul edilen John Dewey\u2019in K\u00f6y Enstit\u00fclerine yapt\u0131\u011f\u0131 bir ziyaret s\u0131ras\u0131nda hayalindeki e\u011fitim kurumlar\u0131n\u0131n T\u00fcrkiye\u2019de hayata ge\u00e7irilmi\u015f oldu\u011funu s\u00f6ylemesi \u00f6nemli bir tespit olarak kabul edilir. K\u00f6y enstit\u00fcleri yeni kurulmu\u015f olan Cumhuriyetin e\u011fitim seferberli\u011finde ve k\u00f6ye e\u011fitim g\u00f6t\u00fcrme aray\u0131\u015f\u0131nda bir d\u00f6n\u00fcm noktas\u0131 olmu\u015ftur. K\u00f6y \u00f6\u011fretmeni ve k\u00f6ye yarayan di\u011fer meslek erbab\u0131n\u0131 yeti\u015ftirme amac\u0131 ta\u015f\u0131yan k\u00f6y enstit\u00fcleri, e\u015fine az rastlan\u0131r bir anlay\u0131\u015fla k\u00f6ylerdeki e\u011fitim ve kalk\u0131nma a\u00e7\u0131\u011f\u0131na yine k\u00f6y\u00fcn i\u00e7inden yeti\u015fen \u00e7ocuklarla \u00e7are olan bir sistem yaratm\u0131\u015ft\u0131r. \u00dclke 21 e\u011fitim b\u00f6lgesine ayr\u0131lm\u0131\u015f ve bu b\u00f6lgelerde etraf\u0131ndaki \u015fehirler i\u00e7in merkez olabilecek yerlere birer k\u00f6y enstit\u00fcs\u00fc kurulmu\u015ftur. Bu enstit\u00fclerden birisi de 1941 y\u0131l\u0131nda Y\u0131ld\u0131zeli\u2019nde (Sivas) a\u00e7\u0131lm\u0131\u015ft\u0131. Bu kitap Sivas Y\u0131ld\u0131zeli Pamukp\u0131nar K\u00f6y Enstit\u00fcs\u00fcn\u00fcn gururla ve umutla ba\u015flay\u0131p h\u00fcz\u00fcnle biten hik\u00e2yesidir. <\/p>\n","protected":false},"excerpt":{"rendered":"<p>20. y\u00fczy\u0131l\u0131n en \u00f6nemli e\u011fitim felsefecisi olarak kabul edilen John Dewey\u2019in K\u00f6y Enstit\u00fclerine yapt\u0131\u011f\u0131 bir ziyaret s\u0131ras\u0131nda hayalindeki e\u011fitim kurumlar\u0131n\u0131n T\u00fcrkiye\u2019de hayata ge\u00e7irilmi\u015f oldu\u011funu s\u00f6ylemesi \u00f6nemli<span class=\"excerpt-hellip\"> [\u2026]<\/span><\/p>\n","protected":false},"featured_media":0,"template":"","meta":{"_monsterinsights_skip_tracking":false,"_monsterinsights_sitenote_active":false,"_monsterinsights_sitenote_note":"","_monsterinsights_sitenote_category":0},"product_brand":[],"product_cat":[52477],"product_tag":[],"class_list":{"0":"post-767325","1":"product","2":"type-product","3":"status-publish","5":"product_cat-arastirma","6":"pa_cilt-ciltsiz","7":"pa_tur-kitap","8":"pa_yayinevi-gulnar-yayinlari","9":"pa_yazar-ihsan-topcu-seyda-ozkan","11":"first","12":"instock","13":"sale","14":"shipping-taxable","15":"purchasable","16":"product-type-simple"},"_links":{"self":[{"href":"https:\/\/roveyayinevi.com.tr\/index.php\/wp-json\/wp\/v2\/product\/767325","targetHints":{"allow":["GET"]}}],"collection":[{"href":"https:\/\/roveyayinevi.com.tr\/index.php\/wp-json\/wp\/v2\/product"}],"about":[{"href":"https:\/\/roveyayinevi.com.tr\/index.php\/wp-json\/wp\/v2\/types\/product"}],"wp:attachment":[{"href":"https:\/\/roveyayinevi.com.tr\/index.php\/wp-json\/wp\/v2\/media?parent=767325"}],"wp:term":[{"taxonomy":"product_brand","embeddable":true,"href":"https:\/\/roveyayinevi.com.tr\/index.php\/wp-json\/wp\/v2\/product_brand?post=767325"},{"taxonomy":"product_cat","embeddable":true,"href":"https:\/\/roveyayinevi.com.tr\/index.php\/wp-json\/wp\/v2\/product_cat?post=767325"},{"taxonomy":"product_tag","embeddable":true,"href":"https:\/\/roveyayinevi.com.tr\/index.php\/wp-json\/wp\/v2\/product_tag?post=767325"}],"curies":[{"name":"wp","href":"https:\/\/api.w.org\/{rel}","templated":true}]}}