{"id":767324,"date":"2025-08-28T12:43:57","date_gmt":"2025-08-28T09:43:57","guid":{"rendered":"https:\/\/roveyayinevi.com.tr\/index.php\/urun\/bir-hayat-bol-sohbet\/"},"modified":"2026-04-15T03:33:20","modified_gmt":"2026-04-15T00:33:20","slug":"bir-hayat-bol-sohbet","status":"publish","type":"product","link":"https:\/\/roveyayinevi.com.tr\/index.php\/urun\/bir-hayat-bol-sohbet\/","title":{"rendered":"Bir Hayat Bol Sohbet"},"content":{"rendered":"<p>Sanatla i\u00e7 i\u00e7e ge\u00e7mi\u015f bir ya\u015fam\u0131 anlatan Bir Hayat Bol Sohbet, Sosi C\u0131ndoyan&#8217;\u0131n \u00e7ocukluk y\u0131llar\u0131ndan ba\u015flayarak tiyatro sahnesindeki yolculu\u011funu ve sanata olan tutkusunu samimi bir dille aktar\u0131yor. C\u0131ndoyan an\u0131lar\u0131nda Ses Tiyatrosu&#8217;yla ad\u0131m att\u0131\u011f\u0131 d\u00fcnyay\u0131, yani tiyatro sahnesinin ona sundu\u011fu \u00f6zg\u00fcrl\u00fc\u011f\u00fc ve yarat\u0131c\u0131l\u0131\u011f\u0131 derinlemesine anlat\u0131rken, ayn\u0131 zamanda sanata olan sevgisinin nas\u0131l bir hayat bi\u00e7imine d\u00f6n\u00fc\u015ft\u00fc\u011f\u00fcn\u00fc de g\u00f6zler \u00f6n\u00fcne seriyor. Kitap, ayn\u0131 zamanda Sosi C\u0131ndoyan\u2019\u0131n sahnenin \u00f6tesine ge\u00e7erek, Patil \u00c7ocuk Tiyatrosu\u2019nu kurma karar\u0131yla birlikte \u00e7ocuklara tiyatro sevgisini a\u015f\u0131lamay\u0131 ama\u00e7lad\u0131\u011f\u0131 bir d\u00f6n\u00fcm noktas\u0131n\u0131 da anlat\u0131yor. Hem Ermenice tiyatro tarihine hem T\u00fcrkiye tiyatro tarihine dokunan bu hat\u0131ralar, bir hayat\u0131n ard\u0131ndaki devri kay\u0131t alt\u0131na al\u0131yor.  Bir Hayat Bol Sohbet, tiyatroya merak duyan herkese sanatla dolu bir ya\u015fam\u0131n ard\u0131ndaki derin anlamlar\u0131 ke\u015ffetme f\u0131rsat\u0131 sunuyor. <\/p>\n","protected":false},"excerpt":{"rendered":"<p>Sanatla i\u00e7 i\u00e7e ge\u00e7mi\u015f bir ya\u015fam\u0131 anlatan Bir Hayat Bol Sohbet, Sosi C\u0131ndoyan&#8217;\u0131n \u00e7ocukluk y\u0131llar\u0131ndan ba\u015flayarak tiyatro sahnesindeki yolculu\u011funu ve sanata olan tutkusunu samimi bir dille<span class=\"excerpt-hellip\"> [\u2026]<\/span><\/p>\n","protected":false},"featured_media":0,"template":"","meta":{"_monsterinsights_skip_tracking":false,"_monsterinsights_sitenote_active":false,"_monsterinsights_sitenote_note":"","_monsterinsights_sitenote_category":0},"product_brand":[],"product_cat":[14009,12291],"product_tag":[],"class_list":{"0":"post-767324","1":"product","2":"type-product","3":"status-publish","5":"product_cat-biyografi-otobiyografi-edebiyat","6":"product_cat-edebiyat","7":"pa_cilt-ciltsiz","8":"pa_tur-kitap","9":"pa_yayinevi-aras-yayinlari","10":"pa_yazar-sosi-cindoyan","12":"first","13":"instock","14":"sale","15":"shipping-taxable","16":"purchasable","17":"product-type-simple"},"_links":{"self":[{"href":"https:\/\/roveyayinevi.com.tr\/index.php\/wp-json\/wp\/v2\/product\/767324","targetHints":{"allow":["GET"]}}],"collection":[{"href":"https:\/\/roveyayinevi.com.tr\/index.php\/wp-json\/wp\/v2\/product"}],"about":[{"href":"https:\/\/roveyayinevi.com.tr\/index.php\/wp-json\/wp\/v2\/types\/product"}],"wp:attachment":[{"href":"https:\/\/roveyayinevi.com.tr\/index.php\/wp-json\/wp\/v2\/media?parent=767324"}],"wp:term":[{"taxonomy":"product_brand","embeddable":true,"href":"https:\/\/roveyayinevi.com.tr\/index.php\/wp-json\/wp\/v2\/product_brand?post=767324"},{"taxonomy":"product_cat","embeddable":true,"href":"https:\/\/roveyayinevi.com.tr\/index.php\/wp-json\/wp\/v2\/product_cat?post=767324"},{"taxonomy":"product_tag","embeddable":true,"href":"https:\/\/roveyayinevi.com.tr\/index.php\/wp-json\/wp\/v2\/product_tag?post=767324"}],"curies":[{"name":"wp","href":"https:\/\/api.w.org\/{rel}","templated":true}]}}