{"id":767323,"date":"2025-08-28T12:43:55","date_gmt":"2025-08-28T09:43:55","guid":{"rendered":"https:\/\/roveyayinevi.com.tr\/index.php\/urun\/ofkenin-atesi\/"},"modified":"2025-11-10T11:05:45","modified_gmt":"2025-11-10T08:05:45","slug":"ofkenin-atesi","status":"publish","type":"product","link":"https:\/\/roveyayinevi.com.tr\/index.php\/urun\/ofkenin-atesi\/","title":{"rendered":"\u00d6fkenin Ate\u015fi"},"content":{"rendered":"<p>GEZG\u0130N G\u00d6N\u00dcL G\u00fcm\u00fc\u015f kanatl\u0131 bir ku\u015f gibi S\u00fcz\u00fclerek u\u00e7uyorum semalar\u0131mda Korkusuz bir bal\u0131k gibi \u00d6zg\u00fcrce y\u00fcz\u00fcyorum deryalar\u0131mda Tarzan gibi \u00e7\u0131lg\u0131nca hayk\u0131r\u0131yorum Balta girmemi\u015f amazon ormanlar\u0131mda Ad\u0131m atman\u0131n zorlu\u011funa inat Bir rev\u00fc y\u0131ld\u0131z\u0131 olup; Buzda salto Trapezde takla at\u0131yorum G\u00f6kku\u015fa\u011f\u0131n\u0131n en zirvesinde Sal\u0131ncakta sallan\u0131yorum Mor, lacivert, mavi Ye\u015fil, sar\u0131, Turuncu, k\u0131rm\u0131z\u0131 h\u00fczmesinde Bu bendeki gezgin g\u00f6n\u00fcl Bir orada, bir burada Hay\u00e2l kurmak bedava nas\u0131lsa\u2026 <\/p>\n","protected":false},"excerpt":{"rendered":"<p>GEZG\u0130N G\u00d6N\u00dcL G\u00fcm\u00fc\u015f kanatl\u0131 bir ku\u015f gibi S\u00fcz\u00fclerek u\u00e7uyorum semalar\u0131mda Korkusuz bir bal\u0131k gibi \u00d6zg\u00fcrce y\u00fcz\u00fcyorum deryalar\u0131mda Tarzan gibi \u00e7\u0131lg\u0131nca hayk\u0131r\u0131yorum Balta girmemi\u015f amazon ormanlar\u0131mda Ad\u0131m<span class=\"excerpt-hellip\"> [\u2026]<\/span><\/p>\n","protected":false},"featured_media":0,"template":"","meta":{"_monsterinsights_skip_tracking":false,"_monsterinsights_sitenote_active":false,"_monsterinsights_sitenote_note":"","_monsterinsights_sitenote_category":0},"product_brand":[],"product_cat":[12291,12509],"product_tag":[],"class_list":{"0":"post-767323","1":"product","2":"type-product","3":"status-publish","5":"product_cat-edebiyat","6":"product_cat-siir","7":"pa_cilt-ciltsiz","8":"pa_tur-kitap","9":"pa_yayinevi-gulnar-yayinlari","10":"pa_yazar-aysel-ozpinar","12":"first","13":"instock","14":"sale","15":"shipping-taxable","16":"purchasable","17":"product-type-simple"},"_links":{"self":[{"href":"https:\/\/roveyayinevi.com.tr\/index.php\/wp-json\/wp\/v2\/product\/767323","targetHints":{"allow":["GET"]}}],"collection":[{"href":"https:\/\/roveyayinevi.com.tr\/index.php\/wp-json\/wp\/v2\/product"}],"about":[{"href":"https:\/\/roveyayinevi.com.tr\/index.php\/wp-json\/wp\/v2\/types\/product"}],"wp:attachment":[{"href":"https:\/\/roveyayinevi.com.tr\/index.php\/wp-json\/wp\/v2\/media?parent=767323"}],"wp:term":[{"taxonomy":"product_brand","embeddable":true,"href":"https:\/\/roveyayinevi.com.tr\/index.php\/wp-json\/wp\/v2\/product_brand?post=767323"},{"taxonomy":"product_cat","embeddable":true,"href":"https:\/\/roveyayinevi.com.tr\/index.php\/wp-json\/wp\/v2\/product_cat?post=767323"},{"taxonomy":"product_tag","embeddable":true,"href":"https:\/\/roveyayinevi.com.tr\/index.php\/wp-json\/wp\/v2\/product_tag?post=767323"}],"curies":[{"name":"wp","href":"https:\/\/api.w.org\/{rel}","templated":true}]}}