{"id":767322,"date":"2025-08-28T12:43:54","date_gmt":"2025-08-28T09:43:54","guid":{"rendered":"https:\/\/roveyayinevi.com.tr\/index.php\/urun\/seta-xelatgiren-pesbirka-helbeste-ya-arjen-ari-9-kitap-set\/"},"modified":"2025-11-21T11:13:10","modified_gmt":"2025-11-21T08:13:10","slug":"seta-xelatgiren-pesbirka-helbeste-ya-arjen-ari-9-kitap-set","status":"publish","type":"product","link":"https:\/\/roveyayinevi.com.tr\/index.php\/urun\/seta-xelatgiren-pesbirka-helbeste-ya-arjen-ari-9-kitap-set\/","title":{"rendered":"Seta Xelatgiren Pe\u015fbirka Helbeste Ya Arjen Ari (9 Kitap Set)"},"content":{"rendered":"<p>Hem\u00fb berhem\u00ean xelatgir\u00ean p\u00ea\u015fbirka helbest\u00ea ya Arjen Ar\u00ee di setek\u00ea da! Pi\u015ft\u00ee \u015fair\u00ea mezin Arjen Ar\u00ee wefat kir, hem bi armanca zind\u00eeh\u00ee\u015ftina nav\u00ea Arjen Ar\u00ee hem j\u00ee bi armanca ku reng \u00fb deng\u00ean n\u00fb \u00fb ciwan di helbesta Kurmanc\u00ee da bilind bibin, ev p\u00ea\u015fbirk hat li dar xistin. \u00db em bi k\u00eafxwe\u015f\u00ee parve dikin ku hem\u00fb berhem\u00ean \u015fair\u00ean xelagtir di seteka taybet da \u00e7ap dibin. Berhem\u00ean xelatgir  2014 Selam\u00ee Esen &#8211; Qijik\u00ean X\u00ear\u00ea  2015 Yehya Omer\u00ee &#8211; Anatomiya Demsal\u00ean Zer  2017 Nar\u00een Yukler &#8211; R\u00ea \u00fb R\u00ea\u00e7  2018 Emer\u00eek\u00ea Sid\u00eeqay\u00ea &#8211; V\u00ea Lehz\u00ea V\u00ea Pay\u00eez\u00ea  2019 Mirad\u00ea Miradan &#8211; Rad\u00ee\u015fo  2020 Suat Baran &#8211; Elbakof  2021 Welat Esen &#8211; Ev R\u00fb Ev Xer\u00eeb\u00ee  2022 Bahad\u00een Akhan &#8211; An J\u00ee Gil\u00ee Gotin\u00ean <\/p>\n","protected":false},"excerpt":{"rendered":"<p>Hem\u00fb berhem\u00ean xelatgir\u00ean p\u00ea\u015fbirka helbest\u00ea ya Arjen Ar\u00ee di setek\u00ea da! Pi\u015ft\u00ee \u015fair\u00ea mezin Arjen Ar\u00ee wefat kir, hem bi armanca zind\u00eeh\u00ee\u015ftina nav\u00ea Arjen Ar\u00ee hem<span class=\"excerpt-hellip\"> [\u2026]<\/span><\/p>\n","protected":false},"featured_media":0,"template":"","meta":{"_monsterinsights_skip_tracking":false,"_monsterinsights_sitenote_active":false,"_monsterinsights_sitenote_note":"","_monsterinsights_sitenote_category":0},"product_brand":[],"product_cat":[12291,12509],"product_tag":[],"class_list":{"0":"post-767322","1":"product","2":"type-product","3":"status-publish","5":"product_cat-edebiyat","6":"product_cat-siir","7":"pa_cilt-set","8":"pa_tur-kitap","9":"pa_yayinevi-sor-kitap","10":"pa_yazar-rezan-diljen","12":"first","13":"instock","14":"sale","15":"shipping-taxable","16":"purchasable","17":"product-type-simple"},"_links":{"self":[{"href":"https:\/\/roveyayinevi.com.tr\/index.php\/wp-json\/wp\/v2\/product\/767322","targetHints":{"allow":["GET"]}}],"collection":[{"href":"https:\/\/roveyayinevi.com.tr\/index.php\/wp-json\/wp\/v2\/product"}],"about":[{"href":"https:\/\/roveyayinevi.com.tr\/index.php\/wp-json\/wp\/v2\/types\/product"}],"wp:attachment":[{"href":"https:\/\/roveyayinevi.com.tr\/index.php\/wp-json\/wp\/v2\/media?parent=767322"}],"wp:term":[{"taxonomy":"product_brand","embeddable":true,"href":"https:\/\/roveyayinevi.com.tr\/index.php\/wp-json\/wp\/v2\/product_brand?post=767322"},{"taxonomy":"product_cat","embeddable":true,"href":"https:\/\/roveyayinevi.com.tr\/index.php\/wp-json\/wp\/v2\/product_cat?post=767322"},{"taxonomy":"product_tag","embeddable":true,"href":"https:\/\/roveyayinevi.com.tr\/index.php\/wp-json\/wp\/v2\/product_tag?post=767322"}],"curies":[{"name":"wp","href":"https:\/\/api.w.org\/{rel}","templated":true}]}}