{"id":767321,"date":"2025-08-28T12:43:52","date_gmt":"2025-08-28T09:43:52","guid":{"rendered":"https:\/\/roveyayinevi.com.tr\/index.php\/urun\/turkiyede-yag-gulu-yetistiriciliginde-etkinlik-analizi\/"},"modified":"2026-04-15T03:33:20","modified_gmt":"2026-04-15T00:33:20","slug":"turkiyede-yag-gulu-yetistiriciliginde-etkinlik-analizi","status":"publish","type":"product","link":"https:\/\/roveyayinevi.com.tr\/index.php\/urun\/turkiyede-yag-gulu-yetistiriciliginde-etkinlik-analizi\/","title":{"rendered":"T\u00fcrkiye\u2019de Ya\u011f G\u00fcl\u00fc Yeti\u015ftiricili\u011finde Etkinlik Analizi"},"content":{"rendered":"<p>\u0130\u00e7indekiler :     B\u0130R\u0130NC\u0130 B\u00d6L\u00dcM D\u00dcNYADA VE T\u00dcRK\u0130YE\u2019DE YA\u011e G\u00dcL\u00dc SEKT\u00d6R\u00dcN\u00dcN GEL\u0130\u015e\u0130M\u0130   \u0130K\u0130NC\u0130 B\u00d6L\u00dcM \u0130KT\u0130SAT B\u0130L\u0130M\u0130NDE TEOR\u0130K OLARAK ETK\u0130NL\u0130K KAVRAMI   \u00dc\u00c7\u00dcNC\u00dc B\u00d6L\u00dcM YA\u011e G\u00dcL\u00dc YET\u0130\u015eT\u0130R\u0130C\u0130L\u0130\u011e\u0130 YAPAN \u0130\u015eLETMELER\u0130N ETK\u0130NL\u0130K ANAL\u0130Z\u0130 <\/p>\n","protected":false},"excerpt":{"rendered":"<p>\u0130\u00e7indekiler : B\u0130R\u0130NC\u0130 B\u00d6L\u00dcM D\u00dcNYADA VE T\u00dcRK\u0130YE\u2019DE YA\u011e G\u00dcL\u00dc SEKT\u00d6R\u00dcN\u00dcN GEL\u0130\u015e\u0130M\u0130 \u0130K\u0130NC\u0130 B\u00d6L\u00dcM \u0130KT\u0130SAT B\u0130L\u0130M\u0130NDE TEOR\u0130K OLARAK ETK\u0130NL\u0130K KAVRAMI \u00dc\u00c7\u00dcNC\u00dc B\u00d6L\u00dcM YA\u011e G\u00dcL\u00dc YET\u0130\u015eT\u0130R\u0130C\u0130L\u0130\u011e\u0130 YAPAN \u0130\u015eLETMELER\u0130N<span class=\"excerpt-hellip\"> [\u2026]<\/span><\/p>\n","protected":false},"featured_media":0,"template":"","meta":{"_monsterinsights_skip_tracking":false,"_monsterinsights_sitenote_active":false,"_monsterinsights_sitenote_note":"","_monsterinsights_sitenote_category":0},"product_brand":[],"product_cat":[13043],"product_tag":[],"class_list":{"0":"post-767321","1":"product","2":"type-product","3":"status-publish","5":"product_cat-ekonomi","6":"pa_cilt-ciltsiz","7":"pa_tur-kitap","8":"pa_yayinevi-gazi-kitabevi","9":"pa_yazar-orcun-bitrak-selim-adem-hatirli","11":"first","12":"instock","13":"sale","14":"shipping-taxable","15":"purchasable","16":"product-type-simple"},"_links":{"self":[{"href":"https:\/\/roveyayinevi.com.tr\/index.php\/wp-json\/wp\/v2\/product\/767321","targetHints":{"allow":["GET"]}}],"collection":[{"href":"https:\/\/roveyayinevi.com.tr\/index.php\/wp-json\/wp\/v2\/product"}],"about":[{"href":"https:\/\/roveyayinevi.com.tr\/index.php\/wp-json\/wp\/v2\/types\/product"}],"wp:attachment":[{"href":"https:\/\/roveyayinevi.com.tr\/index.php\/wp-json\/wp\/v2\/media?parent=767321"}],"wp:term":[{"taxonomy":"product_brand","embeddable":true,"href":"https:\/\/roveyayinevi.com.tr\/index.php\/wp-json\/wp\/v2\/product_brand?post=767321"},{"taxonomy":"product_cat","embeddable":true,"href":"https:\/\/roveyayinevi.com.tr\/index.php\/wp-json\/wp\/v2\/product_cat?post=767321"},{"taxonomy":"product_tag","embeddable":true,"href":"https:\/\/roveyayinevi.com.tr\/index.php\/wp-json\/wp\/v2\/product_tag?post=767321"}],"curies":[{"name":"wp","href":"https:\/\/api.w.org\/{rel}","templated":true}]}}