{"id":767320,"date":"2025-08-28T12:43:50","date_gmt":"2025-08-28T09:43:50","guid":{"rendered":"https:\/\/roveyayinevi.com.tr\/index.php\/urun\/biraxane\/"},"modified":"2026-04-15T03:33:20","modified_gmt":"2026-04-15T00:33:20","slug":"biraxane","status":"publish","type":"product","link":"https:\/\/roveyayinevi.com.tr\/index.php\/urun\/biraxane\/","title":{"rendered":"B\u00eeraxane"},"content":{"rendered":"<p>\u201cEm li vir in,ji ber ku em nikarin li ti der\u00ean din debar bikin.&#8221;     \u2022              \u00c7\u00eeroka l\u00eager\u00eeneke b\u00eahempa \u2022              Helbest\u00ean Arjen Ar\u00ee \u2022              Atmosfera b\u00eeraxaneyeke kurd\u00ee ya li Rojhilata Nav\u00een \u2022              Pirsgir\u00eaken civak\u00ee y\u00ean k\u00fbr     Ev pirtuk d\u00ea we ne\u00e7ar bike ku h\u00fbn derbar\u00ea jiyan\u00ea \u00fb cih\u00ea xwe y\u00ea li v\u00ea jiyan\u00ea d\u00eesa bifikirin. Gelo h\u00fbn amade ne deriy\u00ea biraxaney\u00ea vekin? <\/p>\n","protected":false},"excerpt":{"rendered":"<p>\u201cEm li vir in,ji ber ku em nikarin li ti der\u00ean din debar bikin.&#8221; \u2022 \u00c7\u00eeroka l\u00eager\u00eeneke b\u00eahempa \u2022 Helbest\u00ean Arjen Ar\u00ee \u2022 Atmosfera b\u00eeraxaneyeke kurd\u00ee<span class=\"excerpt-hellip\"> [\u2026]<\/span><\/p>\n","protected":false},"featured_media":0,"template":"","meta":{"_monsterinsights_skip_tracking":false,"_monsterinsights_sitenote_active":false,"_monsterinsights_sitenote_note":"","_monsterinsights_sitenote_category":0},"product_brand":[],"product_cat":[12291,12332],"product_tag":[],"class_list":{"0":"post-767320","1":"product","2":"type-product","3":"status-publish","5":"product_cat-edebiyat","6":"product_cat-senaryo","7":"pa_cilt-ciltsiz","8":"pa_tur-kitap","9":"pa_yayinevi-sor-kitap","10":"pa_yazar-bilal-korkut","12":"first","13":"instock","14":"sale","15":"shipping-taxable","16":"purchasable","17":"product-type-simple"},"_links":{"self":[{"href":"https:\/\/roveyayinevi.com.tr\/index.php\/wp-json\/wp\/v2\/product\/767320","targetHints":{"allow":["GET"]}}],"collection":[{"href":"https:\/\/roveyayinevi.com.tr\/index.php\/wp-json\/wp\/v2\/product"}],"about":[{"href":"https:\/\/roveyayinevi.com.tr\/index.php\/wp-json\/wp\/v2\/types\/product"}],"wp:attachment":[{"href":"https:\/\/roveyayinevi.com.tr\/index.php\/wp-json\/wp\/v2\/media?parent=767320"}],"wp:term":[{"taxonomy":"product_brand","embeddable":true,"href":"https:\/\/roveyayinevi.com.tr\/index.php\/wp-json\/wp\/v2\/product_brand?post=767320"},{"taxonomy":"product_cat","embeddable":true,"href":"https:\/\/roveyayinevi.com.tr\/index.php\/wp-json\/wp\/v2\/product_cat?post=767320"},{"taxonomy":"product_tag","embeddable":true,"href":"https:\/\/roveyayinevi.com.tr\/index.php\/wp-json\/wp\/v2\/product_tag?post=767320"}],"curies":[{"name":"wp","href":"https:\/\/api.w.org\/{rel}","templated":true}]}}