{"id":767319,"date":"2025-08-28T12:43:49","date_gmt":"2025-08-28T09:43:49","guid":{"rendered":"https:\/\/roveyayinevi.com.tr\/index.php\/urun\/girisimcilik\/"},"modified":"2026-04-15T03:33:20","modified_gmt":"2026-04-15T00:33:20","slug":"girisimcilik","status":"publish","type":"product","link":"https:\/\/roveyayinevi.com.tr\/index.php\/urun\/girisimcilik\/","title":{"rendered":"Giri\u015fimcilik"},"content":{"rendered":"<p>\u0130\u00e7indekiler :         1. \u0130HT\u0130YA\u00c7 VE \u00dcRET\u0130M         2. G\u0130R\u0130\u015e\u0130MC\u0130L\u0130KLE \u0130LG\u0130L\u0130 BAZI TEMEL KAVRAMLAR         3. G\u0130R\u0130\u015e\u0130MC\u0130L\u0130K KAVRAMI VE GEL\u0130\u015e\u0130M\u0130         4. G\u0130R\u0130\u015e\u0130MC\u0130L\u0130K T\u00dcRLER\u0130 1: \u00d6ZEL VE KAMU G\u0130R\u0130\u015e\u0130MC\u0130L\u0130\u011e\u0130         5. G\u0130R\u0130\u015e\u0130MC\u0130L\u0130K T\u00dcRLER\u0130 2: YARATICI, FIRSAT\u00c7I, B\u0130L\u0130\u015e\u0130MC\u0130, YEN\u0130L\u0130K\u00c7\u0130, SANAL                        G\u0130R\u0130\u015e\u0130MC\u0130L\u0130K         6. SOSYAL G\u0130R\u0130\u015e\u0130MC\u0130L\u0130K         7. YEN\u0130 G\u0130R\u0130\u015e\u0130MC\u0130L\u0130K (EKOG\u0130R\u0130\u015e\u0130MC\u0130L\u0130K)         8. G\u0130R\u0130\u015e\u0130MC\u0130L\u0130KTE YEN\u0130L\u0130K           9. G\u0130R\u0130\u015e\u0130MC\u0130L\u0130KTE \u00c7EVRE         10. G\u0130R\u0130\u015e\u0130MC\u0130L\u0130\u011eE \u0130LK ADIM         11. G\u0130R\u0130\u015e\u0130MC\u0130L\u0130\u011eE BA\u015eLAMA         12. \u0130\u015e KURMA S\u00dcREC\u0130 VE \u0130\u015e GEL\u0130\u015eT\u0130RME         13. G\u0130R\u0130\u015e\u0130MC\u0130L\u0130K DESTEK PROGRAMI YEN\u0130 G\u0130R\u0130\u015e\u0130MC\u0130 DESTE\u011e\u0130 G\u0130R\u0130\u015e\u0130MC\u0130 \u0130\u015e               PLANI 1         14. G\u0130R\u0130\u015e\u0130MC\u0130L\u0130K DESTEK PROGRAMI YEN\u0130 G\u0130R\u0130\u015e\u0130MC\u0130 DESTE\u011e\u0130 G\u0130R\u0130\u015e\u0130MC\u0130 \u0130\u015e               PLANI 2 <\/p>\n","protected":false},"excerpt":{"rendered":"<p>\u0130\u00e7indekiler : 1. \u0130HT\u0130YA\u00c7 VE \u00dcRET\u0130M 2. G\u0130R\u0130\u015e\u0130MC\u0130L\u0130KLE \u0130LG\u0130L\u0130 BAZI TEMEL KAVRAMLAR 3. G\u0130R\u0130\u015e\u0130MC\u0130L\u0130K KAVRAMI VE GEL\u0130\u015e\u0130M\u0130 4. G\u0130R\u0130\u015e\u0130MC\u0130L\u0130K T\u00dcRLER\u0130 1: \u00d6ZEL VE KAMU G\u0130R\u0130\u015e\u0130MC\u0130L\u0130\u011e\u0130 5.<span class=\"excerpt-hellip\"> [\u2026]<\/span><\/p>\n","protected":false},"featured_media":0,"template":"","meta":{"_monsterinsights_skip_tracking":false,"_monsterinsights_sitenote_active":false,"_monsterinsights_sitenote_note":"","_monsterinsights_sitenote_category":0},"product_brand":[],"product_cat":[13043],"product_tag":[],"class_list":{"0":"post-767319","1":"product","2":"type-product","3":"status-publish","5":"product_cat-ekonomi","6":"pa_cilt-ciltsiz","7":"pa_tur-kitap","8":"pa_yayinevi-gazi-kitabevi","9":"pa_yazar-sezar-karaca","11":"first","12":"instock","13":"sale","14":"shipping-taxable","15":"purchasable","16":"product-type-simple"},"_links":{"self":[{"href":"https:\/\/roveyayinevi.com.tr\/index.php\/wp-json\/wp\/v2\/product\/767319","targetHints":{"allow":["GET"]}}],"collection":[{"href":"https:\/\/roveyayinevi.com.tr\/index.php\/wp-json\/wp\/v2\/product"}],"about":[{"href":"https:\/\/roveyayinevi.com.tr\/index.php\/wp-json\/wp\/v2\/types\/product"}],"wp:attachment":[{"href":"https:\/\/roveyayinevi.com.tr\/index.php\/wp-json\/wp\/v2\/media?parent=767319"}],"wp:term":[{"taxonomy":"product_brand","embeddable":true,"href":"https:\/\/roveyayinevi.com.tr\/index.php\/wp-json\/wp\/v2\/product_brand?post=767319"},{"taxonomy":"product_cat","embeddable":true,"href":"https:\/\/roveyayinevi.com.tr\/index.php\/wp-json\/wp\/v2\/product_cat?post=767319"},{"taxonomy":"product_tag","embeddable":true,"href":"https:\/\/roveyayinevi.com.tr\/index.php\/wp-json\/wp\/v2\/product_tag?post=767319"}],"curies":[{"name":"wp","href":"https:\/\/api.w.org\/{rel}","templated":true}]}}