{"id":767316,"date":"2025-08-28T12:43:43","date_gmt":"2025-08-28T09:43:43","guid":{"rendered":"https:\/\/roveyayinevi.com.tr\/index.php\/urun\/uyanis-7\/"},"modified":"2026-04-15T03:33:20","modified_gmt":"2026-04-15T00:33:20","slug":"uyanis-7","status":"publish","type":"product","link":"https:\/\/roveyayinevi.com.tr\/index.php\/urun\/uyanis-7\/","title":{"rendered":"Uyan\u0131\u015f"},"content":{"rendered":"<p>\u201cHayat bazen bize f\u0131s\u0131ldar, bazen ise ba\u011f\u0131r\u0131r. Peki, biz ne kadar\u0131n\u0131 duyabiliyoruz?\u201d Bu kitap, hayat\u0131n d\u00f6ng\u00fcleri i\u00e7inde kendinizi ke\u015ffetmeniz i\u00e7in size rehberlik ediyor. Ge\u00e7mi\u015fteki hayal k\u0131r\u0131kl\u0131klar\u0131, derin travmalar, ihanetler ve zorlay\u0131c\u0131 ili\u015fkiler\u2026 Hepsi, bug\u00fcnk\u00fc sizi in\u015fa eden yap\u0131 ta\u015flar\u0131. Peki, art\u0131k bu ta\u015flar\u0131 bir y\u00fck olarak ta\u015f\u0131mak yerine, g\u00fc\u00e7l\u00fc bir temel haline getirmeye ne dersiniz? Her sat\u0131r\u0131nda fark\u0131ndal\u0131\u011f\u0131n\u0131z\u0131 art\u0131racak, konfor alan\u0131n\u0131zdan \u00e7\u0131kma cesareti verecek ve \u201c\u00f6nce ben\u201d demeyi \u00f6\u011frenmenin hayat\u0131n\u0131z\u0131 nas\u0131l de\u011fi\u015ftirebilece\u011fini g\u00f6sterecek bir yolculuk bu. Hayal k\u0131r\u0131kl\u0131klar\u0131n\u0131z\u0131n ard\u0131ndaki mesajlar\u0131 ke\u015ffedin. Duygular\u0131n\u0131z\u0131 ve ge\u00e7mi\u015finizi yeniden anlamland\u0131r\u0131n. Kendiniz i\u00e7in bir ad\u0131m atman\u0131n d\u00f6n\u00fc\u015ft\u00fcr\u00fcc\u00fc g\u00fcc\u00fcn\u00fc fark edin. Bu kitap, yaln\u0131zca size ilham vermekle kalmayacak, ayn\u0131 zamanda i\u00e7sel yolculu\u011funuzda size g\u00fc\u00e7l\u00fc bir \u0131\u015f\u0131k tutacak. \u00c7\u00fcnk\u00fc herkesin i\u00e7inde bir hazine sakl\u0131d\u0131r ve bu hazineyi ke\u015ffetmek i\u00e7in tek yapman\u0131z gereken, kendinize d\u00f6n\u00fcp \u201chaz\u0131r\u0131m\u201d demek. \u201cDe\u011fi\u015fmek cesaret ister, ama \u00f6d\u00fcl\u00fc bir \u00f6m\u00fcr boyu huzurdur.\u201d \u015eimdi, hayat\u0131n\u0131zda yeni bir sayfa a\u00e7man\u0131n tam zaman\u0131. Haz\u0131r m\u0131s\u0131n\u0131z?<\/p>\n","protected":false},"excerpt":{"rendered":"<p>\u201cHayat bazen bize f\u0131s\u0131ldar, bazen ise ba\u011f\u0131r\u0131r. Peki, biz ne kadar\u0131n\u0131 duyabiliyoruz?\u201d Bu kitap, hayat\u0131n d\u00f6ng\u00fcleri i\u00e7inde kendinizi ke\u015ffetmeniz i\u00e7in size rehberlik ediyor. Ge\u00e7mi\u015fteki hayal k\u0131r\u0131kl\u0131klar\u0131,<span class=\"excerpt-hellip\"> [\u2026]<\/span><\/p>\n","protected":false},"featured_media":0,"template":"","meta":{"_monsterinsights_skip_tracking":false,"_monsterinsights_sitenote_active":false,"_monsterinsights_sitenote_note":"","_monsterinsights_sitenote_category":0},"product_brand":[],"product_cat":[12364,12376],"product_tag":[],"class_list":{"0":"post-767316","1":"product","2":"type-product","3":"status-publish","5":"product_cat-genel-konular","6":"product_cat-kisisel-gelisim","7":"pa_cilt-ciltsiz","8":"pa_tur-kitap","9":"pa_yayinevi-bambuk-yayinevi","10":"pa_yazar-gulsum-cetin","12":"first","13":"instock","14":"sale","15":"shipping-taxable","16":"purchasable","17":"product-type-simple"},"_links":{"self":[{"href":"https:\/\/roveyayinevi.com.tr\/index.php\/wp-json\/wp\/v2\/product\/767316","targetHints":{"allow":["GET"]}}],"collection":[{"href":"https:\/\/roveyayinevi.com.tr\/index.php\/wp-json\/wp\/v2\/product"}],"about":[{"href":"https:\/\/roveyayinevi.com.tr\/index.php\/wp-json\/wp\/v2\/types\/product"}],"wp:attachment":[{"href":"https:\/\/roveyayinevi.com.tr\/index.php\/wp-json\/wp\/v2\/media?parent=767316"}],"wp:term":[{"taxonomy":"product_brand","embeddable":true,"href":"https:\/\/roveyayinevi.com.tr\/index.php\/wp-json\/wp\/v2\/product_brand?post=767316"},{"taxonomy":"product_cat","embeddable":true,"href":"https:\/\/roveyayinevi.com.tr\/index.php\/wp-json\/wp\/v2\/product_cat?post=767316"},{"taxonomy":"product_tag","embeddable":true,"href":"https:\/\/roveyayinevi.com.tr\/index.php\/wp-json\/wp\/v2\/product_tag?post=767316"}],"curies":[{"name":"wp","href":"https:\/\/api.w.org\/{rel}","templated":true}]}}