{"id":767315,"date":"2025-08-28T12:43:42","date_gmt":"2025-08-28T09:43:42","guid":{"rendered":"https:\/\/roveyayinevi.com.tr\/index.php\/urun\/ah-masali-3\/"},"modified":"2026-04-15T03:33:20","modified_gmt":"2026-04-15T00:33:20","slug":"ah-masali-3","status":"publish","type":"product","link":"https:\/\/roveyayinevi.com.tr\/index.php\/urun\/ah-masali-3\/","title":{"rendered":"Ah Masal\u0131"},"content":{"rendered":"<p>Toplumu ve sorunlar\u0131n\u0131 tan\u0131mak i\u00e7in daha binlerce soru sorman\u0131z gerek. Toplumu tan\u0131man\u0131n ve sorulara yan\u0131t araman\u0131n birka\u00e7 yolu vard\u0131r. Bu yollardan biri de k\u00f6ylere, \u015fehirlere gidip her katmandan halkla oturup kalkmakt\u0131r. Di\u011fer yol ise kitap okumakt\u0131r. \u00c7e\u015fitli sorular\u0131m\u0131za do\u011fru yan\u0131tlar veren, bizi kendi toplumumuzla ve di\u011fer milletlerle tan\u0131\u015ft\u0131ran, toplumsal rahats\u0131zl\u0131klar\u0131 bize g\u00f6steren kitaplar\u0131 okumal\u0131y\u0131z. Behrengi \u00f6yk\u00fcleri insanlar\u0131, toplumlar\u0131 ve ya\u015fam\u0131 tan\u0131t\u0131r ve nedenlerini a\u00e7\u0131klar.<\/p>\n","protected":false},"excerpt":{"rendered":"<p>Toplumu ve sorunlar\u0131n\u0131 tan\u0131mak i\u00e7in daha binlerce soru sorman\u0131z gerek. Toplumu tan\u0131man\u0131n ve sorulara yan\u0131t araman\u0131n birka\u00e7 yolu vard\u0131r. Bu yollardan biri de k\u00f6ylere, \u015fehirlere gidip<span class=\"excerpt-hellip\"> [\u2026]<\/span><\/p>\n","protected":false},"featured_media":0,"template":"","meta":{"_monsterinsights_skip_tracking":false,"_monsterinsights_sitenote_active":false,"_monsterinsights_sitenote_note":"","_monsterinsights_sitenote_category":0},"product_brand":[],"product_cat":[12274,12523],"product_tag":[],"class_list":{"0":"post-767315","1":"product","2":"type-product","3":"status-publish","5":"product_cat-cocuk-ve-genclik-kitaplari","6":"product_cat-masallar","7":"pa_cilt-ciltsiz","8":"pa_tur-kitap","9":"pa_yayinevi-mavi-boncuk","10":"pa_yazar-samed-behrengi","12":"first","13":"instock","14":"sale","15":"shipping-taxable","16":"purchasable","17":"product-type-simple"},"_links":{"self":[{"href":"https:\/\/roveyayinevi.com.tr\/index.php\/wp-json\/wp\/v2\/product\/767315","targetHints":{"allow":["GET"]}}],"collection":[{"href":"https:\/\/roveyayinevi.com.tr\/index.php\/wp-json\/wp\/v2\/product"}],"about":[{"href":"https:\/\/roveyayinevi.com.tr\/index.php\/wp-json\/wp\/v2\/types\/product"}],"wp:attachment":[{"href":"https:\/\/roveyayinevi.com.tr\/index.php\/wp-json\/wp\/v2\/media?parent=767315"}],"wp:term":[{"taxonomy":"product_brand","embeddable":true,"href":"https:\/\/roveyayinevi.com.tr\/index.php\/wp-json\/wp\/v2\/product_brand?post=767315"},{"taxonomy":"product_cat","embeddable":true,"href":"https:\/\/roveyayinevi.com.tr\/index.php\/wp-json\/wp\/v2\/product_cat?post=767315"},{"taxonomy":"product_tag","embeddable":true,"href":"https:\/\/roveyayinevi.com.tr\/index.php\/wp-json\/wp\/v2\/product_tag?post=767315"}],"curies":[{"name":"wp","href":"https:\/\/api.w.org\/{rel}","templated":true}]}}