{"id":767312,"date":"2025-08-28T12:43:36","date_gmt":"2025-08-28T09:43:36","guid":{"rendered":"https:\/\/roveyayinevi.com.tr\/index.php\/urun\/bu-gelen-korogludur\/"},"modified":"2026-04-15T03:33:19","modified_gmt":"2026-04-15T00:33:19","slug":"bu-gelen-korogludur","status":"publish","type":"product","link":"https:\/\/roveyayinevi.com.tr\/index.php\/urun\/bu-gelen-korogludur\/","title":{"rendered":"Bu Gelen K\u00f6ro\u011flu\u2019dur"},"content":{"rendered":"<p>K\u00f6ro\u011flu destanlar\u0131n\u0131n en g\u00fczeli\u2026 Bu kitaptaki K\u00f6ro\u011flu, bizim K\u00f6ro\u011flumuz; hepimizin bildi\u011fi, yi\u011fit, g\u00f6z\u00fc kara K\u00f6ro\u011flu, ama Samed Behrengi&#8217;nin de K\u00f6ro\u011flusu\u2026 Tarihler boyu Anadolu&#8217;nun \u00e7e\u015fitli y\u00f6relerinde, de\u011fi\u015fik destanlar anlat\u0131l\u0131r ona dair. Bu masal da i\u015fte onlardan biri; karde\u015fli\u011fi, dayan\u0131\u015fmay\u0131, direni\u015fi anlatan, \u00e7ok g\u00fczel bir K\u00f6ro\u011flu masal\u0131\u2026<\/p>\n","protected":false},"excerpt":{"rendered":"<p>K\u00f6ro\u011flu destanlar\u0131n\u0131n en g\u00fczeli\u2026 Bu kitaptaki K\u00f6ro\u011flu, bizim K\u00f6ro\u011flumuz; hepimizin bildi\u011fi, yi\u011fit, g\u00f6z\u00fc kara K\u00f6ro\u011flu, ama Samed Behrengi&#8217;nin de K\u00f6ro\u011flusu\u2026 Tarihler boyu Anadolu&#8217;nun \u00e7e\u015fitli y\u00f6relerinde, de\u011fi\u015fik<span class=\"excerpt-hellip\"> [\u2026]<\/span><\/p>\n","protected":false},"featured_media":0,"template":"","meta":{"_monsterinsights_skip_tracking":false,"_monsterinsights_sitenote_active":false,"_monsterinsights_sitenote_note":"","_monsterinsights_sitenote_category":0},"product_brand":[],"product_cat":[12274,12523],"product_tag":[],"class_list":{"0":"post-767312","1":"product","2":"type-product","3":"status-publish","5":"product_cat-cocuk-ve-genclik-kitaplari","6":"product_cat-masallar","7":"pa_cilt-ciltsiz","8":"pa_tur-kitap","9":"pa_yayinevi-mavi-boncuk","10":"pa_yazar-samed-behrengi","12":"first","13":"instock","14":"sale","15":"shipping-taxable","16":"purchasable","17":"product-type-simple"},"_links":{"self":[{"href":"https:\/\/roveyayinevi.com.tr\/index.php\/wp-json\/wp\/v2\/product\/767312","targetHints":{"allow":["GET"]}}],"collection":[{"href":"https:\/\/roveyayinevi.com.tr\/index.php\/wp-json\/wp\/v2\/product"}],"about":[{"href":"https:\/\/roveyayinevi.com.tr\/index.php\/wp-json\/wp\/v2\/types\/product"}],"wp:attachment":[{"href":"https:\/\/roveyayinevi.com.tr\/index.php\/wp-json\/wp\/v2\/media?parent=767312"}],"wp:term":[{"taxonomy":"product_brand","embeddable":true,"href":"https:\/\/roveyayinevi.com.tr\/index.php\/wp-json\/wp\/v2\/product_brand?post=767312"},{"taxonomy":"product_cat","embeddable":true,"href":"https:\/\/roveyayinevi.com.tr\/index.php\/wp-json\/wp\/v2\/product_cat?post=767312"},{"taxonomy":"product_tag","embeddable":true,"href":"https:\/\/roveyayinevi.com.tr\/index.php\/wp-json\/wp\/v2\/product_tag?post=767312"}],"curies":[{"name":"wp","href":"https:\/\/api.w.org\/{rel}","templated":true}]}}