{"id":767306,"date":"2025-08-28T12:43:24","date_gmt":"2025-08-28T09:43:24","guid":{"rendered":"https:\/\/roveyayinevi.com.tr\/index.php\/urun\/kuyuda-yalnizlik\/"},"modified":"2026-04-15T03:33:19","modified_gmt":"2026-04-15T00:33:19","slug":"kuyuda-yalnizlik","status":"publish","type":"product","link":"https:\/\/roveyayinevi.com.tr\/index.php\/urun\/kuyuda-yalnizlik\/","title":{"rendered":"Kuyuda Yaln\u0131zl\u0131k"},"content":{"rendered":"<p>Sad\u0131k Almak\u00e7a otuz y\u0131l s\u00fcren tutsakl\u0131k kuyusundan sesleniyor bize. Bir tutam g\u00f6ky\u00fcz\u00fcne hasret zamanlarda bile\u201dumut\u201d diye sesleniyor. Do\u011fal, samimi, ger\u00e7ek bir hik\u00e2ye\u2026 <\/p>\n","protected":false},"excerpt":{"rendered":"<p>Sad\u0131k Almak\u00e7a otuz y\u0131l s\u00fcren tutsakl\u0131k kuyusundan sesleniyor bize. Bir tutam g\u00f6ky\u00fcz\u00fcne hasret zamanlarda bile\u201dumut\u201d diye sesleniyor. Do\u011fal, samimi, ger\u00e7ek bir hik\u00e2ye\u2026<\/p>\n","protected":false},"featured_media":0,"template":"","meta":{"_monsterinsights_skip_tracking":false,"_monsterinsights_sitenote_active":false,"_monsterinsights_sitenote_note":"","_monsterinsights_sitenote_category":0},"product_brand":[],"product_cat":[12777,12291],"product_tag":[],"class_list":{"0":"post-767306","1":"product","2":"type-product","3":"status-publish","5":"product_cat-deneme","6":"product_cat-edebiyat","7":"pa_cilt-ciltsiz","8":"pa_tur-kitap","9":"pa_yayinevi-sinirsiz-kitap","10":"pa_yazar-sadik-almakca","12":"first","13":"instock","14":"sale","15":"shipping-taxable","16":"purchasable","17":"product-type-simple"},"_links":{"self":[{"href":"https:\/\/roveyayinevi.com.tr\/index.php\/wp-json\/wp\/v2\/product\/767306","targetHints":{"allow":["GET"]}}],"collection":[{"href":"https:\/\/roveyayinevi.com.tr\/index.php\/wp-json\/wp\/v2\/product"}],"about":[{"href":"https:\/\/roveyayinevi.com.tr\/index.php\/wp-json\/wp\/v2\/types\/product"}],"wp:attachment":[{"href":"https:\/\/roveyayinevi.com.tr\/index.php\/wp-json\/wp\/v2\/media?parent=767306"}],"wp:term":[{"taxonomy":"product_brand","embeddable":true,"href":"https:\/\/roveyayinevi.com.tr\/index.php\/wp-json\/wp\/v2\/product_brand?post=767306"},{"taxonomy":"product_cat","embeddable":true,"href":"https:\/\/roveyayinevi.com.tr\/index.php\/wp-json\/wp\/v2\/product_cat?post=767306"},{"taxonomy":"product_tag","embeddable":true,"href":"https:\/\/roveyayinevi.com.tr\/index.php\/wp-json\/wp\/v2\/product_tag?post=767306"}],"curies":[{"name":"wp","href":"https:\/\/api.w.org\/{rel}","templated":true}]}}