{"id":767305,"date":"2025-08-28T12:43:22","date_gmt":"2025-08-28T09:43:22","guid":{"rendered":"https:\/\/roveyayinevi.com.tr\/index.php\/urun\/gunun-birinde\/"},"modified":"2026-04-15T03:33:19","modified_gmt":"2026-04-15T00:33:19","slug":"gunun-birinde","status":"publish","type":"product","link":"https:\/\/roveyayinevi.com.tr\/index.php\/urun\/gunun-birinde\/","title":{"rendered":"G\u00fcn\u00fcn Birinde"},"content":{"rendered":"<p>Felsefe ilim bilmeden Bunlar\u0131n rehberli\u011fi olmadan D\u00fcnyaya g\u00f6z\u00fcn k\u00f6rd\u00fcr Yap\u0131lan amel fayda vermez   Yol bilirim d\u00fcr\u00fcstl\u00fckt\u00fcr Lokma bilirim helaldir Hayat bilirim naif soyludur Gaye bilirim ulvidir B\u00f6yle ol yoktur ondan k\u0131ymetlisi Ol ki selama dursun tabiat sana Amelin aynand\u0131r senin O ayna oldu\u011fun yerdir <\/p>\n","protected":false},"excerpt":{"rendered":"<p>Felsefe ilim bilmeden Bunlar\u0131n rehberli\u011fi olmadan D\u00fcnyaya g\u00f6z\u00fcn k\u00f6rd\u00fcr Yap\u0131lan amel fayda vermez Yol bilirim d\u00fcr\u00fcstl\u00fckt\u00fcr Lokma bilirim helaldir Hayat bilirim naif soyludur Gaye bilirim ulvidir<span class=\"excerpt-hellip\"> [\u2026]<\/span><\/p>\n","protected":false},"featured_media":0,"template":"","meta":{"_monsterinsights_skip_tracking":false,"_monsterinsights_sitenote_active":false,"_monsterinsights_sitenote_note":"","_monsterinsights_sitenote_category":0},"product_brand":[],"product_cat":[12291,12509],"product_tag":[],"class_list":{"0":"post-767305","1":"product","2":"type-product","3":"status-publish","5":"product_cat-edebiyat","6":"product_cat-siir","7":"pa_cilt-ciltsiz","8":"pa_tur-kitap","9":"pa_yayinevi-sinirsiz-kitap","10":"pa_yazar-sadik-almakca","12":"first","13":"instock","14":"sale","15":"shipping-taxable","16":"purchasable","17":"product-type-simple"},"_links":{"self":[{"href":"https:\/\/roveyayinevi.com.tr\/index.php\/wp-json\/wp\/v2\/product\/767305","targetHints":{"allow":["GET"]}}],"collection":[{"href":"https:\/\/roveyayinevi.com.tr\/index.php\/wp-json\/wp\/v2\/product"}],"about":[{"href":"https:\/\/roveyayinevi.com.tr\/index.php\/wp-json\/wp\/v2\/types\/product"}],"wp:attachment":[{"href":"https:\/\/roveyayinevi.com.tr\/index.php\/wp-json\/wp\/v2\/media?parent=767305"}],"wp:term":[{"taxonomy":"product_brand","embeddable":true,"href":"https:\/\/roveyayinevi.com.tr\/index.php\/wp-json\/wp\/v2\/product_brand?post=767305"},{"taxonomy":"product_cat","embeddable":true,"href":"https:\/\/roveyayinevi.com.tr\/index.php\/wp-json\/wp\/v2\/product_cat?post=767305"},{"taxonomy":"product_tag","embeddable":true,"href":"https:\/\/roveyayinevi.com.tr\/index.php\/wp-json\/wp\/v2\/product_tag?post=767305"}],"curies":[{"name":"wp","href":"https:\/\/api.w.org\/{rel}","templated":true}]}}