{"id":767304,"date":"2025-08-28T12:43:21","date_gmt":"2025-08-28T09:43:21","guid":{"rendered":"https:\/\/roveyayinevi.com.tr\/index.php\/urun\/makro-verilerle-turk-dunyasi-ve-secili-asya-ulkelerinin-iktisadi-kirilganlik-analizi\/"},"modified":"2026-04-15T03:33:19","modified_gmt":"2026-04-15T00:33:19","slug":"makro-verilerle-turk-dunyasi-ve-secili-asya-ulkelerinin-iktisadi-kirilganlik-analizi","status":"publish","type":"product","link":"https:\/\/roveyayinevi.com.tr\/index.php\/urun\/makro-verilerle-turk-dunyasi-ve-secili-asya-ulkelerinin-iktisadi-kirilganlik-analizi\/","title":{"rendered":"Makro Verilerle T\u00fcrk D\u00fcnyas\u0131 ve Se\u00e7ili Asya \u00dclkelerinin \u0130ktisadi K\u0131r\u0131lganl\u0131k Analizi"},"content":{"rendered":"<p>\u0130\u00e7indekiler :     B\u0130R\u0130NC\u0130 B\u00d6L\u00dcM KURAMSAL \u00c7ER\u00c7EVE VE L\u0130TERAT\u00dcR TARAMASI   \u0130K\u0130NC\u0130 B\u00d6L\u00dcM KIRILGANLIK KR\u0130TERLER\u0130 VE G\u00d6STERGELER\u0130   \u00dc\u00c7\u00dcNC\u00dc B\u00d6L\u00dcM Y\u00d6NTEM, ANAL\u0130Z VE BULGULAR <\/p>\n","protected":false},"excerpt":{"rendered":"<p>\u0130\u00e7indekiler : B\u0130R\u0130NC\u0130 B\u00d6L\u00dcM KURAMSAL \u00c7ER\u00c7EVE VE L\u0130TERAT\u00dcR TARAMASI \u0130K\u0130NC\u0130 B\u00d6L\u00dcM KIRILGANLIK KR\u0130TERLER\u0130 VE G\u00d6STERGELER\u0130 \u00dc\u00c7\u00dcNC\u00dc B\u00d6L\u00dcM Y\u00d6NTEM, ANAL\u0130Z VE BULGULAR<\/p>\n","protected":false},"featured_media":0,"template":"","meta":{"_monsterinsights_skip_tracking":false,"_monsterinsights_sitenote_active":false,"_monsterinsights_sitenote_note":"","_monsterinsights_sitenote_category":0},"product_brand":[],"product_cat":[13043],"product_tag":[],"class_list":{"0":"post-767304","1":"product","2":"type-product","3":"status-publish","5":"product_cat-ekonomi","6":"pa_cilt-ciltsiz","7":"pa_tur-kitap","8":"pa_yayinevi-gazi-kitabevi","9":"pa_yazar-hamit-ozman","11":"first","12":"instock","13":"sale","14":"shipping-taxable","15":"purchasable","16":"product-type-simple"},"_links":{"self":[{"href":"https:\/\/roveyayinevi.com.tr\/index.php\/wp-json\/wp\/v2\/product\/767304","targetHints":{"allow":["GET"]}}],"collection":[{"href":"https:\/\/roveyayinevi.com.tr\/index.php\/wp-json\/wp\/v2\/product"}],"about":[{"href":"https:\/\/roveyayinevi.com.tr\/index.php\/wp-json\/wp\/v2\/types\/product"}],"wp:attachment":[{"href":"https:\/\/roveyayinevi.com.tr\/index.php\/wp-json\/wp\/v2\/media?parent=767304"}],"wp:term":[{"taxonomy":"product_brand","embeddable":true,"href":"https:\/\/roveyayinevi.com.tr\/index.php\/wp-json\/wp\/v2\/product_brand?post=767304"},{"taxonomy":"product_cat","embeddable":true,"href":"https:\/\/roveyayinevi.com.tr\/index.php\/wp-json\/wp\/v2\/product_cat?post=767304"},{"taxonomy":"product_tag","embeddable":true,"href":"https:\/\/roveyayinevi.com.tr\/index.php\/wp-json\/wp\/v2\/product_tag?post=767304"}],"curies":[{"name":"wp","href":"https:\/\/api.w.org\/{rel}","templated":true}]}}