{"id":767303,"date":"2025-08-28T12:43:19","date_gmt":"2025-08-28T09:43:19","guid":{"rendered":"https:\/\/roveyayinevi.com.tr\/index.php\/urun\/sektorel-acidan-finansal-performans-ve-mali-analiz\/"},"modified":"2026-04-15T03:33:19","modified_gmt":"2026-04-15T00:33:19","slug":"sektorel-acidan-finansal-performans-ve-mali-analiz","status":"publish","type":"product","link":"https:\/\/roveyayinevi.com.tr\/index.php\/urun\/sektorel-acidan-finansal-performans-ve-mali-analiz\/","title":{"rendered":"Sekt\u00f6rel A\u00e7\u0131dan Finansal Performans ve Mali Analiz"},"content":{"rendered":"<p>\u0130\u00e7indekiler :   \u00b7         BORSA \u0130STANBUL&#8217;DA \u0130\u015eLEM G\u00d6REN TOPTAN VE PERAKENDE \u015e\u0130RKETLER\u0130N\u0130N F\u0130NANSAL PERFORMANSLARININ ORAN ANAL\u0130Z\u0130YLE \u00d6L\u00c7\u00dcLMES\u0130   \u00b7         YEREL Y\u00d6NET\u0130MLERDE MAL\u0130 ANAL\u0130Z: \u0130ZM\u0130R B\u00dcY\u00dcK\u015eEH\u0130R BELED\u0130YES\u0130 \u00d6RNE\u011e\u0130   \u00b7         B\u0130ST YILDIZ PAZAR\u2019DAK\u0130 MADENC\u0130L\u0130K \u0130\u015eLETMELER\u0130N\u0130N 2023 YILI MAL\u0130 PERFORMANSLARININ TOPSIS Y\u00d6NTEM\u0130 \u0130LE DE\u011eERLEND\u0130R\u0130LMES\u0130   \u00b7         S\u00dcRD\u00dcR\u00dcLEB\u0130L\u0130R REKABET PERSPEKT\u0130F\u0130NDEN \u00c7EVRE Y\u00d6NET\u0130M\u0130 UYGULAMALARI: KONAKLAMA \u0130\u015eLETMEC\u0130L\u0130\u011e\u0130 PERFORMANS DE\u011eERLEND\u0130RMES\u0130   \u00b7         THE IMPACT OF FINANCIAL PERFORMANCE OF COMPANIES IN THE WHOLESALE AND RETAIL SECTOR ON STOCK PRICES   \u00b7             \u00b7         COV\u0130D 19 PANDEM\u0130 D\u00d6NEM\u0130NDE TUR\u0130ZM SEKT\u00d6R\u00dcNDEK\u0130 \u0130\u015eLETMELER\u0130N F\u0130NANSAL PERFORMANSLARININ TOPS\u0130S Y\u00d6NTEM\u0130 \u0130LE ANAL\u0130Z\u0130   \u00b7         PERAKENDE SEKT\u00d6R\u00dcN\u00dcN F\u0130NANSAL PERFORMANSININ D\u0130KEY ANAL\u0130Z Y\u00d6NTEM\u0130 \u0130LE \u0130NCELENMES\u0130: \u00d6L\u00c7EK BAZINDA B\u0130R ARA\u015eTIRMA   \u00b7         BANKALARIN F\u0130NANSAL PERFORMANSININ F\u0130NANSAL VE F\u0130NANSAL OLMAYAN BEL\u0130RLEY\u0130C\u0130LER\u0130: \u00dcST ORTA GEL\u0130RL\u0130 \u00dcLKELER ARASI ANAL\u0130Z   \u00b7         TESTING THE FINANCIAL PERFORMANCE OF FIRMS LISTED ON THE BORSA ISTANBUL INDUSTRIAL INDEX USING THE FAMA-FRENCH THREE-FACTOR MODEL   \u00b7         CRADIS Y\u00d6NTEM\u0130 \u0130LE F\u0130NANSAL PERFORMANS \u00d6L\u00c7\u00dcM\u00dc: ULA\u015eTIRMA SEKT\u00d6R\u00dc UYGULAMASI   \u00b7         GAYR\u0130MENKUL YATIRIM ORTAKLIKLARININ PERFORMANSININ \u00c7OK KR\u0130TERL\u0130 KARAR VERME (\u00c7KKV) Y\u00d6NTEMLER\u0130 \u0130LE \u0130NCELENMES\u0130: CRITIC TEMELL\u0130 TOPSIS METODU \u0130LE B\u0130R UYGULAMA   \u00b7         BORSA \u0130STANBUL KOB\u0130 SANAY\u0130 ENDEKS\u0130NDE \u0130\u015eLEM G\u00d6REN \u0130\u015eLETMELER\u0130N F\u0130NANSAL PERFORMANSLARININ DUPONT ANAL\u0130Z TEKN\u0130\u011e\u0130 \u0130LE \u0130NCELENMES\u0130   \u00b7         BORSA ISTANBUL TELECOMMUNICATIONS SECTOR FINANCIAL ANALYSIS   \u00b7         T\u00dcRK\u0130YE\u2019DE S\u0130GORTACILIK SEKT\u00d6R\u00dcN\u00dcN F\u0130NANSAL PERFORMANSININ TOPSIS Y\u00d6NTEM\u0130 \u0130LE DE\u011eERLEND\u0130R\u0130LMES\u0130 <\/p>\n","protected":false},"excerpt":{"rendered":"<p>\u0130\u00e7indekiler : \u00b7 BORSA \u0130STANBUL&#8217;DA \u0130\u015eLEM G\u00d6REN TOPTAN VE PERAKENDE \u015e\u0130RKETLER\u0130N\u0130N F\u0130NANSAL PERFORMANSLARININ ORAN ANAL\u0130Z\u0130YLE \u00d6L\u00c7\u00dcLMES\u0130 \u00b7 YEREL Y\u00d6NET\u0130MLERDE MAL\u0130 ANAL\u0130Z: \u0130ZM\u0130R B\u00dcY\u00dcK\u015eEH\u0130R BELED\u0130YES\u0130 \u00d6RNE\u011e\u0130 \u00b7<span class=\"excerpt-hellip\"> [\u2026]<\/span><\/p>\n","protected":false},"featured_media":0,"template":"","meta":{"_monsterinsights_skip_tracking":false,"_monsterinsights_sitenote_active":false,"_monsterinsights_sitenote_note":"","_monsterinsights_sitenote_category":0},"product_brand":[],"product_cat":[13043],"product_tag":[],"class_list":{"0":"post-767303","1":"product","2":"type-product","3":"status-publish","5":"product_cat-ekonomi","6":"pa_cilt-ciltsiz","7":"pa_tur-kitap","8":"pa_yayinevi-gazi-kitabevi","9":"pa_yazar-kolektif","11":"first","12":"instock","13":"sale","14":"shipping-taxable","15":"purchasable","16":"product-type-simple"},"_links":{"self":[{"href":"https:\/\/roveyayinevi.com.tr\/index.php\/wp-json\/wp\/v2\/product\/767303","targetHints":{"allow":["GET"]}}],"collection":[{"href":"https:\/\/roveyayinevi.com.tr\/index.php\/wp-json\/wp\/v2\/product"}],"about":[{"href":"https:\/\/roveyayinevi.com.tr\/index.php\/wp-json\/wp\/v2\/types\/product"}],"wp:attachment":[{"href":"https:\/\/roveyayinevi.com.tr\/index.php\/wp-json\/wp\/v2\/media?parent=767303"}],"wp:term":[{"taxonomy":"product_brand","embeddable":true,"href":"https:\/\/roveyayinevi.com.tr\/index.php\/wp-json\/wp\/v2\/product_brand?post=767303"},{"taxonomy":"product_cat","embeddable":true,"href":"https:\/\/roveyayinevi.com.tr\/index.php\/wp-json\/wp\/v2\/product_cat?post=767303"},{"taxonomy":"product_tag","embeddable":true,"href":"https:\/\/roveyayinevi.com.tr\/index.php\/wp-json\/wp\/v2\/product_tag?post=767303"}],"curies":[{"name":"wp","href":"https:\/\/api.w.org\/{rel}","templated":true}]}}