{"id":767302,"date":"2025-08-28T12:43:18","date_gmt":"2025-08-28T09:43:18","guid":{"rendered":"https:\/\/roveyayinevi.com.tr\/index.php\/urun\/sosyolojik-acidan-spor\/"},"modified":"2026-04-15T03:33:19","modified_gmt":"2026-04-15T00:33:19","slug":"sosyolojik-acidan-spor","status":"publish","type":"product","link":"https:\/\/roveyayinevi.com.tr\/index.php\/urun\/sosyolojik-acidan-spor\/","title":{"rendered":"Sosyolojik A\u00e7\u0131dan Spor"},"content":{"rendered":"<p>\u0130\u00e7indekiler :   \u00b7         SOSYOLOJ\u0130N\u0130N TEMEL KAVRAMLARI \u00b7         SOSYOLOJ\u0130N\u0130N D\u0130\u011eER B\u0130L\u0130MLERLE \u0130L\u0130\u015eK\u0130S\u0130 \u00b7         STAR\u0130HSEL S\u00dcRE\u00c7 \u0130\u00c7ER\u0130S\u0130NDE SPORUN SOSYOLOJ\u0130K GEL\u0130\u015e\u0130M\u0130 \u00b7         A\u0130LE D\u0130NAM\u0130KLER\u0130 VE SPOR \u00b7         SOSYOLOJ\u0130 E\u011e\u0130T\u0130M VE SPOR \u00b7         SPORDA KADININ YER\u0130; SOSYOLOJ\u0130K PERSPEKT\u0130F \u00b7         SPOR VE S\u0130YASET: SOSYOLOJ\u0130K B\u0130R ANAL\u0130Z \u00b7         SPOR EKONOM\u0130S\u0130: K\u00dcRESEL B\u0130R G\u00dc\u00c7 OLARAK SPOR \u00b7         SPOR, ENGELL\u0130L\u0130K VE K\u0130ML\u0130K \u0130N\u015eASI: SOSYOLOJ\u0130K PERSPEKT\u0130FLER <\/p>\n","protected":false},"excerpt":{"rendered":"<p>\u0130\u00e7indekiler : \u00b7 SOSYOLOJ\u0130N\u0130N TEMEL KAVRAMLARI \u00b7 SOSYOLOJ\u0130N\u0130N D\u0130\u011eER B\u0130L\u0130MLERLE \u0130L\u0130\u015eK\u0130S\u0130 \u00b7 STAR\u0130HSEL S\u00dcRE\u00c7 \u0130\u00c7ER\u0130S\u0130NDE SPORUN SOSYOLOJ\u0130K GEL\u0130\u015e\u0130M\u0130 \u00b7 A\u0130LE D\u0130NAM\u0130KLER\u0130 VE SPOR \u00b7 SOSYOLOJ\u0130 E\u011e\u0130T\u0130M<span class=\"excerpt-hellip\"> [\u2026]<\/span><\/p>\n","protected":false},"featured_media":0,"template":"","meta":{"_monsterinsights_skip_tracking":false,"_monsterinsights_sitenote_active":false,"_monsterinsights_sitenote_note":"","_monsterinsights_sitenote_category":0},"product_brand":[],"product_cat":[15563,15564],"product_tag":[],"class_list":{"0":"post-767302","1":"product","2":"type-product","3":"status-publish","5":"product_cat-hobi","6":"product_cat-spor","7":"pa_cilt-ciltsiz","8":"pa_tur-kitap","9":"pa_yayinevi-gazi-kitabevi","10":"pa_yazar-kolektif","12":"first","13":"instock","14":"sale","15":"shipping-taxable","16":"purchasable","17":"product-type-simple"},"_links":{"self":[{"href":"https:\/\/roveyayinevi.com.tr\/index.php\/wp-json\/wp\/v2\/product\/767302","targetHints":{"allow":["GET"]}}],"collection":[{"href":"https:\/\/roveyayinevi.com.tr\/index.php\/wp-json\/wp\/v2\/product"}],"about":[{"href":"https:\/\/roveyayinevi.com.tr\/index.php\/wp-json\/wp\/v2\/types\/product"}],"wp:attachment":[{"href":"https:\/\/roveyayinevi.com.tr\/index.php\/wp-json\/wp\/v2\/media?parent=767302"}],"wp:term":[{"taxonomy":"product_brand","embeddable":true,"href":"https:\/\/roveyayinevi.com.tr\/index.php\/wp-json\/wp\/v2\/product_brand?post=767302"},{"taxonomy":"product_cat","embeddable":true,"href":"https:\/\/roveyayinevi.com.tr\/index.php\/wp-json\/wp\/v2\/product_cat?post=767302"},{"taxonomy":"product_tag","embeddable":true,"href":"https:\/\/roveyayinevi.com.tr\/index.php\/wp-json\/wp\/v2\/product_tag?post=767302"}],"curies":[{"name":"wp","href":"https:\/\/api.w.org\/{rel}","templated":true}]}}