{"id":767301,"date":"2025-08-28T12:43:16","date_gmt":"2025-08-28T09:43:16","guid":{"rendered":"https:\/\/roveyayinevi.com.tr\/index.php\/urun\/turkiyede-polislik-tarihsel-surec-rol-ve-yontemler\/"},"modified":"2026-04-15T03:33:19","modified_gmt":"2026-04-15T00:33:19","slug":"turkiyede-polislik-tarihsel-surec-rol-ve-yontemler","status":"publish","type":"product","link":"https:\/\/roveyayinevi.com.tr\/index.php\/urun\/turkiyede-polislik-tarihsel-surec-rol-ve-yontemler\/","title":{"rendered":"T\u00fcrkiye\u2019de Polis(Lik) Tarihsel S\u00fcre\u00e7, Rol Ve Y\u00f6ntemler"},"content":{"rendered":"<p>\u0130\u00e7indekiler :           1. KISIM TAR\u0130HSEL S\u00dcRE\u00c7TE T\u00dcRK\u0130YE\u2019DE POL\u0130S         2. KISIM T\u00dcRK\u0130YE\u2019DE POL\u0130S VE\u2026 <\/p>\n","protected":false},"excerpt":{"rendered":"<p>\u0130\u00e7indekiler : 1. KISIM TAR\u0130HSEL S\u00dcRE\u00c7TE T\u00dcRK\u0130YE\u2019DE POL\u0130S 2. KISIM T\u00dcRK\u0130YE\u2019DE POL\u0130S VE\u2026<\/p>\n","protected":false},"featured_media":0,"template":"","meta":{"_monsterinsights_skip_tracking":false,"_monsterinsights_sitenote_active":false,"_monsterinsights_sitenote_note":"","_monsterinsights_sitenote_category":0},"product_brand":[],"product_cat":[12304,13650],"product_tag":[],"class_list":{"0":"post-767301","1":"product","2":"type-product","3":"status-publish","5":"product_cat-tarih","6":"product_cat-turk-tarihi-arastirmalari","7":"pa_cilt-ciltsiz","8":"pa_tur-kitap","9":"pa_yayinevi-gazi-kitabevi","10":"pa_yazar-ozan-kavsiraci","12":"first","13":"instock","14":"sale","15":"shipping-taxable","16":"purchasable","17":"product-type-simple"},"_links":{"self":[{"href":"https:\/\/roveyayinevi.com.tr\/index.php\/wp-json\/wp\/v2\/product\/767301","targetHints":{"allow":["GET"]}}],"collection":[{"href":"https:\/\/roveyayinevi.com.tr\/index.php\/wp-json\/wp\/v2\/product"}],"about":[{"href":"https:\/\/roveyayinevi.com.tr\/index.php\/wp-json\/wp\/v2\/types\/product"}],"wp:attachment":[{"href":"https:\/\/roveyayinevi.com.tr\/index.php\/wp-json\/wp\/v2\/media?parent=767301"}],"wp:term":[{"taxonomy":"product_brand","embeddable":true,"href":"https:\/\/roveyayinevi.com.tr\/index.php\/wp-json\/wp\/v2\/product_brand?post=767301"},{"taxonomy":"product_cat","embeddable":true,"href":"https:\/\/roveyayinevi.com.tr\/index.php\/wp-json\/wp\/v2\/product_cat?post=767301"},{"taxonomy":"product_tag","embeddable":true,"href":"https:\/\/roveyayinevi.com.tr\/index.php\/wp-json\/wp\/v2\/product_tag?post=767301"}],"curies":[{"name":"wp","href":"https:\/\/api.w.org\/{rel}","templated":true}]}}