{"id":767300,"date":"2025-08-28T12:43:15","date_gmt":"2025-08-28T09:43:15","guid":{"rendered":"https:\/\/roveyayinevi.com.tr\/index.php\/urun\/fikirlerin-uzun-vadeli-tarihi\/"},"modified":"2026-04-15T03:32:52","modified_gmt":"2026-04-15T00:32:52","slug":"fikirlerin-uzun-vadeli-tarihi","status":"publish","type":"product","link":"https:\/\/roveyayinevi.com.tr\/index.php\/urun\/fikirlerin-uzun-vadeli-tarihi\/","title":{"rendered":"Fikirlerin Uzun Vadeli Tarihi"},"content":{"rendered":"<p>D\u00fc\u015f\u00fcnce tarihi en ba\u015f\u0131ndan itibaren hararetli tart\u0131\u015fmalara ve etkileri bug\u00fcn de devam eden entelekt\u00fcel m\u00fccadelelere sahne oldu. Bunun en temel nedeni bu alan\u0131n ele avuca s\u0131\u011fmaz konusuydu: fikirler. Bir fikir nedir? Fikirlerin s\u0131n\u0131rlar\u0131 nelerdir? Fikirlerin belirli geli\u015fim y\u00f6r\u00fcngeleri var m\u0131d\u0131r? D\u00f6n\u00fc\u015f\u00fcyorlar m\u0131 ve ge\u00e7mi\u015fe bakarak bu d\u00f6n\u00fc\u015f\u00fcmlerin izini s\u00fcrmek m\u00fcmk\u00fcn m\u00fc? Fikirlerin hayat\u0131, varl\u0131klar\u0131n\u0131 s\u00fcrd\u00fcrd\u00fckleri bir \u00e7evre, belirli bir \u00f6mr\u00fc var m\u0131? Tarih bu sorulara bir yan\u0131t verebilir mi ve nesnesi tart\u0131\u015fmal\u0131 bir d\u00fc\u015f\u00fcnce tarihi olanakl\u0131 m\u0131?   Tarihsel \u00e7\u00f6z\u00fcmlemeyi, ileti\u015fim kuramlar\u0131n\u0131 ve k\u00fclt\u00fcr ele\u015ftirisini bir araya getiren John Potts, bu kitapta bu gibi sorulara daha \u00f6nce verilmi\u015f yan\u0131tlar\u0131 da g\u00f6zden ge\u00e7irerek fikirlerin uzun vadede ak\u0131beti hakk\u0131nda yap\u0131lagelen tart\u0131\u015fmada yeni bir pencere a\u00e7\u0131yor. D\u00fc\u015f\u00fcnce tarihi metodolojisinin s\u00fcreklilik, s\u00fcreksizlik, kopu\u015f, ba\u015fkala\u015f\u0131m, \u00f6zde\u015flik, faillik, yap\u0131 gibi en tart\u0131\u015fmal\u0131 kavramlar\u0131n\u0131 \u201cuzun vadeli\u201d tarihsel bak\u0131\u015f\u0131n \u0131\u015f\u0131\u011f\u0131nda tekrar ele alarak d\u00fc\u015f\u00fcnce tarihini yeniden yap\u0131land\u0131rmaya giri\u015fiyor. Demokrasiden Olimipiyat Oyunlar\u0131\u2019na, karizma ve ilerleme fikirlerinden internet memlerine kadar uzanan bir \u00e7izgide ve Arthur Lovejoy, Fernand Braudel, Hayden White, Quentin Skinner, R. G. Collingwood, Gaston Bachelard ve Georges Canguilhem\u2019den Louis Althusser, Thomas Kuhn, Giorgio Agamben, Daniel Dennett ve Richard Dawkins\u2019e kadar uzanan d\u00fc\u015f\u00fcn\u00fcrler \u00fczerinden fikirlerin tarihsel \u201chayat\u0131na\u201d ve kendi ortamlar\u0131nda nas\u0131l anla\u015f\u0131lmalar\u0131 gerekti\u011fine farkl\u0131 bir \u0131\u015f\u0131k tutuyor.<\/p>\n","protected":false},"excerpt":{"rendered":"<p>D\u00fc\u015f\u00fcnce tarihi en ba\u015f\u0131ndan itibaren hararetli tart\u0131\u015fmalara ve etkileri bug\u00fcn de devam eden entelekt\u00fcel m\u00fccadelelere sahne oldu. Bunun en temel nedeni bu alan\u0131n ele avuca s\u0131\u011fmaz<span class=\"excerpt-hellip\"> [\u2026]<\/span><\/p>\n","protected":false},"featured_media":0,"template":"","meta":{"_monsterinsights_skip_tracking":false,"_monsterinsights_sitenote_active":false,"_monsterinsights_sitenote_note":"","_monsterinsights_sitenote_category":0},"product_brand":[],"product_cat":[12370,12304],"product_tag":[],"class_list":{"0":"post-767300","1":"product","2":"type-product","3":"status-publish","5":"product_cat-arastirma-inceleme","6":"product_cat-tarih","7":"pa_cilt-ciltsiz","8":"pa_tur-kitap","9":"pa_yayinevi-fol-kitap","10":"pa_yazar-john-potts","12":"first","13":"instock","14":"sale","15":"shipping-taxable","16":"purchasable","17":"product-type-simple"},"_links":{"self":[{"href":"https:\/\/roveyayinevi.com.tr\/index.php\/wp-json\/wp\/v2\/product\/767300","targetHints":{"allow":["GET"]}}],"collection":[{"href":"https:\/\/roveyayinevi.com.tr\/index.php\/wp-json\/wp\/v2\/product"}],"about":[{"href":"https:\/\/roveyayinevi.com.tr\/index.php\/wp-json\/wp\/v2\/types\/product"}],"wp:attachment":[{"href":"https:\/\/roveyayinevi.com.tr\/index.php\/wp-json\/wp\/v2\/media?parent=767300"}],"wp:term":[{"taxonomy":"product_brand","embeddable":true,"href":"https:\/\/roveyayinevi.com.tr\/index.php\/wp-json\/wp\/v2\/product_brand?post=767300"},{"taxonomy":"product_cat","embeddable":true,"href":"https:\/\/roveyayinevi.com.tr\/index.php\/wp-json\/wp\/v2\/product_cat?post=767300"},{"taxonomy":"product_tag","embeddable":true,"href":"https:\/\/roveyayinevi.com.tr\/index.php\/wp-json\/wp\/v2\/product_tag?post=767300"}],"curies":[{"name":"wp","href":"https:\/\/api.w.org\/{rel}","templated":true}]}}