{"id":767299,"date":"2025-08-28T12:43:13","date_gmt":"2025-08-28T09:43:13","guid":{"rendered":"https:\/\/roveyayinevi.com.tr\/index.php\/urun\/edebiyat-ve-mimarlik\/"},"modified":"2026-04-15T03:32:52","modified_gmt":"2026-04-15T00:32:52","slug":"edebiyat-ve-mimarlik","status":"publish","type":"product","link":"https:\/\/roveyayinevi.com.tr\/index.php\/urun\/edebiyat-ve-mimarlik\/","title":{"rendered":"Edebiyat ve Mimarl\u0131k"},"content":{"rendered":"<p>Edebiyat ve mimarl\u0131k\u2026 Biri kelimelerle \u015fekillenir, di\u011feri ise ta\u015f, tu\u011fla ve betonla. Fakat bu iki disiplinin aras\u0131ndaki ba\u011f, y\u00fczeyde g\u00f6r\u00fcnd\u00fc\u011f\u00fcnden \u00e7ok daha derindir. Elinizdeki kitap, edebiyat ve mimarl\u0131\u011f\u0131n tasar\u0131m s\u00fcre\u00e7lerindeki kesi\u015fim noktalar\u0131n\u0131, birbirlerinden nas\u0131l beslendiklerini ve yarat\u0131c\u0131l\u0131\u011f\u0131n iki farkl\u0131 yans\u0131mas\u0131n\u0131 g\u00f6zler \u00f6n\u00fcne seriyor. Mimarl\u0131k ve edebiyat\u0131n kesi\u015fiminde k\u0131ymetli \u00fcretimlere imza atan yazarlar, edebiyat ve mimarl\u0131k aras\u0131ndaki ili\u015fkiyi kendi perspektiflerinden bu \u00e7al\u0131\u015fmada ele al\u0131yor. Edebiyat\u0131n kurgu s\u00fcrecinde kent mimarisinden ilham al\u0131\u015f\u0131, bir roman\u0131n sokaklar\u0131nda dola\u015fan karakterlerin ad\u0131mlar\u0131yla \u015fekillenen \u015fehir tasvirleri&#8230; Ya da mimarlar\u0131n kurgusal metinlerden esinlenerek hayal ettikleri ve in\u015fa ettikleri kentler&#8230; Bu kar\u015f\u0131l\u0131kl\u0131 etkile\u015fim, hem sanat\u0131n hem de ya\u015fam\u0131n nas\u0131l tasarland\u0131\u011f\u0131n\u0131 yeniden d\u00fc\u015f\u00fcnmeye davet ediyor. Edebiyat ve mimarl\u0131k merakl\u0131lar\u0131 i\u00e7in bir ilham kayna\u011f\u0131 olan bu kitap, \u015fehirlerin ve hik\u00e2yelerin nas\u0131l \u00f6r\u00fcld\u00fc\u011f\u00fcne dair yeni bak\u0131\u015f a\u00e7\u0131lar\u0131 sunuyor. Tasar\u0131m\u0131n iki y\u00fcz\u00fcn\u00fc ke\u015ffetmek ve s\u0131n\u0131rlar\u0131n nas\u0131l bulan\u0131kla\u015ft\u0131\u011f\u0131n\u0131 g\u00f6rmek isteyenler i\u00e7in vazge\u00e7ilmez bir ba\u015fucu eseri.<\/p>\n","protected":false},"excerpt":{"rendered":"<p>Edebiyat ve mimarl\u0131k\u2026 Biri kelimelerle \u015fekillenir, di\u011feri ise ta\u015f, tu\u011fla ve betonla. Fakat bu iki disiplinin aras\u0131ndaki ba\u011f, y\u00fczeyde g\u00f6r\u00fcnd\u00fc\u011f\u00fcnden \u00e7ok daha derindir. Elinizdeki kitap, edebiyat<span class=\"excerpt-hellip\"> [\u2026]<\/span><\/p>\n","protected":false},"featured_media":0,"template":"","meta":{"_monsterinsights_skip_tracking":false,"_monsterinsights_sitenote_active":false,"_monsterinsights_sitenote_note":"","_monsterinsights_sitenote_category":0},"product_brand":[],"product_cat":[12291],"product_tag":[],"class_list":{"0":"post-767299","1":"product","2":"type-product","3":"status-publish","5":"product_cat-edebiyat","6":"pa_cilt-ciltsiz","7":"pa_tur-kitap","8":"pa_yayinevi-fol-kitap","9":"pa_yazar-celal-abdi-guzer","11":"first","12":"instock","13":"sale","14":"shipping-taxable","15":"purchasable","16":"product-type-simple"},"_links":{"self":[{"href":"https:\/\/roveyayinevi.com.tr\/index.php\/wp-json\/wp\/v2\/product\/767299","targetHints":{"allow":["GET"]}}],"collection":[{"href":"https:\/\/roveyayinevi.com.tr\/index.php\/wp-json\/wp\/v2\/product"}],"about":[{"href":"https:\/\/roveyayinevi.com.tr\/index.php\/wp-json\/wp\/v2\/types\/product"}],"wp:attachment":[{"href":"https:\/\/roveyayinevi.com.tr\/index.php\/wp-json\/wp\/v2\/media?parent=767299"}],"wp:term":[{"taxonomy":"product_brand","embeddable":true,"href":"https:\/\/roveyayinevi.com.tr\/index.php\/wp-json\/wp\/v2\/product_brand?post=767299"},{"taxonomy":"product_cat","embeddable":true,"href":"https:\/\/roveyayinevi.com.tr\/index.php\/wp-json\/wp\/v2\/product_cat?post=767299"},{"taxonomy":"product_tag","embeddable":true,"href":"https:\/\/roveyayinevi.com.tr\/index.php\/wp-json\/wp\/v2\/product_tag?post=767299"}],"curies":[{"name":"wp","href":"https:\/\/api.w.org\/{rel}","templated":true}]}}