{"id":767292,"date":"2025-08-28T12:42:59","date_gmt":"2025-08-28T09:42:59","guid":{"rendered":"https:\/\/roveyayinevi.com.tr\/index.php\/urun\/medalist-madalya-pesinde-3\/"},"modified":"2026-04-15T03:32:52","modified_gmt":"2026-04-15T00:32:52","slug":"medalist-madalya-pesinde-3","status":"publish","type":"product","link":"https:\/\/roveyayinevi.com.tr\/index.php\/urun\/medalist-madalya-pesinde-3\/","title":{"rendered":"Medalist \u2013 Madalya Pe\u015finde 3"},"content":{"rendered":"<p>\u0130nori ve Tsukasa&#8217;n\u0131n ilk b\u00fcy\u00fck yar\u0131\u015fmas\u0131, Bat\u0131 Japonya Turnuvas\u0131\u2026 Tsukasa&#8217;n\u0131n g\u00f6zlem yetene\u011fiyle iki t\u00fcr ikili atlay\u0131\u015f \u00f6\u011frenmek isteyen \u0130nori, yeni rakiplerle kar\u015f\u0131 kar\u015f\u0131ya gelecek! <\/p>\n","protected":false},"excerpt":{"rendered":"<p>\u0130nori ve Tsukasa&#8217;n\u0131n ilk b\u00fcy\u00fck yar\u0131\u015fmas\u0131, Bat\u0131 Japonya Turnuvas\u0131\u2026 Tsukasa&#8217;n\u0131n g\u00f6zlem yetene\u011fiyle iki t\u00fcr ikili atlay\u0131\u015f \u00f6\u011frenmek isteyen \u0130nori, yeni rakiplerle kar\u015f\u0131 kar\u015f\u0131ya gelecek!<\/p>\n","protected":false},"featured_media":0,"template":"","meta":{"_monsterinsights_skip_tracking":false,"_monsterinsights_sitenote_active":false,"_monsterinsights_sitenote_note":"","_monsterinsights_sitenote_category":0},"product_brand":[],"product_cat":[12416,12291],"product_tag":[],"class_list":{"0":"post-767292","1":"product","2":"type-product","3":"status-publish","5":"product_cat-cizgi-roman","6":"product_cat-edebiyat","7":"pa_cilt-ciltsiz","8":"pa_tur-kitap","9":"pa_yayinevi-akil-celen-kitaplar","10":"pa_yazar-tsurumaikada","12":"first","13":"instock","14":"sale","15":"shipping-taxable","16":"purchasable","17":"product-type-simple"},"_links":{"self":[{"href":"https:\/\/roveyayinevi.com.tr\/index.php\/wp-json\/wp\/v2\/product\/767292","targetHints":{"allow":["GET"]}}],"collection":[{"href":"https:\/\/roveyayinevi.com.tr\/index.php\/wp-json\/wp\/v2\/product"}],"about":[{"href":"https:\/\/roveyayinevi.com.tr\/index.php\/wp-json\/wp\/v2\/types\/product"}],"wp:attachment":[{"href":"https:\/\/roveyayinevi.com.tr\/index.php\/wp-json\/wp\/v2\/media?parent=767292"}],"wp:term":[{"taxonomy":"product_brand","embeddable":true,"href":"https:\/\/roveyayinevi.com.tr\/index.php\/wp-json\/wp\/v2\/product_brand?post=767292"},{"taxonomy":"product_cat","embeddable":true,"href":"https:\/\/roveyayinevi.com.tr\/index.php\/wp-json\/wp\/v2\/product_cat?post=767292"},{"taxonomy":"product_tag","embeddable":true,"href":"https:\/\/roveyayinevi.com.tr\/index.php\/wp-json\/wp\/v2\/product_tag?post=767292"}],"curies":[{"name":"wp","href":"https:\/\/api.w.org\/{rel}","templated":true}]}}