{"id":767290,"date":"2025-08-28T12:42:55","date_gmt":"2025-08-28T09:42:55","guid":{"rendered":"https:\/\/roveyayinevi.com.tr\/index.php\/urun\/guzel-kokulu-cicekler-zarafetle-acar-cilt-3\/"},"modified":"2026-04-15T03:32:52","modified_gmt":"2026-04-15T00:32:52","slug":"guzel-kokulu-cicekler-zarafetle-acar-cilt-3","status":"publish","type":"product","link":"https:\/\/roveyayinevi.com.tr\/index.php\/urun\/guzel-kokulu-cicekler-zarafetle-acar-cilt-3\/","title":{"rendered":"G\u00fczel Kokulu \u00c7i\u00e7ekler Zarafetle A\u00e7ar Cilt 3"},"content":{"rendered":"<p>Okullar\u0131 aras\u0131nda d\u00fc\u015fmanca bir rekabet olmas\u0131na ra\u011fmen Rintaro ve Kaoruko, birlikte vakit ge\u00e7irdik\u00e7e birbirlerinin yan\u0131nda kendilerini daha rahat hissetmeye ba\u015flarlar. Ancak aralar\u0131ndaki ba\u011f giderek g\u00fc\u00e7lense de, iki okul aras\u0131ndaki u\u00e7urum o kadar derindir ki Rintaro arkada\u015flar\u0131n\u0131n yan\u0131nda kendini \u00e7aresiz ve su\u00e7lu hisseder. Kaoruko&#8217;yla olan ili\u015fkisini gizlice s\u00fcrd\u00fcrmek arkada\u015flar\u0131yla aras\u0131na duvar \u00f6rmektedir. Rintaro bu duruma bir \u00e7\u00f6z\u00fcm bulma umuduyla Kaoruko ve arkada\u015f\u0131 Subaru&#8217;yu bulu\u015fmaya \u00e7a\u011f\u0131r\u0131r&#8230; <\/p>\n","protected":false},"excerpt":{"rendered":"<p>Okullar\u0131 aras\u0131nda d\u00fc\u015fmanca bir rekabet olmas\u0131na ra\u011fmen Rintaro ve Kaoruko, birlikte vakit ge\u00e7irdik\u00e7e birbirlerinin yan\u0131nda kendilerini daha rahat hissetmeye ba\u015flarlar. Ancak aralar\u0131ndaki ba\u011f giderek g\u00fc\u00e7lense de,<span class=\"excerpt-hellip\"> [\u2026]<\/span><\/p>\n","protected":false},"featured_media":0,"template":"","meta":{"_monsterinsights_skip_tracking":false,"_monsterinsights_sitenote_active":false,"_monsterinsights_sitenote_note":"","_monsterinsights_sitenote_category":0},"product_brand":[],"product_cat":[12416,12291],"product_tag":[],"class_list":{"0":"post-767290","1":"product","2":"type-product","3":"status-publish","5":"product_cat-cizgi-roman","6":"product_cat-edebiyat","7":"pa_cilt-ciltsiz","8":"pa_tur-kitap","9":"pa_yayinevi-akil-celen-kitaplar","10":"pa_yazar-saka-mikami","12":"first","13":"instock","14":"sale","15":"shipping-taxable","16":"purchasable","17":"product-type-simple"},"_links":{"self":[{"href":"https:\/\/roveyayinevi.com.tr\/index.php\/wp-json\/wp\/v2\/product\/767290","targetHints":{"allow":["GET"]}}],"collection":[{"href":"https:\/\/roveyayinevi.com.tr\/index.php\/wp-json\/wp\/v2\/product"}],"about":[{"href":"https:\/\/roveyayinevi.com.tr\/index.php\/wp-json\/wp\/v2\/types\/product"}],"wp:attachment":[{"href":"https:\/\/roveyayinevi.com.tr\/index.php\/wp-json\/wp\/v2\/media?parent=767290"}],"wp:term":[{"taxonomy":"product_brand","embeddable":true,"href":"https:\/\/roveyayinevi.com.tr\/index.php\/wp-json\/wp\/v2\/product_brand?post=767290"},{"taxonomy":"product_cat","embeddable":true,"href":"https:\/\/roveyayinevi.com.tr\/index.php\/wp-json\/wp\/v2\/product_cat?post=767290"},{"taxonomy":"product_tag","embeddable":true,"href":"https:\/\/roveyayinevi.com.tr\/index.php\/wp-json\/wp\/v2\/product_tag?post=767290"}],"curies":[{"name":"wp","href":"https:\/\/api.w.org\/{rel}","templated":true}]}}