{"id":767286,"date":"2025-08-28T12:42:46","date_gmt":"2025-08-28T09:42:46","guid":{"rendered":"https:\/\/roveyayinevi.com.tr\/index.php\/urun\/cagdas-yorumla-nasreddin-hoca\/"},"modified":"2026-04-15T03:32:52","modified_gmt":"2026-04-15T00:32:52","slug":"cagdas-yorumla-nasreddin-hoca","status":"publish","type":"product","link":"https:\/\/roveyayinevi.com.tr\/index.php\/urun\/cagdas-yorumla-nasreddin-hoca\/","title":{"rendered":"\u00c7a\u011fda\u015f Yorumla Nasreddin Hoca"},"content":{"rendered":"<p>\u00c7ocuk edebiyat\u0131n\u0131n g\u00fc\u00e7l\u00fc kalemi Erol B\u00fcy\u00fckmeri\u00e7, Nasreddin Hoca f\u0131kralar\u0131n\u0131 \u00e7a\u011fda\u015f bir yorumla okurlar\u0131 i\u00e7in bir araya getirdi. Nasreddin Hoca ile e\u015fe\u011finin t\u00fcrl\u00fc maceralar\u0131 bu kitapta sizi bekliyor. Neler yok ki bu maceralarda! Birlikte \u00e7\u0131kt\u0131klar\u0131 yolculuklar, g\u00f6le maya \u00e7alma u\u011fra\u015flar\u0131, sirkteki e\u011flenceleri\u2026 K\u0131vrak zek\u00e2s\u0131 ve d\u00fc\u015f\u00fcnd\u00fcren mizah anlay\u0131\u015f\u0131yla Nasreddin Hoca\u2019n\u0131n d\u00fcnyas\u0131nda bulu\u015fmak \u00fczere! \u201cBir gezgin Nasreddin Hoca Heybesinde bin bir f\u0131kra Dillerde nice zaman D\u00fcnyay\u0131 dola\u015f\u0131p duran G\u00fclmecede en \u00fcnl\u00fc F\u0131kralar\u0131 zek\u00e2 y\u00fckl\u00fc G\u00fcld\u00fcr\u00fcrken d\u00fc\u015f\u00fcnd\u00fcr\u00fcr Hem \u00f6ng\u00f6r\u00fcr hem uzg\u00f6r\u00fcr.\u201d<\/p>\n","protected":false},"excerpt":{"rendered":"<p>\u00c7ocuk edebiyat\u0131n\u0131n g\u00fc\u00e7l\u00fc kalemi Erol B\u00fcy\u00fckmeri\u00e7, Nasreddin Hoca f\u0131kralar\u0131n\u0131 \u00e7a\u011fda\u015f bir yorumla okurlar\u0131 i\u00e7in bir araya getirdi. Nasreddin Hoca ile e\u015fe\u011finin t\u00fcrl\u00fc maceralar\u0131 bu kitapta sizi<span class=\"excerpt-hellip\"> [\u2026]<\/span><\/p>\n","protected":false},"featured_media":0,"template":"","meta":{"_monsterinsights_skip_tracking":false,"_monsterinsights_sitenote_active":false,"_monsterinsights_sitenote_note":"","_monsterinsights_sitenote_category":0},"product_brand":[],"product_cat":[12291,103133],"product_tag":[],"class_list":{"0":"post-767286","1":"product","2":"type-product","3":"status-publish","5":"product_cat-edebiyat","6":"product_cat-fikra","7":"pa_cilt-ciltsiz","8":"pa_tur-kitap","9":"pa_yayinevi-everest-yayinlari","10":"pa_yazar-erol-buyukmeric","12":"first","13":"instock","14":"sale","15":"shipping-taxable","16":"purchasable","17":"product-type-simple"},"_links":{"self":[{"href":"https:\/\/roveyayinevi.com.tr\/index.php\/wp-json\/wp\/v2\/product\/767286","targetHints":{"allow":["GET"]}}],"collection":[{"href":"https:\/\/roveyayinevi.com.tr\/index.php\/wp-json\/wp\/v2\/product"}],"about":[{"href":"https:\/\/roveyayinevi.com.tr\/index.php\/wp-json\/wp\/v2\/types\/product"}],"wp:attachment":[{"href":"https:\/\/roveyayinevi.com.tr\/index.php\/wp-json\/wp\/v2\/media?parent=767286"}],"wp:term":[{"taxonomy":"product_brand","embeddable":true,"href":"https:\/\/roveyayinevi.com.tr\/index.php\/wp-json\/wp\/v2\/product_brand?post=767286"},{"taxonomy":"product_cat","embeddable":true,"href":"https:\/\/roveyayinevi.com.tr\/index.php\/wp-json\/wp\/v2\/product_cat?post=767286"},{"taxonomy":"product_tag","embeddable":true,"href":"https:\/\/roveyayinevi.com.tr\/index.php\/wp-json\/wp\/v2\/product_tag?post=767286"}],"curies":[{"name":"wp","href":"https:\/\/api.w.org\/{rel}","templated":true}]}}