{"id":767281,"date":"2025-08-28T12:42:38","date_gmt":"2025-08-28T09:42:38","guid":{"rendered":"https:\/\/roveyayinevi.com.tr\/index.php\/urun\/girisiminiz-kendiniz\/"},"modified":"2026-04-15T03:32:51","modified_gmt":"2026-04-15T00:32:51","slug":"girisiminiz-kendiniz","status":"publish","type":"product","link":"https:\/\/roveyayinevi.com.tr\/index.php\/urun\/girisiminiz-kendiniz\/","title":{"rendered":"Giri\u015fiminiz Kendiniz"},"content":{"rendered":"<p>Bir nesle kariyerlerini nas\u0131l d\u00f6n\u00fc\u015ft\u00fcreceklerini \u00f6\u011freten \u00e7\u0131\u011f\u0131r a\u00e7an 1 numaral\u0131 New York Times \u00e7ok satan\u0131; \u015fimdi g\u00f6zden ge\u00e7irilmi\u015f ve g\u00fcncellenmi\u015f bask\u0131s\u0131yla! Giri\u015fimci olmak asl\u0131nda bir i\u015f kurmakla ilgili de\u011fildir. Bu, d\u00fcnyaya bakman\u0131n bir yoludur: ba\u015fkalar\u0131n\u0131n engel g\u00f6rd\u00fc\u011f\u00fc yerde f\u0131rsat g\u00f6rmek, ba\u015fkalar\u0131n\u0131n s\u0131\u011f\u0131nd\u0131\u011f\u0131 yerde risk almak. Hangi kariyerde olursan\u0131z olun -ya da olmak istiyorsan\u0131z- Giri\u015fiminiz Kendiniz ba\u015far\u0131 i\u00e7in dersler i\u00e7eriyor.Michael Bloomberg, Bloomberg\u2019in kurucusu Hem kad\u0131n hem de erkek herkesin ba\u015far\u0131l\u0131 olmak i\u00e7in b\u00fcy\u00fck d\u00fc\u015f\u00fcnmesi gerekir. Bu kitap, kontrol\u00fc nas\u0131l ele alaca\u011f\u0131n\u0131z\u0131 ve ger\u00e7ek bir etkiye sahip olman\u0131z\u0131 sa\u011flayacak bir kariyeri nas\u0131l in\u015fa edece\u011finizi g\u00f6steren pratik bir kitapt\u0131r.Sheryl Sandberg Facebook\u2019un COO\u2019su ve yazar Bu son derece rekabet\u00e7i ekonomide nas\u0131l hayatta kal\u0131r ve ba\u015far\u0131l\u0131 olursunuz? Yepyeni bir giri\u015fimci zihniyete ve beceri setine ihtiyac\u0131n\u0131z var. Silikon Vadisi&#8217;nin en iyi \u00f6rneklerinden yararlanan Giri\u015fiminiz Kendiniz, mesle\u011finiz ne olursa olsun kariyerinizi h\u0131zland\u0131rman\u0131za ve gelece\u011finizi kontrol alt\u0131na alman\u0131za yard\u0131mc\u0131 oluyor. LinkedIn&#8217;in kurucu orta\u011f\u0131 Reid Hoffman ve risk sermayedar\u0131 Ben Casnocha, bu paha bi\u00e7ilmez kitapta g\u00fcn\u00fcm\u00fcz\u00fcn rekabet\u00e7i d\u00fcnyas\u0131nda kariyerinizi nas\u0131l h\u0131zland\u0131raca\u011f\u0131n\u0131z\u0131 g\u00f6steriyor. \u0130\u015fin p\u00fcf noktas\u0131, kariyerinizi bir startup i\u015fiymi\u015f gibi y\u00f6netmektir: Ya\u015fayan, nefes alan, b\u00fcy\u00fcyen bir startup. Neden mi? Startup&#8217;lar ve onlar\u0131 y\u00f6neten giri\u015fimciler \u00e7eviktir. Kendilerine yat\u0131r\u0131m yaparlar. Profesyonel a\u011flar\u0131n\u0131 kurarlar. Ak\u0131ll\u0131 riskler al\u0131rlar. Belirsizli\u011fi ve oynakl\u0131\u011f\u0131 kendi avantajlar\u0131na \u00e7evirirler. Bunlar bug\u00fcn profesyonellerin ilerlemek i\u00e7in ihtiya\u00e7 duyduklar\u0131 becerilerin ayn\u0131s\u0131d\u0131r. Hoffman ve Casnocha&#8217;n\u0131n bu rehberi ilk kez yay\u0131mlamas\u0131ndan bu yana ge\u00e7en on y\u0131lda kariyer ortam\u0131 \u00e7arp\u0131c\u0131 bi\u00e7imde de\u011fi\u015fti. Y\u00fcz binlerce insan\u0131n kariyerlerini d\u00f6n\u00fc\u015ft\u00fcrmelerine yard\u0131mc\u0131 olan \u00e7er\u00e7evelerin acil bir g\u00fcncellemesiyle, Giri\u015fiminiz Kendiniz\u2019in bu yeni bask\u0131s\u0131 size en cesur profesyonel hedeflerinize nas\u0131l ula\u015faca\u011f\u0131n\u0131z\u0131 \u00f6\u011fretecek.<\/p>\n","protected":false},"excerpt":{"rendered":"<p>Bir nesle kariyerlerini nas\u0131l d\u00f6n\u00fc\u015ft\u00fcreceklerini \u00f6\u011freten \u00e7\u0131\u011f\u0131r a\u00e7an 1 numaral\u0131 New York Times \u00e7ok satan\u0131; \u015fimdi g\u00f6zden ge\u00e7irilmi\u015f ve g\u00fcncellenmi\u015f bask\u0131s\u0131yla! Giri\u015fimci olmak asl\u0131nda bir i\u015f<span class=\"excerpt-hellip\"> [\u2026]<\/span><\/p>\n","protected":false},"featured_media":0,"template":"","meta":{"_monsterinsights_skip_tracking":false,"_monsterinsights_sitenote_active":false,"_monsterinsights_sitenote_note":"","_monsterinsights_sitenote_category":0},"product_brand":[],"product_cat":[13043,17647],"product_tag":[],"class_list":{"0":"post-767281","1":"product","2":"type-product","3":"status-publish","5":"product_cat-ekonomi","6":"product_cat-is-dunyasi","7":"pa_cilt-ciltsiz","8":"pa_tur-kitap","9":"pa_yayinevi-okuyan-us-yayin","10":"pa_yazar-reid-hoffman-ben-casnocha","12":"first","13":"instock","14":"sale","15":"shipping-taxable","16":"purchasable","17":"product-type-simple"},"_links":{"self":[{"href":"https:\/\/roveyayinevi.com.tr\/index.php\/wp-json\/wp\/v2\/product\/767281","targetHints":{"allow":["GET"]}}],"collection":[{"href":"https:\/\/roveyayinevi.com.tr\/index.php\/wp-json\/wp\/v2\/product"}],"about":[{"href":"https:\/\/roveyayinevi.com.tr\/index.php\/wp-json\/wp\/v2\/types\/product"}],"wp:attachment":[{"href":"https:\/\/roveyayinevi.com.tr\/index.php\/wp-json\/wp\/v2\/media?parent=767281"}],"wp:term":[{"taxonomy":"product_brand","embeddable":true,"href":"https:\/\/roveyayinevi.com.tr\/index.php\/wp-json\/wp\/v2\/product_brand?post=767281"},{"taxonomy":"product_cat","embeddable":true,"href":"https:\/\/roveyayinevi.com.tr\/index.php\/wp-json\/wp\/v2\/product_cat?post=767281"},{"taxonomy":"product_tag","embeddable":true,"href":"https:\/\/roveyayinevi.com.tr\/index.php\/wp-json\/wp\/v2\/product_tag?post=767281"}],"curies":[{"name":"wp","href":"https:\/\/api.w.org\/{rel}","templated":true}]}}