{"id":767279,"date":"2025-08-28T12:42:34","date_gmt":"2025-08-28T09:42:34","guid":{"rendered":"https:\/\/roveyayinevi.com.tr\/index.php\/urun\/pagan-antik-cagda-ateizm\/"},"modified":"2026-04-15T03:32:51","modified_gmt":"2026-04-15T00:32:51","slug":"pagan-antik-cagda-ateizm","status":"publish","type":"product","link":"https:\/\/roveyayinevi.com.tr\/index.php\/urun\/pagan-antik-cagda-ateizm\/","title":{"rendered":"Pagan Antik \u00c7a\u011f\u2019da Ateizm"},"content":{"rendered":"<p>Drachmann\u2019\u0131n bu eseri, nispeten modern bir kavram gibi g\u00f6r\u00fcnen ateizmi antik Yunan ve Roma medeniyetlerine mensup d\u00fc\u015f\u00fcn\u00fcrlerin fikriyat\u0131 e\u015fli\u011finde ele almaktad\u0131r. Drachmann genel olarak felsefenin, \u00f6zel olarak ise din felsefesinin \u00f6nemli bir problemini te\u015fkil eden ateizmi salt felsefi bir yakla\u015f\u0131mla irdelemek amac\u0131nda de\u011fildir. Nitekim, eserde yer verilen tart\u0131\u015fmalar ba\u015fta dinler tarihi olmak \u00fczere, klasik filoloji, sosyoloji ve hukuk gibi farkl\u0131 disiplinlerin \u00e7al\u0131\u015fma alanlar\u0131yla da ba\u011flant\u0131l\u0131 olarak y\u00fcr\u00fct\u00fclmektedir. Bununla birlikte, irdelenen d\u00fc\u015f\u00fcn\u00fcrler b\u00fcy\u00fck oranda filozof oldu\u011fu i\u00e7in, eser bir felsefe tarihi \u00e7al\u0131\u015fmas\u0131 olarak de\u011ferlendirilmeyi pek\u00e2l\u00e2 hak etmektedir.<\/p>\n","protected":false},"excerpt":{"rendered":"<p>Drachmann\u2019\u0131n bu eseri, nispeten modern bir kavram gibi g\u00f6r\u00fcnen ateizmi antik Yunan ve Roma medeniyetlerine mensup d\u00fc\u015f\u00fcn\u00fcrlerin fikriyat\u0131 e\u015fli\u011finde ele almaktad\u0131r. Drachmann genel olarak felsefenin, \u00f6zel<span class=\"excerpt-hellip\"> [\u2026]<\/span><\/p>\n","protected":false},"featured_media":0,"template":"","meta":{"_monsterinsights_skip_tracking":false,"_monsterinsights_sitenote_active":false,"_monsterinsights_sitenote_note":"","_monsterinsights_sitenote_category":0},"product_brand":[],"product_cat":[16038,12388],"product_tag":[],"class_list":{"0":"post-767279","1":"product","2":"type-product","3":"status-publish","5":"product_cat-arastirma-inceleme-referans-felsefe","6":"product_cat-felsefe","7":"pa_cilt-ciltsiz","8":"pa_tur-kitap","9":"pa_yayinevi-vulgus-yayinlari","10":"pa_yazar-a-b-drachmann","12":"first","13":"instock","14":"sale","15":"shipping-taxable","16":"purchasable","17":"product-type-simple"},"_links":{"self":[{"href":"https:\/\/roveyayinevi.com.tr\/index.php\/wp-json\/wp\/v2\/product\/767279","targetHints":{"allow":["GET"]}}],"collection":[{"href":"https:\/\/roveyayinevi.com.tr\/index.php\/wp-json\/wp\/v2\/product"}],"about":[{"href":"https:\/\/roveyayinevi.com.tr\/index.php\/wp-json\/wp\/v2\/types\/product"}],"wp:attachment":[{"href":"https:\/\/roveyayinevi.com.tr\/index.php\/wp-json\/wp\/v2\/media?parent=767279"}],"wp:term":[{"taxonomy":"product_brand","embeddable":true,"href":"https:\/\/roveyayinevi.com.tr\/index.php\/wp-json\/wp\/v2\/product_brand?post=767279"},{"taxonomy":"product_cat","embeddable":true,"href":"https:\/\/roveyayinevi.com.tr\/index.php\/wp-json\/wp\/v2\/product_cat?post=767279"},{"taxonomy":"product_tag","embeddable":true,"href":"https:\/\/roveyayinevi.com.tr\/index.php\/wp-json\/wp\/v2\/product_tag?post=767279"}],"curies":[{"name":"wp","href":"https:\/\/api.w.org\/{rel}","templated":true}]}}